{"id":5,"date":"2014-09-03T19:03:07","date_gmt":"2014-09-03T19:03:07","guid":{"rendered":"http:\/\/tume.fi\/joulupukki\/?page_id=5"},"modified":"2025-11-18T09:54:51","modified_gmt":"2025-11-18T09:54:51","slug":"joulupukki","status":"publish","type":"page","link":"https:\/\/tume.fi\/joulupukki\/joulupukki\/","title":{"rendered":"Joulupukki"},"content":{"rendered":"\n<h3 class=\"wp-block-heading\">Joulupukkimme<\/h3>\n\n\n<div class=\"wp-block-image alignright size-large is-resized is-style-default\">\n<figure class=\"size-medium\"><a href=\"https:\/\/tume.fi\/joulupukki\/wp-content\/uploads\/2022\/10\/IMG_20220224_105433-scaled.jpg\" target=\"_blank\" rel=\"noreferrer noopener\"><img loading=\"lazy\" decoding=\"async\" width=\"300\" height=\"225\" src=\"https:\/\/tume.fi\/joulupukki\/wp-content\/uploads\/2022\/10\/IMG_20220224_105433-300x225.jpg\" alt=\"\" class=\"wp-image-655\" srcset=\"https:\/\/tume.fi\/joulupukki\/wp-content\/uploads\/2022\/10\/IMG_20220224_105433-300x225.jpg 300w, https:\/\/tume.fi\/joulupukki\/wp-content\/uploads\/2022\/10\/IMG_20220224_105433-1024x768.jpg 1024w, https:\/\/tume.fi\/joulupukki\/wp-content\/uploads\/2022\/10\/IMG_20220224_105433-768x576.jpg 768w, https:\/\/tume.fi\/joulupukki\/wp-content\/uploads\/2022\/10\/IMG_20220224_105433-1536x1152.jpg 1536w, https:\/\/tume.fi\/joulupukki\/wp-content\/uploads\/2022\/10\/IMG_20220224_105433-2048x1536.jpg 2048w\" sizes=\"auto, (max-width: 300px) 100vw, 300px\" \/><\/a><figcaption>Turun Mets\u00e4nk\u00e4vij\u00f6iden Joulupukki<\/figcaption><\/figure><\/div>\n\n\n<p>Turun Mets\u00e4nk\u00e4vij\u00f6iden perinteinen Joulupukki on ollut Turun alueen perheiden aaton kohokohta jo 90 vuoden ajan.<\/p>\n\n\n\n<p>Varmista ett\u00e4 Joulupukki saapuu kotiisi t\u00e4n\u00e4kin jouluna. T\u00e4yt\u00e4 varauslomake netiss\u00e4 tai soita toimistoomme p\u00e4ivystysaikana, ja varaa pukin vierailu.<\/p>\n\n\n\n<p>Joulupukin vierailu kest\u00e4\u00e4 noin kymmenen minuuttia ja maksaa 70\u20ac.<\/p>\n\n\n\n<p>Joulupukkimme kiert\u00e4v\u00e4t jouluaattona Turussa ja Kaarinassa. Tilaamalla meilt\u00e4 saat luotettavan pukin ja tuet samalla Turkulaista partiotoimintaa.<\/p>\n\n\n\n<h3 class=\"wp-block-heading\">Se oikea Joulupukki<\/h3>\n\n\n\n<p>Jokaisella on oma mielikuvansa siit\u00e4 oikeasta Joulupukista. Turun Mets\u00e4nk\u00e4vij\u00f6ilt\u00e4 pukin vierailun tilatessanne voitte olla kuitenkin varma, ett\u00e4 kotiinne saapuu seuraavat ehdot t\u00e4ytt\u00e4v\u00e4 punanuttu: pukkimme ovat pulleita, punaposkisia, tuuheapartaisia ja puheliaita ja jokaisella on puinen keppi, johon tukeutua.<\/p>\n\n\n\n<p>Vierailun aikana pukki huomioi jokaisen l\u00e4sn\u00e4olijan ja varsinkin lapset. Pukki jakaa mielell\u00e4\u00e4n lahjan kaikille paikalla oleville ja saattaapa Joulupukki intoutua laulattamaan tai leikitt\u00e4m\u00e4\u00e4nkin talon asukkaita.<\/p>\n\n\n\n<h3 class=\"wp-block-heading\" id=\"pikkujoulupukki\">Pikkujoulupukki<\/h3>\n\n\n\n<p>Turun Mets\u00e4nk\u00e4vij\u00e4t tarjoaa pukkeja vierailemaan my\u00f6s pikkujouluihin ja marketteihin. Pikkujoulupukin saa halutessaan tontun kera. Tiedustelut s\u00e4hk\u00f6postitse osoitteeseen joulupukki@tume.fi.<\/p>\n\n\n\n<p>Aattoillan varaukset ainoastaan puhelimitse tai ennakkovarauslomakkeen kautta.<\/p>\n\n\n\n<h3 class=\"wp-block-heading\" id=\"piirit\">Joulupukkien piirit<\/h3>\n\n\n\n<p>Jouluaattona pukkimme kiert\u00e4v\u00e4t alla n\u00e4kyvill\u00e4 alueilla. Joulupukkiemme ydinalueita ovat mm. Turun ja Kaarinan keskustat, Hirvensalo, Littoinen sek\u00e4 Piispanristi. Rajatapauksissa t\u00e4ytt\u00e4k\u00e4\u00e4 rohkeasti varauslomake, tai soittakaa puhelinp\u00e4ivystykseemme, niin tarkastamme, onko pukkimme vierailu luoksenne mahdollista. Mik\u00e4li asutte toiminta-alueemme reunoilla, esimerkiksi Kakskerrassa, niin suosittelemme kysym\u00e4\u00e4n my\u00f6s naapureilta, ovatko he tilaamassa pukkia, ja pohtimaan yhdess\u00e4 mihin aikaan haluaisitte vierailun.<\/p>\n\n\n\n<p>&nbsp;<\/p>\n\n\n<div id=\"wpgmza_map\" class=\"wpgmza_map\" data-settings='{\"id\":\"1\",\"map_title\":\"Pukkien toiminta-alue\",\"map_width\":\"100\",\"map_height\":\"600\",\"map_start_lat\":\"60.426599\",\"map_start_lng\":\"22.340086\",\"map_start_location\":\"60.426599,22.340086\",\"map_start_zoom\":\"11\",\"default_marker\":\"0\",\"type\":\"1\",\"alignment\":\"2\",\"directions_enabled\":\"1\",\"styling_enabled\":\"0\",\"styling_json\":\"\",\"active\":\"0\",\"kml\":\"\",\"bicycle\":\"0\",\"traffic\":\"0\",\"dbox\":\"1\",\"dbox_width\":\"100\",\"listmarkers\":\"0\",\"listmarkers_advanced\":\"0\",\"filterbycat\":\"0\",\"ugm_enabled\":\"0\",\"ugm_category_enabled\":\"0\",\"fusion\":\"\",\"map_width_type\":\"\\\\%\",\"map_height_type\":\"px\",\"mass_marker_support\":\"1\",\"ugm_access\":\"0\",\"order_markers_by\":\"1\",\"order_markers_choice\":\"2\",\"show_user_location\":\"0\",\"default_to\":\"\",\"other_settings\":{\"store_locator_enabled\":2,\"store_locator_distance\":2,\"store_locator_default_radius\":10,\"store_locator_not_found_message\":\"No results found in this location. Please try again.\",\"store_locator_bounce\":1,\"store_locator_query_string\":\"ZIP \\\/ Address:\",\"store_locator_default_address\":\"\",\"wpgmza_store_locator_restrict\":\"\",\"wpgmza_store_locator_radius_style\":\"modern\",\"map_max_zoom\":\"1\",\"transport_layer\":0,\"wpgmza_theme_data\":\"[\\\"visibility\\\", \\\"invert_lightness\\\", \\\"color\\\", \\\"weight\\\", \\\"hue\\\", \\\"saturation\\\", \\\"lightness\\\", \\\"gamma\\\"]\",\"wpgmza_show_points_of_interest\":1,\"wpgmza_auto_night\":0}}' data-map-id='1' Data-maps-engine='google-maps' data-shortcode-attributes='{\"id\":\"1\"}' style=\"display:block; overflow:auto; width:100%; height:600px; float:left;\"><\/div>\n","protected":false},"excerpt":{"rendered":"<p>Turun Mets\u00e4nk\u00e4vij\u00f6iden perinteinen Joulupukki on ollut Turun alueen perheiden aaton kohokohta jo 90 vuoden ajan.<\/p>\n<p>Varmista ett\u00e4 Joulupukki saapuu kotiisi t\u00e4n\u00e4kin jouluna. T\u00e4yt\u00e4 varauslomakkeemme netiss\u00e4 tai soita toimistoomme p\u00e4ivystysaikana ja varaa pukin vierailu.<\/p>\n<p>Tilaamalla meilt\u00e4 saat luotettavan pukin ja tuet samalla Turkulaista partiotoimintaa.<\/p>\n","protected":false},"author":1,"featured_media":0,"parent":0,"menu_order":0,"comment_status":"closed","ping_status":"open","template":"","meta":{"footnotes":""},"class_list":["post-5","page","type-page","status-publish","hentry"],"yoast_head":"<!-- This site is optimized with the Yoast SEO plugin v26.4-RC2 - https:\/\/yoast.com\/wordpress\/plugins\/seo\/ -->\n<title>Joulupukki | Turun Mets\u00e4nk\u00e4vij\u00e4in Joulupukkitoimisto<\/title>\n<meta name=\"description\" content=\"Turun Mets\u00e4nk\u00e4vij\u00f6iden perinteinen Joulupukki on ollut perheiden aaton kohokohta jo vuodesta 1932. Varmista Joulupukin vierailu kotonasi. Tilaa Heti!\" \/>\n<meta name=\"robots\" content=\"index, follow, max-snippet:-1, max-image-preview:large, max-video-preview:-1\" \/>\n<link rel=\"canonical\" href=\"https:\/\/tume.fi\/joulupukki\/joulupukki\/\" \/>\n<meta property=\"og:locale\" content=\"en_US\" \/>\n<meta property=\"og:type\" content=\"article\" \/>\n<meta property=\"og:title\" content=\"Joulupukki | Turun Mets\u00e4nk\u00e4vij\u00e4in Joulupukkitoimisto\" \/>\n<meta property=\"og:description\" content=\"Turun Mets\u00e4nk\u00e4vij\u00f6iden perinteinen Joulupukki on ollut perheiden aaton kohokohta jo vuodesta 1932. Varmista Joulupukin vierailu kotonasi. Tilaa Heti!\" \/>\n<meta property=\"og:url\" content=\"https:\/\/tume.fi\/joulupukki\/joulupukki\/\" \/>\n<meta property=\"og:site_name\" content=\"Turun Mets\u00e4nk\u00e4vij\u00e4in Joulupukkitoimisto\" \/>\n<meta property=\"article:modified_time\" content=\"2025-11-18T09:54:51+00:00\" \/>\n<meta property=\"og:image\" content=\"https:\/\/tume.fi\/joulupukki\/wp-content\/uploads\/2022\/10\/IMG_20220224_105433-300x225.jpg\" \/>\n<meta name=\"twitter:label1\" content=\"Est. reading time\" \/>\n\t<meta name=\"twitter:data1\" content=\"2 minutes\" \/>\n<script type=\"application\/ld+json\" class=\"yoast-schema-graph\">{\"@context\":\"https:\/\/schema.org\",\"@graph\":[{\"@type\":\"WebPage\",\"@id\":\"https:\/\/tume.fi\/joulupukki\/joulupukki\/\",\"url\":\"https:\/\/tume.fi\/joulupukki\/joulupukki\/\",\"name\":\"Joulupukki | Turun Mets\u00e4nk\u00e4vij\u00e4in Joulupukkitoimisto\",\"isPartOf\":{\"@id\":\"https:\/\/tume.fi\/joulupukki\/#website\"},\"primaryImageOfPage\":{\"@id\":\"https:\/\/tume.fi\/joulupukki\/joulupukki\/#primaryimage\"},\"image\":{\"@id\":\"https:\/\/tume.fi\/joulupukki\/joulupukki\/#primaryimage\"},\"thumbnailUrl\":\"https:\/\/tume.fi\/joulupukki\/wp-content\/uploads\/2022\/10\/IMG_20220224_105433-300x225.jpg\",\"datePublished\":\"2014-09-03T19:03:07+00:00\",\"dateModified\":\"2025-11-18T09:54:51+00:00\",\"description\":\"Turun Mets\u00e4nk\u00e4vij\u00f6iden perinteinen Joulupukki on ollut perheiden aaton kohokohta jo vuodesta 1932. Varmista Joulupukin vierailu kotonasi. Tilaa Heti!\",\"breadcrumb\":{\"@id\":\"https:\/\/tume.fi\/joulupukki\/joulupukki\/#breadcrumb\"},\"inLanguage\":\"en-US\",\"potentialAction\":[{\"@type\":\"ReadAction\",\"target\":[\"https:\/\/tume.fi\/joulupukki\/joulupukki\/\"]}]},{\"@type\":\"ImageObject\",\"inLanguage\":\"en-US\",\"@id\":\"https:\/\/tume.fi\/joulupukki\/joulupukki\/#primaryimage\",\"url\":\"https:\/\/tume.fi\/joulupukki\/wp-content\/uploads\/2022\/10\/IMG_20220224_105433-scaled.jpg\",\"contentUrl\":\"https:\/\/tume.fi\/joulupukki\/wp-content\/uploads\/2022\/10\/IMG_20220224_105433-scaled.jpg\",\"width\":2560,\"height\":1920},{\"@type\":\"BreadcrumbList\",\"@id\":\"https:\/\/tume.fi\/joulupukki\/joulupukki\/#breadcrumb\",\"itemListElement\":[{\"@type\":\"ListItem\",\"position\":1,\"name\":\"Home\",\"item\":\"https:\/\/tume.fi\/joulupukki\/\"},{\"@type\":\"ListItem\",\"position\":2,\"name\":\"Joulupukki\"}]},{\"@type\":\"WebSite\",\"@id\":\"https:\/\/tume.fi\/joulupukki\/#website\",\"url\":\"https:\/\/tume.fi\/joulupukki\/\",\"name\":\"Turun Mets\u00e4nk\u00e4vij\u00e4in Joulupukkitoimisto\",\"description\":\"Partiolaisten joulupukkipalvelua vuodesta 1932\",\"publisher\":{\"@id\":\"https:\/\/tume.fi\/joulupukki\/#organization\"},\"potentialAction\":[{\"@type\":\"SearchAction\",\"target\":{\"@type\":\"EntryPoint\",\"urlTemplate\":\"https:\/\/tume.fi\/joulupukki\/?s={search_term_string}\"},\"query-input\":{\"@type\":\"PropertyValueSpecification\",\"valueRequired\":true,\"valueName\":\"search_term_string\"}}],\"inLanguage\":\"en-US\"},{\"@type\":\"Organization\",\"@id\":\"https:\/\/tume.fi\/joulupukki\/#organization\",\"name\":\"Turun Mets\u00e4nk\u00e4vij\u00e4in Joulupukkitoimisto\",\"url\":\"https:\/\/tume.fi\/joulupukki\/\",\"logo\":{\"@type\":\"ImageObject\",\"inLanguage\":\"en-US\",\"@id\":\"https:\/\/tume.fi\/joulupukki\/#\/schema\/logo\/image\/\",\"url\":\"https:\/\/tume.fi\/joulupukki\/wp-content\/uploads\/2020\/08\/cropped-pukkitoimiston-logo_512-1.png\",\"contentUrl\":\"https:\/\/tume.fi\/joulupukki\/wp-content\/uploads\/2020\/08\/cropped-pukkitoimiston-logo_512-1.png\",\"width\":290,\"height\":290,\"caption\":\"Turun Mets\u00e4nk\u00e4vij\u00e4in Joulupukkitoimisto\"},\"image\":{\"@id\":\"https:\/\/tume.fi\/joulupukki\/#\/schema\/logo\/image\/\"}}]}<\/script>\n<!-- \/ Yoast SEO plugin. -->","yoast_head_json":{"title":"Joulupukki | Turun Mets\u00e4nk\u00e4vij\u00e4in Joulupukkitoimisto","description":"Turun Mets\u00e4nk\u00e4vij\u00f6iden perinteinen Joulupukki on ollut perheiden aaton kohokohta jo vuodesta 1932. Varmista Joulupukin vierailu kotonasi. Tilaa Heti!","robots":{"index":"index","follow":"follow","max-snippet":"max-snippet:-1","max-image-preview":"max-image-preview:large","max-video-preview":"max-video-preview:-1"},"canonical":"https:\/\/tume.fi\/joulupukki\/joulupukki\/","og_locale":"en_US","og_type":"article","og_title":"Joulupukki | Turun Mets\u00e4nk\u00e4vij\u00e4in Joulupukkitoimisto","og_description":"Turun Mets\u00e4nk\u00e4vij\u00f6iden perinteinen Joulupukki on ollut perheiden aaton kohokohta jo vuodesta 1932. Varmista Joulupukin vierailu kotonasi. Tilaa Heti!","og_url":"https:\/\/tume.fi\/joulupukki\/joulupukki\/","og_site_name":"Turun Mets\u00e4nk\u00e4vij\u00e4in Joulupukkitoimisto","article_modified_time":"2025-11-18T09:54:51+00:00","og_image":[{"url":"https:\/\/tume.fi\/joulupukki\/wp-content\/uploads\/2022\/10\/IMG_20220224_105433-300x225.jpg","type":"","width":"","height":""}],"twitter_misc":{"Est. reading time":"2 minutes"},"schema":{"@context":"https:\/\/schema.org","@graph":[{"@type":"WebPage","@id":"https:\/\/tume.fi\/joulupukki\/joulupukki\/","url":"https:\/\/tume.fi\/joulupukki\/joulupukki\/","name":"Joulupukki | Turun Mets\u00e4nk\u00e4vij\u00e4in Joulupukkitoimisto","isPartOf":{"@id":"https:\/\/tume.fi\/joulupukki\/#website"},"primaryImageOfPage":{"@id":"https:\/\/tume.fi\/joulupukki\/joulupukki\/#primaryimage"},"image":{"@id":"https:\/\/tume.fi\/joulupukki\/joulupukki\/#primaryimage"},"thumbnailUrl":"https:\/\/tume.fi\/joulupukki\/wp-content\/uploads\/2022\/10\/IMG_20220224_105433-300x225.jpg","datePublished":"2014-09-03T19:03:07+00:00","dateModified":"2025-11-18T09:54:51+00:00","description":"Turun Mets\u00e4nk\u00e4vij\u00f6iden perinteinen Joulupukki on ollut perheiden aaton kohokohta jo vuodesta 1932. Varmista Joulupukin vierailu kotonasi. Tilaa Heti!","breadcrumb":{"@id":"https:\/\/tume.fi\/joulupukki\/joulupukki\/#breadcrumb"},"inLanguage":"en-US","potentialAction":[{"@type":"ReadAction","target":["https:\/\/tume.fi\/joulupukki\/joulupukki\/"]}]},{"@type":"ImageObject","inLanguage":"en-US","@id":"https:\/\/tume.fi\/joulupukki\/joulupukki\/#primaryimage","url":"https:\/\/tume.fi\/joulupukki\/wp-content\/uploads\/2022\/10\/IMG_20220224_105433-scaled.jpg","contentUrl":"https:\/\/tume.fi\/joulupukki\/wp-content\/uploads\/2022\/10\/IMG_20220224_105433-scaled.jpg","width":2560,"height":1920},{"@type":"BreadcrumbList","@id":"https:\/\/tume.fi\/joulupukki\/joulupukki\/#breadcrumb","itemListElement":[{"@type":"ListItem","position":1,"name":"Home","item":"https:\/\/tume.fi\/joulupukki\/"},{"@type":"ListItem","position":2,"name":"Joulupukki"}]},{"@type":"WebSite","@id":"https:\/\/tume.fi\/joulupukki\/#website","url":"https:\/\/tume.fi\/joulupukki\/","name":"Turun Mets\u00e4nk\u00e4vij\u00e4in Joulupukkitoimisto","description":"Partiolaisten joulupukkipalvelua vuodesta 1932","publisher":{"@id":"https:\/\/tume.fi\/joulupukki\/#organization"},"potentialAction":[{"@type":"SearchAction","target":{"@type":"EntryPoint","urlTemplate":"https:\/\/tume.fi\/joulupukki\/?s={search_term_string}"},"query-input":{"@type":"PropertyValueSpecification","valueRequired":true,"valueName":"search_term_string"}}],"inLanguage":"en-US"},{"@type":"Organization","@id":"https:\/\/tume.fi\/joulupukki\/#organization","name":"Turun Mets\u00e4nk\u00e4vij\u00e4in Joulupukkitoimisto","url":"https:\/\/tume.fi\/joulupukki\/","logo":{"@type":"ImageObject","inLanguage":"en-US","@id":"https:\/\/tume.fi\/joulupukki\/#\/schema\/logo\/image\/","url":"https:\/\/tume.fi\/joulupukki\/wp-content\/uploads\/2020\/08\/cropped-pukkitoimiston-logo_512-1.png","contentUrl":"https:\/\/tume.fi\/joulupukki\/wp-content\/uploads\/2020\/08\/cropped-pukkitoimiston-logo_512-1.png","width":290,"height":290,"caption":"Turun Mets\u00e4nk\u00e4vij\u00e4in Joulupukkitoimisto"},"image":{"@id":"https:\/\/tume.fi\/joulupukki\/#\/schema\/logo\/image\/"}}]}},"_links":{"self":[{"href":"https:\/\/tume.fi\/joulupukki\/wp-json\/wp\/v2\/pages\/5","targetHints":{"allow":["GET"]}}],"collection":[{"href":"https:\/\/tume.fi\/joulupukki\/wp-json\/wp\/v2\/pages"}],"about":[{"href":"https:\/\/tume.fi\/joulupukki\/wp-json\/wp\/v2\/types\/page"}],"author":[{"embeddable":true,"href":"https:\/\/tume.fi\/joulupukki\/wp-json\/wp\/v2\/users\/1"}],"replies":[{"embeddable":true,"href":"https:\/\/tume.fi\/joulupukki\/wp-json\/wp\/v2\/comments?post=5"}],"version-history":[{"count":75,"href":"https:\/\/tume.fi\/joulupukki\/wp-json\/wp\/v2\/pages\/5\/revisions"}],"predecessor-version":[{"id":691,"href":"https:\/\/tume.fi\/joulupukki\/wp-json\/wp\/v2\/pages\/5\/revisions\/691"}],"wp:attachment":[{"href":"https:\/\/tume.fi\/joulupukki\/wp-json\/wp\/v2\/media?parent=5"}],"curies":[{"name":"wp","href":"https:\/\/api.w.org\/{rel}","templated":true}]}}