{"id":547,"date":"2021-05-07T12:44:23","date_gmt":"2021-05-07T12:44:23","guid":{"rendered":"https:\/\/tume.fi\/joulupukki\/?page_id=547"},"modified":"2025-11-18T09:54:00","modified_gmt":"2025-11-18T09:54:00","slug":"tietosuojaseloste","status":"publish","type":"page","link":"https:\/\/tume.fi\/joulupukki\/tietosuojaseloste\/","title":{"rendered":"Tietosuojaseloste"},"content":{"rendered":"\n<p><strong>Rekisteri- ja tietosuojaseloste<\/strong><\/p>\n\n\n\n<p>T\u00e4m\u00e4 on&nbsp;Turun Mets\u00e4nk\u00e4vij\u00e4in joulupukkitoimiston&nbsp;henkil\u00f6tietolain (10 ja 24 \u00a7) ja EU:n yleisen tietosuoja-asetuksen (GDPR) mukainen rekisteri- ja tietosuojaseloste. Laadittu&nbsp;3.9.2020. Viimeisin muutos&nbsp;3.9.2020.<\/p>\n\n\n\n<p><strong>1. Rekisterinpit\u00e4j\u00e4<\/strong><\/p>\n\n\n\n<p>Turun Mets\u00e4nk\u00e4vij\u00e4in joulupukkitoimisto<\/p>\n\n\n\n<p>L\u00e4ntinen Pitk\u00e4katu 12, 20100 Turku<\/p>\n\n\n\n<p><strong>2. Rekisterist\u00e4 vastaava yhteyshenkil\u00f6<\/strong><\/p>\n\n\n\n<p>Tino Seilonen, tino.seilonen@tume.fi<\/p>\n\n\n\n<p><strong>3. Rekisterin nimi<\/strong><\/p>\n\n\n\n<p>Joulupukkitoimiston asiakasrekisteri<\/p>\n\n\n\n<p><strong>4. Oikeusperuste ja henkil\u00f6tietojen k\u00e4sittelyn tarkoitus<\/strong><\/p>\n\n\n\n<p>EU:n yleisen tietosuoja-asetuksen mukainen oikeusperuste henkil\u00f6tietojen k\u00e4sittelylle on<br>&#8211; rekisterinpit\u00e4j\u00e4n oikeutettu etu (asiakassuhde)<\/p>\n\n\n\n<p>-lakis\u00e4\u00e4teiset velvoitteet<\/p>\n\n\n\n<p>Henkil\u00f6tietojen k\u00e4sittelyn tarkoitus on&nbsp;yhteydenpito asiakkaisiin, asiakassuhteen yll\u00e4pito, markkinointi ja toiminnan tilastointi.<\/p>\n\n\n\n<p>Tietoja ei k\u00e4ytet\u00e4 automatisoituun p\u00e4\u00e4t\u00f6ksentekoon tai profilointiin.&nbsp;<\/p>\n\n\n\n<p><strong>5. Rekisterin tietosis\u00e4lt\u00f6<\/strong><\/p>\n\n\n\n<p>Rekisteriin tallennettavia tietoja ovat:&nbsp;henkil\u00f6n nimi, yhteystiedot (puhelinnumero, s\u00e4hk\u00f6postiosoite, osoite), verkkoyhteyden IP-osoite, tiedot tilatuista palveluista ja niiden muutoksista, laskutustiedot, muut asiakassuhteeseen ja tilattuihin palveluihin liittyv\u00e4t tiedot.<\/p>\n\n\n\n<p>Tietoja s\u00e4ilytet\u00e4\u00e4n kuuden (6) vuoden ajan, jonka j\u00e4lkeen tiedot anonymisoidaan.<\/p>\n\n\n\n<p><strong>6. S\u00e4\u00e4nn\u00f6nmukaiset tietol\u00e4hteet<\/strong><\/p>\n\n\n\n<p>Rekisteriin tallennettavat tiedot saadaan asiakkaalta mm. www-lomakkeilla l\u00e4hetetyist\u00e4 viesteist\u00e4, s\u00e4hk\u00f6postitse, puhelimitse, sosiaalisen median palvelujen kautta, sopimuksista, asiakastapaamisista ja muista tilanteista, joissa asiakas luovuttaa tietojaan.<\/p>\n\n\n\n<p><strong>7. Tietojen s\u00e4\u00e4nn\u00f6nmukaiset luovutukset ja tietojen siirto EU:n tai ETA:n ulkopuolelle<\/strong><\/p>\n\n\n\n<p>Tietoja ei luovuteta s\u00e4\u00e4nn\u00f6nmukaisesti muille tahoille. Tietoja voidaan julkaista silt\u00e4 osin kuin niin on sovittu asiakkaan kanssa.<\/p>\n\n\n\n<p>Tietoja ei siirret\u00e4 rekisterinpit\u00e4j\u00e4n toimesta EU:n tai ETA:n ulkopuolelle.<\/p>\n\n\n\n<p><strong>8. Rekisterin suojauksen periaatteet<\/strong><\/p>\n\n\n\n<p>Rekisterin k\u00e4sittelyss\u00e4 noudatetaan huolellisuutta ja tietoj\u00e4rjestelmien avulla k\u00e4sitelt\u00e4v\u00e4t tiedot suojataan asianmukaisesti. Kun rekisteritietoja s\u00e4ilytet\u00e4\u00e4n Internet-palvelimilla, niiden laitteiston fyysisest\u00e4 ja digitaalisesta tietoturvasta huolehditaan asiaankuuluvasti. Rekisterinpit\u00e4j\u00e4 huolehtii siit\u00e4, ett\u00e4 tallennettuja tietoja sek\u00e4 palvelimien k\u00e4ytt\u00f6oikeuksia ja muita henkil\u00f6tietojen turvallisuuden kannalta kriittisi\u00e4 tietoja k\u00e4sitell\u00e4\u00e4n luottamuksellisesti ja vain niiden henkil\u00f6iden toimesta, joiden teht\u00e4viin se kuuluu.<\/p>\n\n\n\n<p><strong>9. Tarkastusoikeus ja oikeus vaatia tiedon korjaamista<\/strong><\/p>\n\n\n\n<p>Jokaisella rekisteriss\u00e4 olevalla henkil\u00f6ll\u00e4 on oikeus tarkistaa rekisteriin tallennetut tietonsa ja vaatia mahdollisen virheellisen tiedon korjaamista tai puutteellisen tiedon t\u00e4ydent\u00e4mist\u00e4. Mik\u00e4li henkil\u00f6 haluaa tarkistaa h\u00e4nest\u00e4 tallennetut tiedot tai vaatia niihin oikaisua, pyynt\u00f6 tulee&nbsp;l\u00e4hett\u00e4\u00e4 kirjallisesti&nbsp;rekisterinpit\u00e4j\u00e4lle. Rekisterinpit\u00e4j\u00e4 voi pyyt\u00e4\u00e4 tarvittaessa pyynn\u00f6n esitt\u00e4j\u00e4\u00e4 todistamaan henkil\u00f6llisyytens\u00e4. Rekisterinpit\u00e4j\u00e4 vastaa asiakkaalle EU:n tietosuoja-asetuksessa s\u00e4\u00e4detyss\u00e4 ajassa (p\u00e4\u00e4s\u00e4\u00e4nt\u00f6isesti kuukauden kuluessa).<\/p>\n\n\n\n<p><strong>10. Muut henkil\u00f6tietojen k\u00e4sittelyyn liittyv\u00e4t oikeudet<\/strong><\/p>\n\n\n\n<p>Rekisteriss\u00e4 olevalla henkil\u00f6ll\u00e4 on oikeus pyyt\u00e4\u00e4 h\u00e4nt\u00e4 koskevien henkil\u00f6tietojen poistamiseen rekisterist\u00e4 (&#8220;oikeus tulla unohdetuksi&#8221;). Niin ik\u00e4\u00e4n rekister\u00f6idyill\u00e4 on muut&nbsp;<a href=\"http:\/\/eur-lex.europa.eu\/legal-content\/FI\/TXT\/?uri=CELEX%3A32016R0679#d1e2144-1-1\" target=\"_blank\" rel=\"noreferrer noopener\">EU:n yleisen tietosuoja-asetuksen mukaiset oikeudet<\/a>&nbsp;kuten henkil\u00f6tietojen k\u00e4sittelyn rajoittaminen tietyiss\u00e4 tilanteissa. Pyynn\u00f6t tulee&nbsp;l\u00e4hett\u00e4\u00e4 kirjallisesti&nbsp;rekisterinpit\u00e4j\u00e4lle. Rekisterinpit\u00e4j\u00e4 voi pyyt\u00e4\u00e4 tarvittaessa pyynn\u00f6n esitt\u00e4j\u00e4\u00e4 todistamaan henkil\u00f6llisyytens\u00e4. Rekisterinpit\u00e4j\u00e4 vastaa asiakkaalle EU:n tietosuoja-asetuksessa s\u00e4\u00e4detyss\u00e4 ajassa (p\u00e4\u00e4s\u00e4\u00e4nt\u00f6isesti kuukauden kuluessa).<\/p>\n","protected":false},"excerpt":{"rendered":"<p>Rekisteri- ja tietosuojaseloste T\u00e4m\u00e4 on&nbsp;Turun Mets\u00e4nk\u00e4vij\u00e4in joulupukkitoimiston&nbsp;henkil\u00f6tietolain (10 ja 24 \u00a7) ja EU:n yleisen tietosuoja-asetuksen (GDPR) mukainen rekisteri- ja tietosuojaseloste. Laadittu&nbsp;3.9.2020. Viimeisin muutos&nbsp;3.9.2020. 1. Rekisterinpit\u00e4j\u00e4 Turun Mets\u00e4nk\u00e4vij\u00e4in joulupukkitoimisto L\u00e4ntinen Pitk\u00e4katu 12, 20100 Turku 2. Rekisterist\u00e4 vastaava yhteyshenkil\u00f6 Tino Seilonen, tino.seilonen@tume.fi 3. Rekisterin nimi Joulupukkitoimiston asiakasrekisteri 4. Oikeusperuste ja henkil\u00f6tietojen k\u00e4sittelyn tarkoitus EU:n yleisen tietosuoja-asetuksen mukainen oikeusperuste henkil\u00f6tietojen k\u00e4sittelylle on&#8211; rekisterinpit\u00e4j\u00e4n oikeutettu etu (asiakassuhde) -lakis\u00e4\u00e4teiset velvoitteet Henkil\u00f6tietojen k\u00e4sittelyn tarkoitus on&nbsp;yhteydenpito asiakkaisiin,&hellip;<\/p>\n","protected":false},"author":1,"featured_media":0,"parent":0,"menu_order":0,"comment_status":"closed","ping_status":"closed","template":"","meta":{"footnotes":""},"class_list":["post-547","page","type-page","status-publish","hentry"],"yoast_head":"<!-- This site is optimized with the Yoast SEO plugin v26.4-RC2 - https:\/\/yoast.com\/wordpress\/plugins\/seo\/ -->\n<title>Tietosuojaseloste | Turun Mets\u00e4nk\u00e4vij\u00e4in Joulupukkitoimisto<\/title>\n<meta name=\"robots\" content=\"noindex, follow\" \/>\n<meta property=\"og:locale\" content=\"en_US\" \/>\n<meta property=\"og:type\" content=\"article\" \/>\n<meta property=\"og:title\" content=\"Tietosuojaseloste | Turun Mets\u00e4nk\u00e4vij\u00e4in Joulupukkitoimisto\" \/>\n<meta property=\"og:description\" content=\"Rekisteri- ja tietosuojaseloste T\u00e4m\u00e4 on&nbsp;Turun Mets\u00e4nk\u00e4vij\u00e4in joulupukkitoimiston&nbsp;henkil\u00f6tietolain (10 ja 24 \u00a7) ja EU:n yleisen tietosuoja-asetuksen (GDPR) mukainen rekisteri- ja tietosuojaseloste. Laadittu&nbsp;3.9.2020. Viimeisin muutos&nbsp;3.9.2020. 1. Rekisterinpit\u00e4j\u00e4 Turun Mets\u00e4nk\u00e4vij\u00e4in joulupukkitoimisto L\u00e4ntinen Pitk\u00e4katu 12, 20100 Turku 2. Rekisterist\u00e4 vastaava yhteyshenkil\u00f6 Tino Seilonen, tino.seilonen@tume.fi 3. Rekisterin nimi Joulupukkitoimiston asiakasrekisteri 4. Oikeusperuste ja henkil\u00f6tietojen k\u00e4sittelyn tarkoitus EU:n yleisen tietosuoja-asetuksen mukainen oikeusperuste henkil\u00f6tietojen k\u00e4sittelylle on&#8211; rekisterinpit\u00e4j\u00e4n oikeutettu etu (asiakassuhde) -lakis\u00e4\u00e4teiset velvoitteet Henkil\u00f6tietojen k\u00e4sittelyn tarkoitus on&nbsp;yhteydenpito asiakkaisiin,&hellip;\" \/>\n<meta property=\"og:url\" content=\"https:\/\/tume.fi\/joulupukki\/tietosuojaseloste\/\" \/>\n<meta property=\"og:site_name\" content=\"Turun Mets\u00e4nk\u00e4vij\u00e4in Joulupukkitoimisto\" \/>\n<meta property=\"article:modified_time\" content=\"2025-11-18T09:54:00+00:00\" \/>\n<meta name=\"twitter:label1\" content=\"Est. reading time\" \/>\n\t<meta name=\"twitter:data1\" content=\"2 minutes\" \/>\n<script type=\"application\/ld+json\" class=\"yoast-schema-graph\">{\"@context\":\"https:\/\/schema.org\",\"@graph\":[{\"@type\":\"WebPage\",\"@id\":\"https:\/\/tume.fi\/joulupukki\/tietosuojaseloste\/\",\"url\":\"https:\/\/tume.fi\/joulupukki\/tietosuojaseloste\/\",\"name\":\"Tietosuojaseloste | Turun Mets\u00e4nk\u00e4vij\u00e4in Joulupukkitoimisto\",\"isPartOf\":{\"@id\":\"https:\/\/tume.fi\/joulupukki\/#website\"},\"datePublished\":\"2021-05-07T12:44:23+00:00\",\"dateModified\":\"2025-11-18T09:54:00+00:00\",\"breadcrumb\":{\"@id\":\"https:\/\/tume.fi\/joulupukki\/tietosuojaseloste\/#breadcrumb\"},\"inLanguage\":\"en-US\",\"potentialAction\":[{\"@type\":\"ReadAction\",\"target\":[\"https:\/\/tume.fi\/joulupukki\/tietosuojaseloste\/\"]}]},{\"@type\":\"BreadcrumbList\",\"@id\":\"https:\/\/tume.fi\/joulupukki\/tietosuojaseloste\/#breadcrumb\",\"itemListElement\":[{\"@type\":\"ListItem\",\"position\":1,\"name\":\"Home\",\"item\":\"https:\/\/tume.fi\/joulupukki\/\"},{\"@type\":\"ListItem\",\"position\":2,\"name\":\"Tietosuojaseloste\"}]},{\"@type\":\"WebSite\",\"@id\":\"https:\/\/tume.fi\/joulupukki\/#website\",\"url\":\"https:\/\/tume.fi\/joulupukki\/\",\"name\":\"Turun Mets\u00e4nk\u00e4vij\u00e4in Joulupukkitoimisto\",\"description\":\"Partiolaisten joulupukkipalvelua vuodesta 1932\",\"publisher\":{\"@id\":\"https:\/\/tume.fi\/joulupukki\/#organization\"},\"potentialAction\":[{\"@type\":\"SearchAction\",\"target\":{\"@type\":\"EntryPoint\",\"urlTemplate\":\"https:\/\/tume.fi\/joulupukki\/?s={search_term_string}\"},\"query-input\":{\"@type\":\"PropertyValueSpecification\",\"valueRequired\":true,\"valueName\":\"search_term_string\"}}],\"inLanguage\":\"en-US\"},{\"@type\":\"Organization\",\"@id\":\"https:\/\/tume.fi\/joulupukki\/#organization\",\"name\":\"Turun Mets\u00e4nk\u00e4vij\u00e4in Joulupukkitoimisto\",\"url\":\"https:\/\/tume.fi\/joulupukki\/\",\"logo\":{\"@type\":\"ImageObject\",\"inLanguage\":\"en-US\",\"@id\":\"https:\/\/tume.fi\/joulupukki\/#\/schema\/logo\/image\/\",\"url\":\"https:\/\/tume.fi\/joulupukki\/wp-content\/uploads\/2020\/08\/cropped-pukkitoimiston-logo_512-1.png\",\"contentUrl\":\"https:\/\/tume.fi\/joulupukki\/wp-content\/uploads\/2020\/08\/cropped-pukkitoimiston-logo_512-1.png\",\"width\":290,\"height\":290,\"caption\":\"Turun Mets\u00e4nk\u00e4vij\u00e4in Joulupukkitoimisto\"},\"image\":{\"@id\":\"https:\/\/tume.fi\/joulupukki\/#\/schema\/logo\/image\/\"}}]}<\/script>\n<!-- \/ Yoast SEO plugin. -->","yoast_head_json":{"title":"Tietosuojaseloste | Turun Mets\u00e4nk\u00e4vij\u00e4in Joulupukkitoimisto","robots":{"index":"noindex","follow":"follow"},"og_locale":"en_US","og_type":"article","og_title":"Tietosuojaseloste | Turun Mets\u00e4nk\u00e4vij\u00e4in Joulupukkitoimisto","og_description":"Rekisteri- ja tietosuojaseloste T\u00e4m\u00e4 on&nbsp;Turun Mets\u00e4nk\u00e4vij\u00e4in joulupukkitoimiston&nbsp;henkil\u00f6tietolain (10 ja 24 \u00a7) ja EU:n yleisen tietosuoja-asetuksen (GDPR) mukainen rekisteri- ja tietosuojaseloste. Laadittu&nbsp;3.9.2020. Viimeisin muutos&nbsp;3.9.2020. 1. Rekisterinpit\u00e4j\u00e4 Turun Mets\u00e4nk\u00e4vij\u00e4in joulupukkitoimisto L\u00e4ntinen Pitk\u00e4katu 12, 20100 Turku 2. Rekisterist\u00e4 vastaava yhteyshenkil\u00f6 Tino Seilonen, tino.seilonen@tume.fi 3. Rekisterin nimi Joulupukkitoimiston asiakasrekisteri 4. Oikeusperuste ja henkil\u00f6tietojen k\u00e4sittelyn tarkoitus EU:n yleisen tietosuoja-asetuksen mukainen oikeusperuste henkil\u00f6tietojen k\u00e4sittelylle on&#8211; rekisterinpit\u00e4j\u00e4n oikeutettu etu (asiakassuhde) -lakis\u00e4\u00e4teiset velvoitteet Henkil\u00f6tietojen k\u00e4sittelyn tarkoitus on&nbsp;yhteydenpito asiakkaisiin,&hellip;","og_url":"https:\/\/tume.fi\/joulupukki\/tietosuojaseloste\/","og_site_name":"Turun Mets\u00e4nk\u00e4vij\u00e4in Joulupukkitoimisto","article_modified_time":"2025-11-18T09:54:00+00:00","twitter_misc":{"Est. reading time":"2 minutes"},"schema":{"@context":"https:\/\/schema.org","@graph":[{"@type":"WebPage","@id":"https:\/\/tume.fi\/joulupukki\/tietosuojaseloste\/","url":"https:\/\/tume.fi\/joulupukki\/tietosuojaseloste\/","name":"Tietosuojaseloste | Turun Mets\u00e4nk\u00e4vij\u00e4in Joulupukkitoimisto","isPartOf":{"@id":"https:\/\/tume.fi\/joulupukki\/#website"},"datePublished":"2021-05-07T12:44:23+00:00","dateModified":"2025-11-18T09:54:00+00:00","breadcrumb":{"@id":"https:\/\/tume.fi\/joulupukki\/tietosuojaseloste\/#breadcrumb"},"inLanguage":"en-US","potentialAction":[{"@type":"ReadAction","target":["https:\/\/tume.fi\/joulupukki\/tietosuojaseloste\/"]}]},{"@type":"BreadcrumbList","@id":"https:\/\/tume.fi\/joulupukki\/tietosuojaseloste\/#breadcrumb","itemListElement":[{"@type":"ListItem","position":1,"name":"Home","item":"https:\/\/tume.fi\/joulupukki\/"},{"@type":"ListItem","position":2,"name":"Tietosuojaseloste"}]},{"@type":"WebSite","@id":"https:\/\/tume.fi\/joulupukki\/#website","url":"https:\/\/tume.fi\/joulupukki\/","name":"Turun Mets\u00e4nk\u00e4vij\u00e4in Joulupukkitoimisto","description":"Partiolaisten joulupukkipalvelua vuodesta 1932","publisher":{"@id":"https:\/\/tume.fi\/joulupukki\/#organization"},"potentialAction":[{"@type":"SearchAction","target":{"@type":"EntryPoint","urlTemplate":"https:\/\/tume.fi\/joulupukki\/?s={search_term_string}"},"query-input":{"@type":"PropertyValueSpecification","valueRequired":true,"valueName":"search_term_string"}}],"inLanguage":"en-US"},{"@type":"Organization","@id":"https:\/\/tume.fi\/joulupukki\/#organization","name":"Turun Mets\u00e4nk\u00e4vij\u00e4in Joulupukkitoimisto","url":"https:\/\/tume.fi\/joulupukki\/","logo":{"@type":"ImageObject","inLanguage":"en-US","@id":"https:\/\/tume.fi\/joulupukki\/#\/schema\/logo\/image\/","url":"https:\/\/tume.fi\/joulupukki\/wp-content\/uploads\/2020\/08\/cropped-pukkitoimiston-logo_512-1.png","contentUrl":"https:\/\/tume.fi\/joulupukki\/wp-content\/uploads\/2020\/08\/cropped-pukkitoimiston-logo_512-1.png","width":290,"height":290,"caption":"Turun Mets\u00e4nk\u00e4vij\u00e4in Joulupukkitoimisto"},"image":{"@id":"https:\/\/tume.fi\/joulupukki\/#\/schema\/logo\/image\/"}}]}},"_links":{"self":[{"href":"https:\/\/tume.fi\/joulupukki\/wp-json\/wp\/v2\/pages\/547","targetHints":{"allow":["GET"]}}],"collection":[{"href":"https:\/\/tume.fi\/joulupukki\/wp-json\/wp\/v2\/pages"}],"about":[{"href":"https:\/\/tume.fi\/joulupukki\/wp-json\/wp\/v2\/types\/page"}],"author":[{"embeddable":true,"href":"https:\/\/tume.fi\/joulupukki\/wp-json\/wp\/v2\/users\/1"}],"replies":[{"embeddable":true,"href":"https:\/\/tume.fi\/joulupukki\/wp-json\/wp\/v2\/comments?post=547"}],"version-history":[{"count":1,"href":"https:\/\/tume.fi\/joulupukki\/wp-json\/wp\/v2\/pages\/547\/revisions"}],"predecessor-version":[{"id":548,"href":"https:\/\/tume.fi\/joulupukki\/wp-json\/wp\/v2\/pages\/547\/revisions\/548"}],"wp:attachment":[{"href":"https:\/\/tume.fi\/joulupukki\/wp-json\/wp\/v2\/media?parent=547"}],"curies":[{"name":"wp","href":"https:\/\/api.w.org\/{rel}","templated":true}]}}