{"id":9,"date":"2014-09-03T19:03:27","date_gmt":"2014-09-03T19:03:27","guid":{"rendered":"http:\/\/tume.fi\/joulupukki\/?page_id=9"},"modified":"2025-11-18T10:04:02","modified_gmt":"2025-11-18T10:04:02","slug":"pukin-tilaaminen","status":"publish","type":"page","link":"https:\/\/tume.fi\/joulupukki\/pukin-tilaaminen\/","title":{"rendered":"Pukin tilaaminen"},"content":{"rendered":"\n<h3 class=\"wp-block-heading\">Joulupukin tilaaminen<\/h3>\n\n\n\n<p>Joulupukin saatte varattua helpoiten netiss\u00e4 varauslomakkeen kautta. Lomakkeen kautta tehdyt varaukset vahvistetaan s\u00e4hk\u00f6postilla seuraavan puhelinp\u00e4ivystyksen alkuun menness\u00e4. Puhelinp\u00e4ivystyksemme palvelee t\u00e4n\u00e4 vuonna 6.12. alkaen.<\/p>\n\n\n\n<p><a id=\"ennakkovarauslinkki\" href=\"https:\/\/www.tume.fi\/joulupukki\/varauslomake\">Varauslomakkeelle p\u00e4\u00e4set t\u00e4st\u00e4!<\/a><\/p>\n\n\n\n<h3 class=\"wp-block-heading\">Puhelinp\u00e4ivystys<\/h3>\n\n\n\n<p>Puhelinp\u00e4ivystyksest\u00e4 saatte varattua pukin sujuvasti alla olevia ohjeita noudattaen:<\/p>\n\n\n\n<ul class=\"wp-block-list slight_indent\">\n<li>Soita p\u00e4ivystysaikana toimistoomme numeroon:<br><strong>02-2317 500<\/strong><\/li>\n\n\n\n<li>Varaa puhelulle riitt\u00e4v\u00e4sti aikaa. Palvelussamme saattaa olla ruuhkaa.<\/li>\n\n\n\n<li>Mieti valmiiksi sopiva aikahaarukka pukin vierailulle<\/li>\n\n\n\n<li>Anna puhelimessa seuraavat tiedot:\n<ul class=\"wp-block-list\" style=\"margin: 0px\">\n<li>Pukkivierailun tarkka osoite<\/li>\n\n\n\n<li>Yhteystiedot laskutusta varten<\/li>\n\n\n\n<li>Talon tyyppi (omakoti-, kerros- tai rivitalo)<\/li>\n\n\n\n<li>Tilaajan nimi, joka lukee ovessa\/postilaatikossa<\/li>\n\n\n\n<li>Mahdollinen ovikoodi tai ohjeet sis\u00e4lle tulemiseen<\/li>\n\n\n\n<li>Puhelinnumero, josta tavoittaa tarvittaessa my\u00f6s aattona <\/li>\n<\/ul>\n<\/li>\n<\/ul>\n\n\n\n<h3 class=\"wp-block-heading\">&nbsp;<strong>Ohjeita Joulupukin tilanneille<\/strong><\/h3>\n\n\n\n<p>Aatonaattona joulupukkimme kiert\u00e4v\u00e4t piirins\u00e4 l\u00e4pi ja tarkastavat vierailtavien kohteidensa sijainnit. Vuonna 2022 siirryimme s\u00e4hk\u00f6iseen laskutukseen, ja joulupukin muistikirjan sivujen ker\u00e4\u00e4miseen verkkolomakkeella. Perinteist\u00e4 kirjett\u00e4 ei siis en\u00e4\u00e4 tule postilaatikkoon.<\/p>\n\n\n\n<p>Jotta Joulupukin vierailu sujuisi mutkattomasti, haluamme esitt\u00e4\u00e4 seuraavaa:<\/p>\n\n\n\n<ul class=\"wp-block-list slight_indent\">\n<li>Varauksen vahvistusviestiss\u00e4 saatte linkin lomakkeelle, jossa voitte t\u00e4ytt\u00e4\u00e4 jouluaattona paikalla olevien henkil\u00f6iden tiedot. T\u00e4yt\u00e4tteh\u00e4n tiedot viimeist\u00e4\u00e4n 22.12.<\/li>\n\n\n\n<li>Vierailun maksua varten ei tarvitse en\u00e4\u00e4 varata k\u00e4teist\u00e4 jouluaatoksi. L\u00e4het\u00e4mme joulupukin vierailusta laskun jouluaaton j\u00e4lkeen.&nbsp;<\/li>\n\n\n\n<li>Olkaa hyv\u00e4t ja sulkekaa lemmikkiel\u00e4imet, jotka voivat hermostua Joulupukin n\u00e4hdess\u00e4\u00e4n, toiseen huoneeseen Joulupukin vierailun ajaksi.<\/li>\n\n\n\n<li>Varatkaa lahjat eteiseen helposti ja nopeasti k\u00e4sille saataviksi (esim. koriin tai s\u00e4kkiin).<\/li>\n\n\n\n<li>Joulupukin saapuessa olkaa itse vastaanottamassa h\u00e4nt\u00e4 ovella <em>ilman<\/em> lapsia. Mik\u00e4li ulko-ovenne on Joulupukin saapuessa lukossa, olkaa h\u00e4nt\u00e4 vastassa jo alaovella.<\/li>\n\n\n\n<li>Lahjan saajan nimen toivomme tekstaamaan selv\u00e4sti paketteihin. Jos lahjoja on paljon, toivomme, ett\u00e4 varaatte erikseen s\u00e4kin, jossa on jokaiselle lahjansaajalle ainakin yksi paketti. N\u00e4in Joulupukki voi aloittaa lahjojen jakamisen t\u00e4st\u00e4 kontista. Joulupukki jakaa n\u00e4m\u00e4 lahjat mielell\u00e4\u00e4n itse.<\/li>\n\n\n\n<li>Mik\u00e4li Joulupukkimme on yli 15 minuuttia my\u00f6h\u00e4ss\u00e4, soittakaa v\u00e4litt\u00f6m\u00e4sti p\u00e4ivystysnumeroomme 02-2317 500.<\/li>\n\n\n\n<li>Joulupukkitoimistomme p\u00e4ivyst\u00e4\u00e4 koko jouluaaton ja toimistollamme on paikalla my\u00f6s varapukki varmistamassa, etteiv\u00e4t odottamattomat yll\u00e4tykset j\u00e4t\u00e4 Joulupukin vierailua kenelt\u00e4k\u00e4\u00e4n toteutumatta.<\/li>\n<\/ul>\n\n\n\n<p><\/p>\n","protected":false},"excerpt":{"rendered":"<p>Joulupukin tilaaminen Joulupukin saatte varattua helpoiten netiss\u00e4 varauslomakkeen kautta. Lomakkeen kautta tehdyt varaukset vahvistetaan s\u00e4hk\u00f6postilla seuraavan puhelinp\u00e4ivystyksen alkuun menness\u00e4. Puhelinp\u00e4ivystyksemme palvelee t\u00e4n\u00e4 vuonna 6.12. alkaen. Varauslomakkeelle p\u00e4\u00e4set t\u00e4st\u00e4! Puhelinp\u00e4ivystys Puhelinp\u00e4ivystyksest\u00e4 saatte varattua pukin sujuvasti alla olevia ohjeita noudattaen: &nbsp;Ohjeita Joulupukin tilanneille Aatonaattona joulupukkimme kiert\u00e4v\u00e4t piirins\u00e4 l\u00e4pi ja tarkastavat vierailtavien kohteidensa sijainnit. Vuonna 2022 siirryimme s\u00e4hk\u00f6iseen laskutukseen, ja joulupukin muistikirjan sivujen ker\u00e4\u00e4miseen verkkolomakkeella. Perinteist\u00e4 kirjett\u00e4 ei siis en\u00e4\u00e4 tule postilaatikkoon. Jotta&hellip;<\/p>\n","protected":false},"author":1,"featured_media":0,"parent":0,"menu_order":0,"comment_status":"closed","ping_status":"closed","template":"","meta":{"footnotes":""},"class_list":["post-9","page","type-page","status-publish","hentry"],"yoast_head":"<!-- This site is optimized with the Yoast SEO plugin v26.4-RC2 - https:\/\/yoast.com\/wordpress\/plugins\/seo\/ -->\n<title>Pukin tilaaminen | Turun Mets\u00e4nk\u00e4vij\u00e4in Joulupukkitoimisto<\/title>\n<meta name=\"description\" content=\"Saatte varattua joulupukin kauttamme t\u00e4ytt\u00e4m\u00e4ll\u00e4 varauslomakkeen netiss\u00e4 tai soittamalla p\u00e4ivystysaikana toimistoomme numeroon 02-2317 500. Lue Lis\u00e4\u00e4!\" \/>\n<meta name=\"robots\" content=\"index, follow, max-snippet:-1, max-image-preview:large, max-video-preview:-1\" \/>\n<link rel=\"canonical\" href=\"https:\/\/tume.fi\/joulupukki\/pukin-tilaaminen\/\" \/>\n<meta property=\"og:locale\" content=\"en_US\" \/>\n<meta property=\"og:type\" content=\"article\" \/>\n<meta property=\"og:title\" content=\"Pukin tilaaminen | Turun Mets\u00e4nk\u00e4vij\u00e4in Joulupukkitoimisto\" \/>\n<meta property=\"og:description\" content=\"Saatte varattua joulupukin kauttamme t\u00e4ytt\u00e4m\u00e4ll\u00e4 varauslomakkeen netiss\u00e4 tai soittamalla p\u00e4ivystysaikana toimistoomme numeroon 02-2317 500. Lue Lis\u00e4\u00e4!\" \/>\n<meta property=\"og:url\" content=\"https:\/\/tume.fi\/joulupukki\/pukin-tilaaminen\/\" \/>\n<meta property=\"og:site_name\" content=\"Turun Mets\u00e4nk\u00e4vij\u00e4in Joulupukkitoimisto\" \/>\n<meta property=\"article:modified_time\" content=\"2025-11-18T10:04:02+00:00\" \/>\n<meta name=\"twitter:label1\" content=\"Est. reading time\" \/>\n\t<meta name=\"twitter:data1\" content=\"2 minutes\" \/>\n<script type=\"application\/ld+json\" class=\"yoast-schema-graph\">{\"@context\":\"https:\/\/schema.org\",\"@graph\":[{\"@type\":\"WebPage\",\"@id\":\"https:\/\/tume.fi\/joulupukki\/pukin-tilaaminen\/\",\"url\":\"https:\/\/tume.fi\/joulupukki\/pukin-tilaaminen\/\",\"name\":\"Pukin tilaaminen | Turun Mets\u00e4nk\u00e4vij\u00e4in Joulupukkitoimisto\",\"isPartOf\":{\"@id\":\"https:\/\/tume.fi\/joulupukki\/#website\"},\"datePublished\":\"2014-09-03T19:03:27+00:00\",\"dateModified\":\"2025-11-18T10:04:02+00:00\",\"description\":\"Saatte varattua joulupukin kauttamme t\u00e4ytt\u00e4m\u00e4ll\u00e4 varauslomakkeen netiss\u00e4 tai soittamalla p\u00e4ivystysaikana toimistoomme numeroon 02-2317 500. Lue Lis\u00e4\u00e4!\",\"breadcrumb\":{\"@id\":\"https:\/\/tume.fi\/joulupukki\/pukin-tilaaminen\/#breadcrumb\"},\"inLanguage\":\"en-US\",\"potentialAction\":[{\"@type\":\"ReadAction\",\"target\":[\"https:\/\/tume.fi\/joulupukki\/pukin-tilaaminen\/\"]}]},{\"@type\":\"BreadcrumbList\",\"@id\":\"https:\/\/tume.fi\/joulupukki\/pukin-tilaaminen\/#breadcrumb\",\"itemListElement\":[{\"@type\":\"ListItem\",\"position\":1,\"name\":\"Home\",\"item\":\"https:\/\/tume.fi\/joulupukki\/\"},{\"@type\":\"ListItem\",\"position\":2,\"name\":\"Pukin tilaaminen\"}]},{\"@type\":\"WebSite\",\"@id\":\"https:\/\/tume.fi\/joulupukki\/#website\",\"url\":\"https:\/\/tume.fi\/joulupukki\/\",\"name\":\"Turun Mets\u00e4nk\u00e4vij\u00e4in Joulupukkitoimisto\",\"description\":\"Partiolaisten joulupukkipalvelua vuodesta 1932\",\"publisher\":{\"@id\":\"https:\/\/tume.fi\/joulupukki\/#organization\"},\"potentialAction\":[{\"@type\":\"SearchAction\",\"target\":{\"@type\":\"EntryPoint\",\"urlTemplate\":\"https:\/\/tume.fi\/joulupukki\/?s={search_term_string}\"},\"query-input\":{\"@type\":\"PropertyValueSpecification\",\"valueRequired\":true,\"valueName\":\"search_term_string\"}}],\"inLanguage\":\"en-US\"},{\"@type\":\"Organization\",\"@id\":\"https:\/\/tume.fi\/joulupukki\/#organization\",\"name\":\"Turun Mets\u00e4nk\u00e4vij\u00e4in Joulupukkitoimisto\",\"url\":\"https:\/\/tume.fi\/joulupukki\/\",\"logo\":{\"@type\":\"ImageObject\",\"inLanguage\":\"en-US\",\"@id\":\"https:\/\/tume.fi\/joulupukki\/#\/schema\/logo\/image\/\",\"url\":\"https:\/\/tume.fi\/joulupukki\/wp-content\/uploads\/2020\/08\/cropped-pukkitoimiston-logo_512-1.png\",\"contentUrl\":\"https:\/\/tume.fi\/joulupukki\/wp-content\/uploads\/2020\/08\/cropped-pukkitoimiston-logo_512-1.png\",\"width\":290,\"height\":290,\"caption\":\"Turun Mets\u00e4nk\u00e4vij\u00e4in Joulupukkitoimisto\"},\"image\":{\"@id\":\"https:\/\/tume.fi\/joulupukki\/#\/schema\/logo\/image\/\"}}]}<\/script>\n<!-- \/ Yoast SEO plugin. -->","yoast_head_json":{"title":"Pukin tilaaminen | Turun Mets\u00e4nk\u00e4vij\u00e4in Joulupukkitoimisto","description":"Saatte varattua joulupukin kauttamme t\u00e4ytt\u00e4m\u00e4ll\u00e4 varauslomakkeen netiss\u00e4 tai soittamalla p\u00e4ivystysaikana toimistoomme numeroon 02-2317 500. Lue Lis\u00e4\u00e4!","robots":{"index":"index","follow":"follow","max-snippet":"max-snippet:-1","max-image-preview":"max-image-preview:large","max-video-preview":"max-video-preview:-1"},"canonical":"https:\/\/tume.fi\/joulupukki\/pukin-tilaaminen\/","og_locale":"en_US","og_type":"article","og_title":"Pukin tilaaminen | Turun Mets\u00e4nk\u00e4vij\u00e4in Joulupukkitoimisto","og_description":"Saatte varattua joulupukin kauttamme t\u00e4ytt\u00e4m\u00e4ll\u00e4 varauslomakkeen netiss\u00e4 tai soittamalla p\u00e4ivystysaikana toimistoomme numeroon 02-2317 500. Lue Lis\u00e4\u00e4!","og_url":"https:\/\/tume.fi\/joulupukki\/pukin-tilaaminen\/","og_site_name":"Turun Mets\u00e4nk\u00e4vij\u00e4in Joulupukkitoimisto","article_modified_time":"2025-11-18T10:04:02+00:00","twitter_misc":{"Est. reading time":"2 minutes"},"schema":{"@context":"https:\/\/schema.org","@graph":[{"@type":"WebPage","@id":"https:\/\/tume.fi\/joulupukki\/pukin-tilaaminen\/","url":"https:\/\/tume.fi\/joulupukki\/pukin-tilaaminen\/","name":"Pukin tilaaminen | Turun Mets\u00e4nk\u00e4vij\u00e4in Joulupukkitoimisto","isPartOf":{"@id":"https:\/\/tume.fi\/joulupukki\/#website"},"datePublished":"2014-09-03T19:03:27+00:00","dateModified":"2025-11-18T10:04:02+00:00","description":"Saatte varattua joulupukin kauttamme t\u00e4ytt\u00e4m\u00e4ll\u00e4 varauslomakkeen netiss\u00e4 tai soittamalla p\u00e4ivystysaikana toimistoomme numeroon 02-2317 500. Lue Lis\u00e4\u00e4!","breadcrumb":{"@id":"https:\/\/tume.fi\/joulupukki\/pukin-tilaaminen\/#breadcrumb"},"inLanguage":"en-US","potentialAction":[{"@type":"ReadAction","target":["https:\/\/tume.fi\/joulupukki\/pukin-tilaaminen\/"]}]},{"@type":"BreadcrumbList","@id":"https:\/\/tume.fi\/joulupukki\/pukin-tilaaminen\/#breadcrumb","itemListElement":[{"@type":"ListItem","position":1,"name":"Home","item":"https:\/\/tume.fi\/joulupukki\/"},{"@type":"ListItem","position":2,"name":"Pukin tilaaminen"}]},{"@type":"WebSite","@id":"https:\/\/tume.fi\/joulupukki\/#website","url":"https:\/\/tume.fi\/joulupukki\/","name":"Turun Mets\u00e4nk\u00e4vij\u00e4in Joulupukkitoimisto","description":"Partiolaisten joulupukkipalvelua vuodesta 1932","publisher":{"@id":"https:\/\/tume.fi\/joulupukki\/#organization"},"potentialAction":[{"@type":"SearchAction","target":{"@type":"EntryPoint","urlTemplate":"https:\/\/tume.fi\/joulupukki\/?s={search_term_string}"},"query-input":{"@type":"PropertyValueSpecification","valueRequired":true,"valueName":"search_term_string"}}],"inLanguage":"en-US"},{"@type":"Organization","@id":"https:\/\/tume.fi\/joulupukki\/#organization","name":"Turun Mets\u00e4nk\u00e4vij\u00e4in Joulupukkitoimisto","url":"https:\/\/tume.fi\/joulupukki\/","logo":{"@type":"ImageObject","inLanguage":"en-US","@id":"https:\/\/tume.fi\/joulupukki\/#\/schema\/logo\/image\/","url":"https:\/\/tume.fi\/joulupukki\/wp-content\/uploads\/2020\/08\/cropped-pukkitoimiston-logo_512-1.png","contentUrl":"https:\/\/tume.fi\/joulupukki\/wp-content\/uploads\/2020\/08\/cropped-pukkitoimiston-logo_512-1.png","width":290,"height":290,"caption":"Turun Mets\u00e4nk\u00e4vij\u00e4in Joulupukkitoimisto"},"image":{"@id":"https:\/\/tume.fi\/joulupukki\/#\/schema\/logo\/image\/"}}]}},"_links":{"self":[{"href":"https:\/\/tume.fi\/joulupukki\/wp-json\/wp\/v2\/pages\/9","targetHints":{"allow":["GET"]}}],"collection":[{"href":"https:\/\/tume.fi\/joulupukki\/wp-json\/wp\/v2\/pages"}],"about":[{"href":"https:\/\/tume.fi\/joulupukki\/wp-json\/wp\/v2\/types\/page"}],"author":[{"embeddable":true,"href":"https:\/\/tume.fi\/joulupukki\/wp-json\/wp\/v2\/users\/1"}],"replies":[{"embeddable":true,"href":"https:\/\/tume.fi\/joulupukki\/wp-json\/wp\/v2\/comments?post=9"}],"version-history":[{"count":72,"href":"https:\/\/tume.fi\/joulupukki\/wp-json\/wp\/v2\/pages\/9\/revisions"}],"predecessor-version":[{"id":816,"href":"https:\/\/tume.fi\/joulupukki\/wp-json\/wp\/v2\/pages\/9\/revisions\/816"}],"wp:attachment":[{"href":"https:\/\/tume.fi\/joulupukki\/wp-json\/wp\/v2\/media?parent=9"}],"curies":[{"name":"wp","href":"https:\/\/api.w.org\/{rel}","templated":true}]}}