{"id":1226,"date":"2025-01-28T20:48:17","date_gmt":"2025-01-28T18:48:17","guid":{"rendered":"https:\/\/tume.fi\/partio\/?page_id=1226"},"modified":"2025-01-28T21:20:18","modified_gmt":"2025-01-28T19:20:18","slug":"tervetuloa-turun-metsankavijain-juhlaviikon-tapahtumiin","status":"publish","type":"page","link":"https:\/\/tume.fi\/partio\/tervetuloa-turun-metsankavijain-juhlaviikon-tapahtumiin\/","title":{"rendered":"Tervetuloa Turun Mets\u00e4nk\u00e4vij\u00e4in juhlaviikon tapahtumiin!\u00a0"},"content":{"rendered":"\n<p>Mik\u00e4li kutsukirje on p\u00e4\u00e4ssyt hukkumaan, kaikki tapahtumat sis\u00e4lt\u00e4v\u00e4 kutsukirje l\u00f6ytyy osoitteesta: <a href=\"https:\/\/tume.fi\/kutsukirje\" title=\"https:\/\/tume.fi\/kutsukirje\">tume.fi\/kutsukirje<\/a><br>Partioasun tarkastamista varten ohjeet l\u00f6yd\u00e4t Paitaohjeesta <a href=\"https:\/\/tume.fi\/merkkiohje\" title=\"\">tume.fi\/merkkiohje<\/a><br>Ilmoittaudu kuhunkin tapahtumaan erikseen alla olevien linkkien kautta.\u00a0<\/p>\n\n\n\n<hr class=\"wp-block-separator has-alpha-channel-opacity\"\/>\n\n\n\n<div class=\"wp-block-group\"><div class=\"wp-block-group__inner-container is-layout-constrained wp-block-group-is-layout-constrained\">\n<div class=\"wp-block-group\"><div class=\"wp-block-group__inner-container is-layout-constrained wp-block-group-is-layout-constrained\">\n<h4 class=\"wp-block-heading has-text-align-center\">Juhlakokous Turun Linnassa 2.4.<\/h4>\n\n\n\n<p class=\"has-text-align-center\">Lippukunnan j\u00e4senille, soittokunnalle ja suunnistajille.<br>Ilmoittautuminen: <a href=\"https:\/\/tume.fi\/juhlakokous\" title=\"\">tume.fi\/juhlakokous<\/a><\/p>\n<\/div><\/div>\n\n\n\n<div class=\"wp-block-group\"><div class=\"wp-block-group__inner-container is-layout-constrained wp-block-group-is-layout-constrained\">\n<h4 class=\"wp-block-heading has-text-align-center\">Veljesilta ravintola Suomalaisella Pohjalla 4.4. <\/h4>\n\n\n\n<div class=\"wp-block-group\"><div class=\"wp-block-group__inner-container is-layout-constrained wp-block-group-is-layout-constrained\">\n<p class=\"has-text-align-center\">Kivisille Ritareille seuralaisineen.<br>Ilmoittautuminen: <a href=\"https:\/\/tume.fi\/veljesilta\" title=\"tume.fi\/veljesilta\">tume.fi\/veljesilta<\/a><\/p>\n\n\n\n<p class=\"has-text-align-center\">Illalliskortin hinta on 70 \u20ac\/hl\u00f6.<br>Ilmoittautumisen p\u00e4\u00e4tytty\u00e4 saatte laskun s\u00e4hk\u00f6postitse.\u00a0<\/p>\n<\/div><\/div>\n<\/div><\/div>\n\n\n\n<div class=\"wp-block-group\"><div class=\"wp-block-group__inner-container is-layout-constrained wp-block-group-is-layout-constrained\">\n<h4 class=\"wp-block-heading has-text-align-center\">Kunniak\u00e4ynti sankarihaudoille Turun hautausmaalla 5.4. <\/h4>\n\n\n\n<p class=\"has-text-align-center\">Lippukunnan j\u00e4senille perheineen, ei vaadi ilmoittautumista.\u00a0<\/p>\n<\/div><\/div>\n\n\n\n<div class=\"wp-block-group\"><div class=\"wp-block-group__inner-container is-layout-constrained wp-block-group-is-layout-constrained\">\n<div class=\"wp-block-group\"><div class=\"wp-block-group__inner-container is-layout-constrained wp-block-group-is-layout-constrained\">\n<h4 class=\"wp-block-heading has-text-align-center\">P\u00e4\u00e4juhla Turun Kaupunginteatterilla 6.4. <\/h4>\n<\/div><\/div>\n\n\n\n<p class=\"has-text-align-center\">Lippukunnan j\u00e4senille perheineen, soittokunnalle, suunnistajille sek\u00e4 kutsuvieraille.<br>Lippukunnan j\u00e4senten ilmoittautuminen: <a href=\"https:\/\/tume.fi\/paajuhla\" title=\"https:\/\/tume.fi\/paajuhla\">tume.fi\/paajuhla<\/a><br>Kutsuvieraiden ilmoittautuminen: <a href=\"https:\/\/tume.fi\/kutsuvieraat\" title=\"https:\/\/tume.fi\/kutsuvieraat\">tume.fi\/kutsuvieraat<\/a><\/p>\n<\/div><\/div>\n<\/div><\/div>\n\n\n\n<hr class=\"wp-block-separator has-alpha-channel-opacity\"\/>\n\n\n\n<p>Vastauksia pyydet\u00e4\u00e4n maanantaihin 17.3.2025 menness\u00e4.&nbsp;<\/p>\n\n\n\n<p>Mik\u00e4li ilmoittautumisessa Kuksan kautta on ongelmia, voit ilmoittautua my\u00f6s s\u00e4hk\u00f6postilla osoitteeseen <a href=\"mailto:seremoniamestari@tume.fi\" target=\"_blank\" rel=\"noreferrer noopener\">seremoniamestari@tume.fi<\/a>.\u00a0<\/p>\n","protected":false},"excerpt":{"rendered":"<p>Mik\u00e4li kutsukirje on p\u00e4\u00e4ssyt hukkumaan, kaikki tapahtumat sis\u00e4lt\u00e4v\u00e4 kutsukirje l\u00f6ytyy osoitteesta: tume.fi\/kutsukirjePartioasun tarkastamista varten ohjeet l\u00f6yd\u00e4t Paitaohjeesta tume.fi\/merkkiohjeIlmoittaudu kuhunkin tapahtumaan erikseen alla olevien linkkien kautta.\u00a0 Juhlakokous Turun Linnassa 2.4. Lippukunnan j\u00e4senille, soittokunnalle ja suunnistajille.Ilmoittautuminen: tume.fi\/juhlakokous Veljesilta ravintola Suomalaisella Pohjalla 4.4. Kivisille Ritareille seuralaisineen.Ilmoittautuminen: tume.fi\/veljesilta Illalliskortin hinta on 70 \u20ac\/hl\u00f6.Ilmoittautumisen p\u00e4\u00e4tytty\u00e4 saatte laskun s\u00e4hk\u00f6postitse.\u00a0 Kunniak\u00e4ynti sankarihaudoille Turun hautausmaalla 5.4. Lippukunnan j\u00e4senille perheineen, ei vaadi ilmoittautumista.\u00a0 P\u00e4\u00e4juhla Turun Kaupunginteatterilla 6.4. Lippukunnan j\u00e4senille&hellip; <\/p>\n","protected":false},"author":6,"featured_media":0,"parent":0,"menu_order":0,"comment_status":"closed","ping_status":"closed","template":"","meta":{"footnotes":""},"class_list":["post-1226","page","type-page","status-publish","hentry"],"aioseo_notices":[],"_links":{"self":[{"href":"https:\/\/tume.fi\/partio\/wp-json\/wp\/v2\/pages\/1226","targetHints":{"allow":["GET"]}}],"collection":[{"href":"https:\/\/tume.fi\/partio\/wp-json\/wp\/v2\/pages"}],"about":[{"href":"https:\/\/tume.fi\/partio\/wp-json\/wp\/v2\/types\/page"}],"author":[{"embeddable":true,"href":"https:\/\/tume.fi\/partio\/wp-json\/wp\/v2\/users\/6"}],"replies":[{"embeddable":true,"href":"https:\/\/tume.fi\/partio\/wp-json\/wp\/v2\/comments?post=1226"}],"version-history":[{"count":6,"href":"https:\/\/tume.fi\/partio\/wp-json\/wp\/v2\/pages\/1226\/revisions"}],"predecessor-version":[{"id":1239,"href":"https:\/\/tume.fi\/partio\/wp-json\/wp\/v2\/pages\/1226\/revisions\/1239"}],"wp:attachment":[{"href":"https:\/\/tume.fi\/partio\/wp-json\/wp\/v2\/media?parent=1226"}],"curies":[{"name":"wp","href":"https:\/\/api.w.org\/{rel}","templated":true}]}}