{"id":16,"date":"2014-04-02T11:07:11","date_gmt":"2014-04-02T09:07:11","guid":{"rendered":"http:\/\/tume.fi\/partio\/?page_id=16"},"modified":"2025-10-22T17:34:19","modified_gmt":"2025-10-22T15:34:19","slug":"liity-partioon","status":"publish","type":"page","link":"https:\/\/tume.fi\/partio\/liity-partioon\/","title":{"rendered":"Liity Mukaan Partioon"},"content":{"rendered":"<h2>Aloita partio! &#8211; Liity Turun Mets\u00e4nk\u00e4vij\u00f6ihin<\/h2>\n<p>Ennen toimintakauden alkua voitte t\u00e4ytt\u00e4\u00e4 j\u00e4senhakemuslomakkeen osoitteessa <a href=\"https:\/\/tume.fi\/jasenhakemus\">https:\/\/tume.fi\/jasenhakemus<\/a>. Saatte lomakkeen l\u00e4hett\u00e4misen j\u00e4lkeen viel\u00e4 erillisen vahvistusviestin, jossa varmistetaan kyseisen ik\u00e4luokan ryhm\u00e4\u00e4n mahtuminen. Toimintakausi 2025-2026 alkaa sudenpentujen (7-9-vuotiaat) osalta tiistaina 19.08.2025 klo 18-19 aloitusinfo tilaisuudessa keskustan kololla (L\u00e4ntinen Pitk\u00e4katu 12, 20100 Turku). Aloitusinfon j\u00e4lkeen viikoittaiset kokoukset alkavat seuraavalla viikolla keskustan ja Hirvensalon koloilla. Mik\u00e4li haluatte liitty\u00e4 partioon toimintakauden aikana, otattehan ensin yhteytt\u00e4 lippukunnanjohtajaan\u00a0 s\u00e4hk\u00f6postitse.<\/p>\n<h2>Partio harrastuksena<\/h2>\n<p>Partiosta saa harrastuksen, joka tarjoaa monipuolisia el\u00e4myksi\u00e4, kokemuksia ja kavereita. Partio on yhdistelm\u00e4 el\u00e4m\u00e4\u00e4, seikailua ja maailmanlaajuista vapaaehtoistoimintaa.<\/p>\n<p>Harrastuksena partio tukee nuoren kasvua ja kannustaa itsens\u00e4 kehitt\u00e4miseen niin yksil\u00f6n\u00e4 kuin osana ryhm\u00e4\u00e4. Partiosta saatava aito johtamiskokemus, monipuoliset el\u00e4mykset ja elinik\u00e4iset yst\u00e4vyyssuhteet kantavat pitk\u00e4lle tulevaisuuteen.<\/p>\n<p>Partio on hauska ja monipuolinen harrastus. Partiossa retkeill\u00e4\u00e4n, vaelletaan, harjoitellaan ty\u00f6kalujen k\u00e4ytt\u00f6\u00e4 ja kisaillaan. Partiossa p\u00e4\u00e4see johtamaan nuorempiaan. Partiosta tutustuu muihin samanik\u00e4isiin ja uusia yst\u00e4vi\u00e4 saa varmasti!<\/p>\n<h3>Partiopoikalippukunta Turun Mets\u00e4nk\u00e4vij\u00e4t<\/h3>\n<p>Turun Mets\u00e4nk\u00e4vij\u00e4t on perinteik\u00e4s partiopoikalippukunta, jonka monipuolinen maapartiotoiminta sis\u00e4lt\u00e4\u00e4 muun muassa viikottaisia kokouksia oman ryhm\u00e4n kanssa, viikonloppuretki\u00e4, vaelluksia, kilpailuja, leirej\u00e4 ja monia muita aktiviteetteja. Toimintamme j\u00e4rjestet\u00e4\u00e4n t\u00e4ysin vapaaehtoisvoimin ja siit\u00e4 vastaavat teht\u00e4viins\u00e4 Suomen Partiolaisten ohjeiden mukaisesti koulutetut johtajat.<\/p>\n<p>Viikottaiseen kokoontumiseen tarkoitetut kolomme sijaitsevat Turussa L\u00e4ntisell\u00e4 Pitk\u00e4kadulla ja Hirvensalossa Moikoisten Alistalolla. Lippukuntamme k\u00e4yt\u00f6ss\u00e4 on my\u00f6s kaksi retkik\u00e4mpp\u00e4\u00e4 Kemi\u00f6ss\u00e4 ja Yl\u00e4neell\u00e4, sek\u00e4 kiintolaavu Yl\u00e4neell\u00e4.<\/p>\n<h3>Aloita uusi harrastus!<\/h3>\n<p>Partiotoiminta on kaikille avointa ja mukaan lippukuntaamme voivat liitty\u00e4 kaikki yli 7 -vuotiaat pojat ja miehet. Partiotoiminnasta kiinnostuneet tyt\u00f6t voivat etsi\u00e4 itselleen sopivan lippukunnan <a href=\"https:\/\/lounaissuomi.partio.fi\/partiolaiselle\/tule-mukaan\/\" target=\"_blank\" rel=\"noopener noreferrer\">Lounais-Suomen Partiopiirin<\/a> sivujen kautta.<\/p>\n<h3>Partioon Liittyminen<\/h3>\n<p>Toimintaan voi tulla tutustumaan ennen j\u00e4senhakemuksen t\u00e4ytt\u00e4mist\u00e4. Tutustumisen j\u00e4lkeen toiminnassa jatkaminen edellytt\u00e4\u00e4 j\u00e4senhakemuksen t\u00e4ytt\u00e4mist\u00e4. Tapahtumiin osallistuaksesi sinun tulee maksaa Suomen Partiolaisten vuosittainen j\u00e4senmaksu (noin 65 \u20ac). J\u00e4senmaksuun liittyviss\u00e4 stipendi asioissa auttaa lippukunnanjohtaja.<\/p>\n<p>Lis\u00e4tietoja antavat:<\/p>\n<p><strong>Lippukunnanjohtaja<\/strong><br \/>\nAleksi Helenius<br \/>\n040 5354871<br \/>\nlpkj@tume.fi<\/p>\n<p><strong>Sudenpentuosastonjohtaja<br \/>\n<\/strong>Jussi Hurme<br \/>\n040 7617132<br \/>\nsudenpennut@tume.fi<\/p>\n","protected":false},"excerpt":{"rendered":"<p>Aloita partio! &#8211; Liity Turun Mets\u00e4nk\u00e4vij\u00f6ihin Ennen toimintakauden alkua voitte t\u00e4ytt\u00e4\u00e4 j\u00e4senhakemuslomakkeen osoitteessa https:\/\/tume.fi\/jasenhakemus. Saatte lomakkeen l\u00e4hett\u00e4misen j\u00e4lkeen viel\u00e4 erillisen vahvistusviestin, jossa varmistetaan kyseisen ik\u00e4luokan ryhm\u00e4\u00e4n mahtuminen. Toimintakausi 2025-2026 alkaa sudenpentujen (7-9-vuotiaat) osalta tiistaina 19.08.2025 klo 18-19 aloitusinfo tilaisuudessa keskustan kololla (L\u00e4ntinen Pitk\u00e4katu 12, 20100 Turku). Aloitusinfon j\u00e4lkeen viikoittaiset kokoukset alkavat seuraavalla viikolla keskustan ja Hirvensalon koloilla. Mik\u00e4li haluatte liitty\u00e4 partioon toimintakauden aikana, otattehan ensin yhteytt\u00e4 lippukunnanjohtajaan\u00a0 s\u00e4hk\u00f6postitse. Partio harrastuksena&hellip; <\/p>\n","protected":false},"author":6,"featured_media":0,"parent":0,"menu_order":0,"comment_status":"closed","ping_status":"closed","template":"","meta":{"footnotes":""},"class_list":["post-16","page","type-page","status-publish","hentry"],"aioseo_notices":[],"_links":{"self":[{"href":"https:\/\/tume.fi\/partio\/wp-json\/wp\/v2\/pages\/16","targetHints":{"allow":["GET"]}}],"collection":[{"href":"https:\/\/tume.fi\/partio\/wp-json\/wp\/v2\/pages"}],"about":[{"href":"https:\/\/tume.fi\/partio\/wp-json\/wp\/v2\/types\/page"}],"author":[{"embeddable":true,"href":"https:\/\/tume.fi\/partio\/wp-json\/wp\/v2\/users\/6"}],"replies":[{"embeddable":true,"href":"https:\/\/tume.fi\/partio\/wp-json\/wp\/v2\/comments?post=16"}],"version-history":[{"count":36,"href":"https:\/\/tume.fi\/partio\/wp-json\/wp\/v2\/pages\/16\/revisions"}],"predecessor-version":[{"id":1285,"href":"https:\/\/tume.fi\/partio\/wp-json\/wp\/v2\/pages\/16\/revisions\/1285"}],"wp:attachment":[{"href":"https:\/\/tume.fi\/partio\/wp-json\/wp\/v2\/media?parent=16"}],"curies":[{"name":"wp","href":"https:\/\/api.w.org\/{rel}","templated":true}]}}