{"id":2,"date":"2014-04-02T08:32:27","date_gmt":"2014-04-02T08:32:27","guid":{"rendered":"http:\/\/localhost\/wordpress-3.8\/wordpress\/?page_id=2"},"modified":"2025-10-25T21:25:03","modified_gmt":"2025-10-25T19:25:03","slug":"sample-page","status":"publish","type":"page","link":"https:\/\/tume.fi\/partio\/","title":{"rendered":"Tervetuloa Turun Mets\u00e4nk\u00e4vij\u00e4in sivuille!"},"content":{"rendered":"<p>Partiopoikalippukunta Turun Mets\u00e4nk\u00e4vij\u00e4t on perustettu vuonna 1925. Lippukunnassa toimii yhteens\u00e4 15 laumaa, joukkuetta ja vartiota, aktiivisten j\u00e4senten m\u00e4\u00e4r\u00e4 on noin 220. Partiotoiminnan lis\u00e4ksi Turun Mets\u00e4nk\u00e4vij\u00f6ill\u00e4 on oma <a href=\"http:\/\/www.tume.fi\/soittokunta\">soittokunta<\/a>\u00a0ja\u00a0<a href=\"http:\/\/www.tume.fi\/suunnistajat\">suunnistusseura<\/a>. Lippukunnan nykyiset kolot sijaitsevat Turun keskustassa, Puolalanm\u00e4en kupeessa ja Hirvensalossa, Moikoisten Alistalolla.<\/p>\n<p>Turun Mets\u00e4nk\u00e4vij\u00e4t kuuluu Suomen Mets\u00e4nk\u00e4vij\u00e4in 23 lippukunnan joukkoon, joiden yhteinen historia ja perinteet juontavat juurensa jo vuodesta 1917. Mets\u00e4nk\u00e4vij\u00e4in tunnuksiin kuuluvat muun muassa perinteinen ruskea partiopaita ja sinivalkea m\u00e4nkij\u00e4huivi.<\/p>\n<div class=\"th-slider-readmore-button\">\n<p><a title=\"Partio - Oppimista ja el\u00e4myksi\u00e4 yhdess\u00e4!\" href=\"http:\/\/tume.fi\/partio\/liity-partioon\/\">Liity Mukaan!<\/a><\/p>\n<\/div>\n","protected":false},"excerpt":{"rendered":"<p>Partiopoikalippukunta Turun Mets\u00e4nk\u00e4vij\u00e4t on perustettu vuonna 1925. Lippukunnassa toimii yhteens\u00e4 15 laumaa, joukkuetta ja vartiota, aktiivisten j\u00e4senten m\u00e4\u00e4r\u00e4 on noin 220. Partiotoiminnan lis\u00e4ksi Turun Mets\u00e4nk\u00e4vij\u00f6ill\u00e4 on oma soittokunta\u00a0ja\u00a0suunnistusseura. Lippukunnan nykyiset kolot sijaitsevat Turun keskustassa, Puolalanm\u00e4en kupeessa ja Hirvensalossa, Moikoisten Alistalolla. Turun Mets\u00e4nk\u00e4vij\u00e4t kuuluu Suomen Mets\u00e4nk\u00e4vij\u00e4in 23 lippukunnan joukkoon, joiden yhteinen historia ja perinteet juontavat juurensa jo vuodesta 1917. Mets\u00e4nk\u00e4vij\u00e4in tunnuksiin kuuluvat muun muassa perinteinen ruskea partiopaita ja sinivalkea m\u00e4nkij\u00e4huivi. Liity&hellip; <\/p>\n","protected":false},"author":6,"featured_media":0,"parent":0,"menu_order":0,"comment_status":"closed","ping_status":"closed","template":"","meta":{"footnotes":""},"class_list":["post-2","page","type-page","status-publish","hentry"],"aioseo_notices":[],"_links":{"self":[{"href":"https:\/\/tume.fi\/partio\/wp-json\/wp\/v2\/pages\/2","targetHints":{"allow":["GET"]}}],"collection":[{"href":"https:\/\/tume.fi\/partio\/wp-json\/wp\/v2\/pages"}],"about":[{"href":"https:\/\/tume.fi\/partio\/wp-json\/wp\/v2\/types\/page"}],"author":[{"embeddable":true,"href":"https:\/\/tume.fi\/partio\/wp-json\/wp\/v2\/users\/6"}],"replies":[{"embeddable":true,"href":"https:\/\/tume.fi\/partio\/wp-json\/wp\/v2\/comments?post=2"}],"version-history":[{"count":13,"href":"https:\/\/tume.fi\/partio\/wp-json\/wp\/v2\/pages\/2\/revisions"}],"predecessor-version":[{"id":1288,"href":"https:\/\/tume.fi\/partio\/wp-json\/wp\/v2\/pages\/2\/revisions\/1288"}],"wp:attachment":[{"href":"https:\/\/tume.fi\/partio\/wp-json\/wp\/v2\/media?parent=2"}],"curies":[{"name":"wp","href":"https:\/\/api.w.org\/{rel}","templated":true}]}}