{"id":40,"date":"2014-04-03T11:20:15","date_gmt":"2014-04-03T09:20:15","guid":{"rendered":"http:\/\/tume.fi\/partio\/?page_id=40"},"modified":"2025-10-20T12:45:08","modified_gmt":"2025-10-20T10:45:08","slug":"sudenpennut","status":"publish","type":"page","link":"https:\/\/tume.fi\/partio\/toiminta\/sudenpennut\/","title":{"rendered":"Sudenpennut 7-9 v."},"content":{"rendered":"\n<p>7\u20139-vuotiaiden sudenpentulaumojen toimintaa v\u00e4ritt\u00e4v\u00e4t leikit, seikkailut ja tarinat. Viikoittaisissa illoissaan sudenpennut oppivat asioita, joita ei tietokonepelej\u00e4 ahmimalla omaksuta. Sudenpennut tapaavat ik\u00e4tovereitaan retkill\u00e4, leireill\u00e4 ja partiotaitokilpailuissa.<\/p>\n<div class=\"ryhmagrid\">\n\n\t<div>\n\t\t<h2>Muurahaiskarhut<\/h2>\n\t\t<p>\n\t\t\t2017-2018 syntyneet, keskusta<br>\n\t\t\t<b>Johtajat:<\/b><br>\n\t\t\tEllen Ekblom 040 0282052<br>\n\t\t\tAntti Hurme 040 5050781<br>\n\t\t\tJonas V\u00e4\u00e4n\u00e4nen 045 1048650<br>\n\t\t\t<b>Kokous:<\/b> Torstai 18:00-19:00\n\t\t<\/p>\n\t<\/div>\n\t<div>\n\t\t<h2>Hunajakarhut<\/h2>\n\t\t<p>\n\t\t\t2016 syntyneet, keskusta<br>\n\t\t\t<b>Johtajat:<\/b><br>\n\t\t\tTeemu Luntamo<br>\n\t\t\tAkseli Gr\u00f6ndahl 045 3227999<br>\n\t\t\t<b>Kokous:<\/b> Tiistai 18:00-19:00\n\t\t<\/p>\n\t<\/div>\n\n\t<div>\n\t\t<h2>Hopeakarhut<\/h2>\n\t\t<p>\n\t\t\t2018 syntyneet, Hirvensalo<br>\n\t\t\t<b>Johtajat:<\/b><br>\n\t\t\tSami Sinervo 040 5350737<br>\n\t\t\tStefan Stj\u00e4rnstedt 040 7754669<br>\n\t\t\tJaakko H\u00e4kli 040 7402866<br>\n\t\t\tJari Gr\u00f6nroos 040 0359871<br>\n\t\t\t<b>Kokous:<\/b> Keskiviikko 18:00-19:00\n\t\t<\/p>\n\t<\/div>\n\n\t<div>\n\t\t<h2>Harmaakarhut<\/h2>\n\t\t<p>\n\t\t\t2016-2017 syntyneet, Hirvensalo<br>\n\t\t\t<b>Johtajat:<\/b><br>\n\t\t\tSami Sinervo 040 5350737<br>\n\t\t\tStefan Stj\u00e4rnstedt 040 7754669<br>\n\t\t\tJaakko H\u00e4kli 040 7402866<br>\n\t\t\tJari Gr\u00f6nroos 040 0359871<br>\n\t\t\t<b>Kokous:<\/b> Keskiviikko 19:00-20:00\n\t\t<\/p>\n\t<\/div>\n\n<\/div>\n\n\n\n<p><\/p>\n","protected":false},"excerpt":{"rendered":"<p>7\u20139-vuotiaiden sudenpentulaumojen toimintaa v\u00e4ritt\u00e4v\u00e4t leikit, seikkailut ja tarinat. Viikoittaisissa illoissaan sudenpennut oppivat asioita, joita ei tietokonepelej\u00e4 ahmimalla omaksuta. Sudenpennut tapaavat ik\u00e4tovereitaan retkill\u00e4, leireill\u00e4 ja partiotaitokilpailuissa. Muurahaiskarhut 2017-2018 syntyneet, keskusta Johtajat: Ellen Ekblom 040 0282052 Antti Hurme 040 5050781 Jonas V\u00e4\u00e4n\u00e4nen 045 1048650 Kokous: Torstai 18:00-19:00 Hunajakarhut 2016 syntyneet, keskusta Johtajat: Teemu Luntamo Akseli Gr\u00f6ndahl 045 3227999 Kokous: Tiistai 18:00-19:00 Hopeakarhut 2018 syntyneet, Hirvensalo Johtajat: Sami Sinervo 040 5350737 Stefan Stj\u00e4rnstedt&hellip; <\/p>\n","protected":false},"author":6,"featured_media":0,"parent":14,"menu_order":0,"comment_status":"closed","ping_status":"closed","template":"","meta":{"footnotes":""},"class_list":["post-40","page","type-page","status-publish","hentry"],"aioseo_notices":[],"_links":{"self":[{"href":"https:\/\/tume.fi\/partio\/wp-json\/wp\/v2\/pages\/40","targetHints":{"allow":["GET"]}}],"collection":[{"href":"https:\/\/tume.fi\/partio\/wp-json\/wp\/v2\/pages"}],"about":[{"href":"https:\/\/tume.fi\/partio\/wp-json\/wp\/v2\/types\/page"}],"author":[{"embeddable":true,"href":"https:\/\/tume.fi\/partio\/wp-json\/wp\/v2\/users\/6"}],"replies":[{"embeddable":true,"href":"https:\/\/tume.fi\/partio\/wp-json\/wp\/v2\/comments?post=40"}],"version-history":[{"count":70,"href":"https:\/\/tume.fi\/partio\/wp-json\/wp\/v2\/pages\/40\/revisions"}],"predecessor-version":[{"id":1278,"href":"https:\/\/tume.fi\/partio\/wp-json\/wp\/v2\/pages\/40\/revisions\/1278"}],"up":[{"embeddable":true,"href":"https:\/\/tume.fi\/partio\/wp-json\/wp\/v2\/pages\/14"}],"wp:attachment":[{"href":"https:\/\/tume.fi\/partio\/wp-json\/wp\/v2\/media?parent=40"}],"curies":[{"name":"wp","href":"https:\/\/api.w.org\/{rel}","templated":true}]}}