{"id":44,"date":"2014-04-03T11:21:14","date_gmt":"2014-04-03T09:21:14","guid":{"rendered":"http:\/\/tume.fi\/partio\/?page_id=44"},"modified":"2025-10-02T08:23:44","modified_gmt":"2025-10-02T06:23:44","slug":"tarpojat","status":"publish","type":"page","link":"https:\/\/tume.fi\/partio\/toiminta\/tarpojat\/","title":{"rendered":"Tarpojat 12-14 v."},"content":{"rendered":"<p>12\u201314-vuotiaiden tarpojavartioiden ohjelmassa korostuu yhdess\u00e4 toimiminen ja kavereiden kanssa koetut el\u00e4mykset. Tarpojat liikkuvat ketter\u00e4sti haastavissakin maastoissa. Tarpojaohjelma koostuu nelj\u00e4st\u00e4 puolen vuoden jaksosta eli tarposta. Tarppojen teemat ovat leiri, luovuus, selviytyminen ja yhteiskunta. Jokaisen tarpon p\u00e4\u00e4t\u00f6stapahtumaa kutsutaan majakaksi.<\/p>\n<div class=\"ryhmagrid\">\n<div>\n<h2>Huuhkaja-vartio<\/h2>\n<p>2013 syntyneet, keskusta<br \/>\n<b>Johtajat:<\/b><br \/>\nLauri Kangas<br \/>\nLeon Tovar<br \/>\nMaximus Ruhtinas<br \/>\nPyry Suotonen<br \/>\n<b>Kokous:<\/b> Tistai 19:00-20:00<\/p>\n<\/div>\n<div>\n<h2>Hirvi-vartio<\/h2>\n<p>2012 syntyneet, keskusta<br \/>\n<b>Johtajat:<\/b><br \/>\nEino Gr\u00f6ndahl<br \/>\nLeevi Handolin<br \/>\nVerner Leinonen<br \/>\nNiklas Pohjonen<br \/>\n<b>Kokous:<\/b> Maanantai 18:00-19:00<\/p>\n<\/div>\n<div>\n<h2>Haukka-vartio<\/h2>\n<p>2011 syntyneet, keskusta<br \/>\n<b>Johtajat:<\/b><br \/>\nBen Millner<br \/>\nVilho Gr\u00f6ndahl<br \/>\nNiko-Petteri Marjam\u00e4ki<br \/>\n<b>Kokous:<\/b> Tistai 18:00-19:00<\/p>\n<\/div>\n<\/div>\n","protected":false},"excerpt":{"rendered":"<p>12\u201314-vuotiaiden tarpojavartioiden ohjelmassa korostuu yhdess\u00e4 toimiminen ja kavereiden kanssa koetut el\u00e4mykset. Tarpojat liikkuvat ketter\u00e4sti haastavissakin maastoissa. Tarpojaohjelma koostuu nelj\u00e4st\u00e4 puolen vuoden jaksosta eli tarposta. Tarppojen teemat ovat leiri, luovuus, selviytyminen ja yhteiskunta. Jokaisen tarpon p\u00e4\u00e4t\u00f6stapahtumaa kutsutaan majakaksi. Huuhkaja-vartio 2013 syntyneet, keskusta Johtajat: Lauri Kangas Leon Tovar Maximus Ruhtinas Pyry Suotonen Kokous: Tistai 19:00-20:00 Hirvi-vartio 2012 syntyneet, keskusta Johtajat: Eino Gr\u00f6ndahl Leevi Handolin Verner Leinonen Niklas Pohjonen Kokous: Maanantai 18:00-19:00 Haukka-vartio&hellip; <\/p>\n","protected":false},"author":6,"featured_media":0,"parent":14,"menu_order":2,"comment_status":"closed","ping_status":"closed","template":"","meta":{"footnotes":""},"class_list":["post-44","page","type-page","status-publish","hentry"],"aioseo_notices":[],"_links":{"self":[{"href":"https:\/\/tume.fi\/partio\/wp-json\/wp\/v2\/pages\/44","targetHints":{"allow":["GET"]}}],"collection":[{"href":"https:\/\/tume.fi\/partio\/wp-json\/wp\/v2\/pages"}],"about":[{"href":"https:\/\/tume.fi\/partio\/wp-json\/wp\/v2\/types\/page"}],"author":[{"embeddable":true,"href":"https:\/\/tume.fi\/partio\/wp-json\/wp\/v2\/users\/6"}],"replies":[{"embeddable":true,"href":"https:\/\/tume.fi\/partio\/wp-json\/wp\/v2\/comments?post=44"}],"version-history":[{"count":47,"href":"https:\/\/tume.fi\/partio\/wp-json\/wp\/v2\/pages\/44\/revisions"}],"predecessor-version":[{"id":1275,"href":"https:\/\/tume.fi\/partio\/wp-json\/wp\/v2\/pages\/44\/revisions\/1275"}],"up":[{"embeddable":true,"href":"https:\/\/tume.fi\/partio\/wp-json\/wp\/v2\/pages\/14"}],"wp:attachment":[{"href":"https:\/\/tume.fi\/partio\/wp-json\/wp\/v2\/media?parent=44"}],"curies":[{"name":"wp","href":"https:\/\/api.w.org\/{rel}","templated":true}]}}