{"id":46,"date":"2014-04-03T11:21:40","date_gmt":"2014-04-03T09:21:40","guid":{"rendered":"http:\/\/tume.fi\/partio\/?page_id=46"},"modified":"2025-10-21T11:59:47","modified_gmt":"2025-10-21T09:59:47","slug":"samoajat","status":"publish","type":"page","link":"https:\/\/tume.fi\/partio\/toiminta\/samoajat\/","title":{"rendered":"Samoajat 15-17 v."},"content":{"rendered":"<p>15\u201317-vuotiaiden samoajavartioiden partio-ohjelmaan kuuluu olennaisena osana ryhm\u00e4nohjaajakoulutus ja johtamisharjoittelu. Samoajat toimivat tarpojaik\u00e4isten vartionjohtajina. Samoajat suunnittelevat toimintaansa yhdess\u00e4 aikuisen luotsinsa kanssa ryhm\u00e4n kiinnostuksen kohteiden mukaisesti.<\/p>\n<div class=\"ryhmagrid\">\n<div>\n<h2>Liito-Orava<\/h2>\n<p>2008 syntyneet, keskusta<\/p>\n<\/div>\n<div>\n<h2>Susi<\/h2>\n<p>2009 syntyneet, keskusta<\/p>\n<\/div>\n<div>\n<h2>Orava<\/h2>\n<p>2010 syntyneet, keskusta<\/p>\n<\/div>\n<\/div>\n","protected":false},"excerpt":{"rendered":"<p>15\u201317-vuotiaiden samoajavartioiden partio-ohjelmaan kuuluu olennaisena osana ryhm\u00e4nohjaajakoulutus ja johtamisharjoittelu. Samoajat toimivat tarpojaik\u00e4isten vartionjohtajina. Samoajat suunnittelevat toimintaansa yhdess\u00e4 aikuisen luotsinsa kanssa ryhm\u00e4n kiinnostuksen kohteiden mukaisesti. Liito-Orava 2008 syntyneet, keskusta Susi 2009 syntyneet, keskusta Orava 2010 syntyneet, keskusta<\/p>\n","protected":false},"author":6,"featured_media":0,"parent":14,"menu_order":3,"comment_status":"closed","ping_status":"closed","template":"","meta":{"footnotes":""},"class_list":["post-46","page","type-page","status-publish","hentry"],"aioseo_notices":[],"_links":{"self":[{"href":"https:\/\/tume.fi\/partio\/wp-json\/wp\/v2\/pages\/46","targetHints":{"allow":["GET"]}}],"collection":[{"href":"https:\/\/tume.fi\/partio\/wp-json\/wp\/v2\/pages"}],"about":[{"href":"https:\/\/tume.fi\/partio\/wp-json\/wp\/v2\/types\/page"}],"author":[{"embeddable":true,"href":"https:\/\/tume.fi\/partio\/wp-json\/wp\/v2\/users\/6"}],"replies":[{"embeddable":true,"href":"https:\/\/tume.fi\/partio\/wp-json\/wp\/v2\/comments?post=46"}],"version-history":[{"count":16,"href":"https:\/\/tume.fi\/partio\/wp-json\/wp\/v2\/pages\/46\/revisions"}],"predecessor-version":[{"id":1283,"href":"https:\/\/tume.fi\/partio\/wp-json\/wp\/v2\/pages\/46\/revisions\/1283"}],"up":[{"embeddable":true,"href":"https:\/\/tume.fi\/partio\/wp-json\/wp\/v2\/pages\/14"}],"wp:attachment":[{"href":"https:\/\/tume.fi\/partio\/wp-json\/wp\/v2\/media?parent=46"}],"curies":[{"name":"wp","href":"https:\/\/api.w.org\/{rel}","templated":true}]}}