{"id":1020,"date":"2016-03-29T10:32:54","date_gmt":"2016-03-29T08:32:54","guid":{"rendered":"http:\/\/tume.fi\/suunnistajat\/?page_id=1020"},"modified":"2016-05-10T17:05:06","modified_gmt":"2016-05-10T15:05:06","slug":"klubb","status":"publish","type":"page","link":"https:\/\/tume.fi\/suunnistajat\/pa-svenska\/klubb\/","title":{"rendered":"Klubb"},"content":{"rendered":"<div>\u00c5bo orienteringsklubb Turun Mets\u00e4nk\u00e4vij\u00e4t \u00e4r en del av samma namn scoutkommite.<\/div>\n<div>Fr\u00e5n b\u00f6rjan har pojkscouternas orienteringshobby med \u00e5ren v\u00e4xt markant f\u00f6r den finska mansorienteringen.<\/div>\n<div>I Jukola och i Tiomila \u00e4r det b\u00e4sta resultatet \u00a0andra plats.<\/div>\n<div><\/div>\n<div>Turun Mets\u00e4nk\u00e4vij\u00e4t \u00e4r en internationell klubb.<\/div>\n<div>Idag i representativ grupp orienterar fr\u00e5n sju olika l\u00e4nder.<\/div>\n<div>Trots detta klubbr\u00f6tter \u00e4r djupt i \u00c5boregionen och aktivitet \u00e4r fast kopplade till scoutverksamheten.<\/div>\n<div><\/div>\n<div>Klubb bas, dvs. <i>kolo<\/i>, \u00e4r bel\u00e4gen L\u00e4ntinenkatu 12, precis vid Puolala park.<\/div>\n<div>L\u00e4gercenter finns i Kimito och i Yl\u00e4ne, med utm\u00e4rkt terr\u00e4ng,ungef\u00e4r en timmes k\u00f6rning fr\u00e5n \u00c5bo.<\/div>\n<div><\/div>\n<div>\n<div>Klubbens storlek \u00e4r medelstor, aktiva medlemmar \u00e4r ca 80.<\/div>\n<div>Klubben erbjuder aktiviteter fr\u00e5n dom yngsta scouterna till spetsen av v\u00e4rldens skarpaste elit.<\/div>\n<\/div>\n","protected":false},"excerpt":{"rendered":"<p>\u00c5bo orienteringsklubb Turun Mets\u00e4nk\u00e4vij\u00e4t \u00e4r en del av samma namn scoutkommite. Fr\u00e5n b\u00f6rjan har pojkscouternas orienteringshobby med \u00e5ren v\u00e4xt markant f\u00f6r den finska mansorienteringen. I Jukola och i Tiomila \u00e4r det b\u00e4sta resultatet \u00a0andra plats. Turun Mets\u00e4nk\u00e4vij\u00e4t \u00e4r en internationell klubb. Idag i representativ grupp orienterar fr\u00e5n sju olika l\u00e4nder. Trots detta klubbr\u00f6tter \u00e4r djupt &hellip; <a href=\"https:\/\/tume.fi\/suunnistajat\/pa-svenska\/klubb\/\" class=\"more-link\">Continue reading <span class=\"screen-reader-text\">Klubb<\/span> <span class=\"meta-nav\">&rarr;<\/span><\/a><\/p>\n","protected":false},"author":3,"featured_media":0,"parent":1013,"menu_order":0,"comment_status":"closed","ping_status":"closed","template":"","meta":{"_exactmetrics_skip_tracking":false,"_exactmetrics_sitenote_active":false,"_exactmetrics_sitenote_note":"","_exactmetrics_sitenote_category":0,"footnotes":""},"class_list":["post-1020","page","type-page","status-publish","hentry"],"_links":{"self":[{"href":"https:\/\/tume.fi\/suunnistajat\/wp-json\/wp\/v2\/pages\/1020","targetHints":{"allow":["GET"]}}],"collection":[{"href":"https:\/\/tume.fi\/suunnistajat\/wp-json\/wp\/v2\/pages"}],"about":[{"href":"https:\/\/tume.fi\/suunnistajat\/wp-json\/wp\/v2\/types\/page"}],"author":[{"embeddable":true,"href":"https:\/\/tume.fi\/suunnistajat\/wp-json\/wp\/v2\/users\/3"}],"replies":[{"embeddable":true,"href":"https:\/\/tume.fi\/suunnistajat\/wp-json\/wp\/v2\/comments?post=1020"}],"version-history":[{"count":6,"href":"https:\/\/tume.fi\/suunnistajat\/wp-json\/wp\/v2\/pages\/1020\/revisions"}],"predecessor-version":[{"id":1180,"href":"https:\/\/tume.fi\/suunnistajat\/wp-json\/wp\/v2\/pages\/1020\/revisions\/1180"}],"up":[{"embeddable":true,"href":"https:\/\/tume.fi\/suunnistajat\/wp-json\/wp\/v2\/pages\/1013"}],"wp:attachment":[{"href":"https:\/\/tume.fi\/suunnistajat\/wp-json\/wp\/v2\/media?parent=1020"}],"curies":[{"name":"wp","href":"https:\/\/api.w.org\/{rel}","templated":true}]}}