{"id":1101,"date":"2016-03-30T15:54:35","date_gmt":"2016-03-30T13:54:35","guid":{"rendered":"http:\/\/tume.fi\/suunnistajat\/?page_id=1101"},"modified":"2025-01-15T12:29:25","modified_gmt":"2025-01-15T10:29:25","slug":"kontakts","status":"publish","type":"page","link":"https:\/\/tume.fi\/suunnistajat\/latviski\/kontakts\/","title":{"rendered":"Kontakts"},"content":{"rendered":"<p><!--\n\n\n<h4>Izpilddirektors<\/h4>\n\n\n<strong><\/strong>\n\n--><\/p>\n<h4>Priek\u0161\u0113d\u0113t\u0101js<\/h4>\n<div>\n<p><strong>Mikko Knuuti<\/strong><\/p>\n<p>mikko.knuuti(at)tume.fi<\/p>\n<p>+358 40 7782566<\/p>\n<h4>Sacenc\u012bbu p\u0101rzinis, sekret\u0101rs<\/h4>\n<div>\n<p><strong>Rauli Helkkula<\/strong><\/p>\n<p>Lautamiehenkatu 1 C 19, 21200 Raisio<\/p>\n<p>rauli.helkkula(at)tume.fi<\/p>\n<p>+358 40 5406438<\/p>\n<\/div>\n<h4>Manager<\/h4>\n<div>\n<p><strong>Juha Suntila<\/strong><\/p>\n<p>juha.suntila(at)tume.fi<\/p>\n<p>+358 40 8357383<\/p>\n<h4>Coach<\/h4>\n<p>juha.taini(at)gmail.com<\/p>\n<h4>Atbild\u012bgais par kart\u0113m<\/h4>\n<div>\n<p><strong>Juha Hiirsalmi<\/strong><\/p>\n<p>juha.hiirsalmi(at)tume.fi<\/p>\n<p>+358 40 5029906<\/p>\n<\/div>\n<h4>Web master<\/h4>\n<div>\n<p><strong>Petri Nurminen<\/strong><\/p>\n<p>petri.nurminen(at)tume.fi<\/p>\n<\/div>\n<\/div>\n<\/div>\n","protected":false},"excerpt":{"rendered":"<p>Priek\u0161\u0113d\u0113t\u0101js Mikko Knuuti mikko.knuuti(at)tume.fi +358 40 7782566 Sacenc\u012bbu p\u0101rzinis, sekret\u0101rs Rauli Helkkula Lautamiehenkatu 1 C 19, 21200 Raisio rauli.helkkula(at)tume.fi +358 40 5406438 Manager Juha Suntila juha.suntila(at)tume.fi +358 40 8357383 Coach juha.taini(at)gmail.com Atbild\u012bgais par kart\u0113m Juha Hiirsalmi juha.hiirsalmi(at)tume.fi +358 40 5029906 Web master Petri Nurminen petri.nurminen(at)tume.fi<\/p>\n","protected":false},"author":6,"featured_media":0,"parent":1104,"menu_order":0,"comment_status":"closed","ping_status":"closed","template":"","meta":{"_exactmetrics_skip_tracking":false,"_exactmetrics_sitenote_active":false,"_exactmetrics_sitenote_note":"","_exactmetrics_sitenote_category":0,"footnotes":""},"class_list":["post-1101","page","type-page","status-publish","hentry"],"_links":{"self":[{"href":"https:\/\/tume.fi\/suunnistajat\/wp-json\/wp\/v2\/pages\/1101","targetHints":{"allow":["GET"]}}],"collection":[{"href":"https:\/\/tume.fi\/suunnistajat\/wp-json\/wp\/v2\/pages"}],"about":[{"href":"https:\/\/tume.fi\/suunnistajat\/wp-json\/wp\/v2\/types\/page"}],"author":[{"embeddable":true,"href":"https:\/\/tume.fi\/suunnistajat\/wp-json\/wp\/v2\/users\/6"}],"replies":[{"embeddable":true,"href":"https:\/\/tume.fi\/suunnistajat\/wp-json\/wp\/v2\/comments?post=1101"}],"version-history":[{"count":14,"href":"https:\/\/tume.fi\/suunnistajat\/wp-json\/wp\/v2\/pages\/1101\/revisions"}],"predecessor-version":[{"id":2726,"href":"https:\/\/tume.fi\/suunnistajat\/wp-json\/wp\/v2\/pages\/1101\/revisions\/2726"}],"up":[{"embeddable":true,"href":"https:\/\/tume.fi\/suunnistajat\/wp-json\/wp\/v2\/pages\/1104"}],"wp:attachment":[{"href":"https:\/\/tume.fi\/suunnistajat\/wp-json\/wp\/v2\/media?parent=1101"}],"curies":[{"name":"wp","href":"https:\/\/api.w.org\/{rel}","templated":true}]}}