{"id":1576,"date":"2017-05-26T13:57:39","date_gmt":"2017-05-26T11:57:39","guid":{"rendered":"http:\/\/tume.fi\/suunnistajat\/?page_id=1576"},"modified":"2017-05-30T07:35:11","modified_gmt":"2017-05-30T05:35:11","slug":"2017-nuorten-aluekilpailu","status":"publish","type":"page","link":"https:\/\/tume.fi\/suunnistajat\/kisat\/2017-nuorten-aluekilpailu\/","title":{"rendered":"2017 V-S NUORTEN ALUEKILPAILU"},"content":{"rendered":"<ul>\n<li>29.5.2017 Suikkilan koulu, Talikorventie 16, Turku<\/li>\n<li><a href=\"http:\/\/tume.fi\/suunnistajat\/kilpailut\/2017_nuorten_aluekilpailu\/Kilpailukutsu.pdf\">Kilpailukutsu (pdf)<\/a><\/li>\n<li><a href=\"http:\/\/tume.fi\/suunnistajat\/kilpailut\/2017_nuorten_aluekilpailu\/kilpailuohje.pdf\">Alustavat kilpailuohjeet (pdf)<\/a><\/li>\n<li><a href=\"http:\/\/tume.fi\/suunnistajat\/kilpailut\/2017_nuorten_aluekilpailu\/lahtoluettelo.htm\">L\u00e4ht\u00f6ajat<\/a><\/li>\n<li><a href=\"http:\/\/tume.fi\/suunnistajat\/kilpailut\/2017_nuorten_aluekilpailu\/tulokset.htm\">Tulokset<\/a><\/li>\n<li><a href=\"http:\/\/tume.fi\/suunnistajat\/kilpailut\/2017_nuorten_aluekilpailu\/valiajat.htm\">V\u00e4liajat<\/a><\/li>\n<li><a href=\"https:\/\/plus.google.com\/u\/0\/photos\/108917586563848601893\/album\/6425623759220937153?authkey=CPu4peiarcf4Fw\">Valokuvia kisasta (Jarmo Jerkku)<\/a><\/li>\n<li><a href=\" https:\/\/1drv.ms\/f\/s!ArZ2mLZCvoKXiHsFtP_IyH_aIQDS\">Valokuvia kisasta (Pasi Rantala)<\/a><\/li>\n<\/ul>\n","protected":false},"excerpt":{"rendered":"<p>29.5.2017 Suikkilan koulu, Talikorventie 16, Turku Kilpailukutsu (pdf) Alustavat kilpailuohjeet (pdf) L\u00e4ht\u00f6ajat Tulokset V\u00e4liajat Valokuvia kisasta (Jarmo Jerkku) Valokuvia kisasta (Pasi Rantala)<\/p>\n","protected":false},"author":6,"featured_media":0,"parent":20,"menu_order":0,"comment_status":"closed","ping_status":"closed","template":"","meta":{"_exactmetrics_skip_tracking":false,"_exactmetrics_sitenote_active":false,"_exactmetrics_sitenote_note":"","_exactmetrics_sitenote_category":0,"footnotes":""},"class_list":["post-1576","page","type-page","status-publish","hentry"],"_links":{"self":[{"href":"https:\/\/tume.fi\/suunnistajat\/wp-json\/wp\/v2\/pages\/1576","targetHints":{"allow":["GET"]}}],"collection":[{"href":"https:\/\/tume.fi\/suunnistajat\/wp-json\/wp\/v2\/pages"}],"about":[{"href":"https:\/\/tume.fi\/suunnistajat\/wp-json\/wp\/v2\/types\/page"}],"author":[{"embeddable":true,"href":"https:\/\/tume.fi\/suunnistajat\/wp-json\/wp\/v2\/users\/6"}],"replies":[{"embeddable":true,"href":"https:\/\/tume.fi\/suunnistajat\/wp-json\/wp\/v2\/comments?post=1576"}],"version-history":[{"count":10,"href":"https:\/\/tume.fi\/suunnistajat\/wp-json\/wp\/v2\/pages\/1576\/revisions"}],"predecessor-version":[{"id":1603,"href":"https:\/\/tume.fi\/suunnistajat\/wp-json\/wp\/v2\/pages\/1576\/revisions\/1603"}],"up":[{"embeddable":true,"href":"https:\/\/tume.fi\/suunnistajat\/wp-json\/wp\/v2\/pages\/20"}],"wp:attachment":[{"href":"https:\/\/tume.fi\/suunnistajat\/wp-json\/wp\/v2\/media?parent=1576"}],"curies":[{"name":"wp","href":"https:\/\/api.w.org\/{rel}","templated":true}]}}