{"id":1763,"date":"2017-11-24T14:04:34","date_gmt":"2017-11-24T12:04:34","guid":{"rendered":"http:\/\/tume.fi\/suunnistajat\/?page_id=1763"},"modified":"2017-11-25T21:18:58","modified_gmt":"2017-11-25T19:18:58","slug":"2017essonmuistokisa","status":"publish","type":"page","link":"https:\/\/tume.fi\/suunnistajat\/kisat\/2017essonmuistokisa\/","title":{"rendered":"25.11.2017 ESSON MUISTOKISA"},"content":{"rendered":"<p><img loading=\"lazy\" decoding=\"async\" src=\"http:\/\/tume.fi\/suunnistajat\/wp-content\/uploads\/2017\/11\/Esso1.jpg\" alt=\"Esso\" width=\"248\" height=\"212\" class=\"alignnone size-full wp-image-1764\" \/><\/p>\n<ul>\n<li><a href=\"https:\/\/docs.google.com\/document\/d\/1ZqyG6T7s-W6PMzk7FS-xrLEx4tiuoqOt6ZXfLWMJ0jM\/edit\">Kisaohjeet<\/a><\/li>\n<li><a href=\"https:\/\/docs.google.com\/document\/d\/1qeTZDT91jphvGLrMn_FUxDovkis58XXqTjA3zk3xQ0I\/edit\">L\u00e4ht\u00f6lista<\/a><\/li>\n<li><a href=\"http:\/\/tume.fi\/suunnistajat\/kilpailut\/2017essonmuistokisa\/tulokset.htm\">Tulokset<\/a><\/li>\n<li><a href=\"http:\/\/tume.fi\/suunnistajat\/kilpailut\/2017essonmuistokisa\/valiajat.htm\">V\u00e4liajat<\/a><\/li>\n<li><a href=\"http:\/\/tume.fi\/suunnistajat\/kilpailut\/2017essonmuistokisa\/kartta1.png\">Kartta 1<\/a><\/li>\n<li><a href=\"http:\/\/tume.fi\/suunnistajat\/kilpailut\/2017essonmuistokisa\/kartta2.png\">Kartta 2<\/a><\/li>\n<li><a href=\"http:\/\/tume.fi\/suunnistajat\/kilpailut\/2017essonmuistokisa\/kartta3.png\">Kartta 3<\/a><\/li>\n<\/ul>\n","protected":false},"excerpt":{"rendered":"<p>Kisaohjeet L\u00e4ht\u00f6lista Tulokset V\u00e4liajat Kartta 1 Kartta 2 Kartta 3<\/p>\n","protected":false},"author":6,"featured_media":0,"parent":20,"menu_order":0,"comment_status":"closed","ping_status":"closed","template":"","meta":{"_exactmetrics_skip_tracking":false,"_exactmetrics_sitenote_active":false,"_exactmetrics_sitenote_note":"","_exactmetrics_sitenote_category":0,"footnotes":""},"class_list":["post-1763","page","type-page","status-publish","hentry"],"_links":{"self":[{"href":"https:\/\/tume.fi\/suunnistajat\/wp-json\/wp\/v2\/pages\/1763","targetHints":{"allow":["GET"]}}],"collection":[{"href":"https:\/\/tume.fi\/suunnistajat\/wp-json\/wp\/v2\/pages"}],"about":[{"href":"https:\/\/tume.fi\/suunnistajat\/wp-json\/wp\/v2\/types\/page"}],"author":[{"embeddable":true,"href":"https:\/\/tume.fi\/suunnistajat\/wp-json\/wp\/v2\/users\/6"}],"replies":[{"embeddable":true,"href":"https:\/\/tume.fi\/suunnistajat\/wp-json\/wp\/v2\/comments?post=1763"}],"version-history":[{"count":12,"href":"https:\/\/tume.fi\/suunnistajat\/wp-json\/wp\/v2\/pages\/1763\/revisions"}],"predecessor-version":[{"id":1778,"href":"https:\/\/tume.fi\/suunnistajat\/wp-json\/wp\/v2\/pages\/1763\/revisions\/1778"}],"up":[{"embeddable":true,"href":"https:\/\/tume.fi\/suunnistajat\/wp-json\/wp\/v2\/pages\/20"}],"wp:attachment":[{"href":"https:\/\/tume.fi\/suunnistajat\/wp-json\/wp\/v2\/media?parent=1763"}],"curies":[{"name":"wp","href":"https:\/\/api.w.org\/{rel}","templated":true}]}}