{"id":1907,"date":"2018-05-14T15:01:27","date_gmt":"2018-05-14T13:01:27","guid":{"rendered":"http:\/\/tume.fi\/suunnistajat\/?page_id=1907"},"modified":"2018-05-21T21:54:44","modified_gmt":"2018-05-21T19:54:44","slug":"2018-nuorten-aluekilpailu","status":"publish","type":"page","link":"https:\/\/tume.fi\/suunnistajat\/kisat\/2018-nuorten-aluekilpailu\/","title":{"rendered":"2018 V-S NUORTEN ALUEKILPAILU"},"content":{"rendered":"<ul>\n<li>21.5.2018 Suikkilan koulu, Talikorventie 16, Turku<\/li>\n<li><a href=\"http:\/\/www.tume.fi\/suunn2018\/Kilpailukutsu2018_alue.pdf\">Kilpailukutsu (pdf)<\/a><\/li>\n<li><a href=\"https:\/\/irma.suunnistusliitto.fi\/irma\/public\/competition\/view?id=24128&#038;pageuuid=c73d6a01-f04c-4bb4-bff1-37d84da94d81\">Ilmoittautuminen (IRMA)<\/a><\/li>\n<li><a href=\"http:\/\/www.tume.fi\/suunn2018\/index.php?p=5\">Alustavat kilpailuohjeet (pdf)<\/a><\/li>\n<li><a href=\"http:\/\/www.tume.fi\/suunn2018\/index.php?p=13\">Tutustu sprinttikartan kiellettyihin kohteisiin!<\/a><\/li>\n<li><a href=\"http:\/\/www.tume.fi\/suunn2018\/\">Samaan aikaan Suikkilassa kisataan my\u00f6s Lounais-Suomen partiopiirin mestaruuksista<\/a><\/li>\n<li><a href=\"http:\/\/www.tume.fi\/suunn2018\/index.php?p=6\">L\u00e4ht\u00f6luettelo<\/a><\/li>\n<li>L\u00e4hd\u00f6t tapahtuvat klo 17.30\u201318.30 (L-SP) ja 18.30-19.30 (alue) v\u00e4lisen\u00e4 aikana omaan tahtiin.<br \/>\n<b>HUOM!<\/b> Kilpailijat, jotka kilpailevat sek\u00e4 L-SP:n mestaruuskilpailun H\/D11-12 tai H\/D13-14 sarjassa ett\u00e4 nuorten aluekilpailun vastaavassa H\/D12 tai H\/D14 sarjassa, ovat l\u00e4ht\u00f6luettelossa molemmissa sarjoissa. <b>Emit-kortinnumero n\u00e4kyy vain L-SP:n sarjassa.<\/b> Heid\u00e4n tulos n\u00e4kyy kilpailupaikan tuloksissa vain L-SP:n tuloksissa. Heid\u00e4t lis\u00e4t\u00e4\u00e4n my\u00f6hemmin nettiin tuleviin nuorten aluekilpailun tuloksiin.<br \/>\nT\u00e4ss\u00e4 lista <a href=\"http:\/\/www.tume.fi\/suunn2018\/index.php?p=14\">laina-Emit-korteista<\/a>. Lainakortti on laitettu kaikille, joille ei ollut Emit-numeroa ilmoitettu. Jos et kuitenkaan lainakorttia tarvitse, niin ilmoita <b>hannu.arki(at)tume.fi<\/b>. Kiitos!<\/li>\n<li><a href=\"http:\/\/www.tume.fi\/suunn2018\/tulokseta1.htm\"><b>Tulokset<\/b><\/a><\/li>\n<li><a href=\"http:\/\/www.tume.fi\/suunn2018\/valiajata1.htm\"><b>V\u00e4liajat<\/b><\/a><\/li>\n<\/ul>\n<p><a href=\"https:\/\/varsinais-suomensuunnistus.fi\/category\/nuoriso\/\"><img loading=\"lazy\" decoding=\"async\" src=\"http:\/\/tume.fi\/suunnistajat\/wp-content\/uploads\/2016\/03\/vsslogo.png\" alt=\"V-S Suunnistus\" width=\"112\" height=\"83\" class=\"alignnone size-full wp-image-1119\" \/><\/a><\/p>\n","protected":false},"excerpt":{"rendered":"<p>21.5.2018 Suikkilan koulu, Talikorventie 16, Turku Kilpailukutsu (pdf) Ilmoittautuminen (IRMA) Alustavat kilpailuohjeet (pdf) Tutustu sprinttikartan kiellettyihin kohteisiin! Samaan aikaan Suikkilassa kisataan my\u00f6s Lounais-Suomen partiopiirin mestaruuksista L\u00e4ht\u00f6luettelo L\u00e4hd\u00f6t tapahtuvat klo 17.30\u201318.30 (L-SP) ja 18.30-19.30 (alue) v\u00e4lisen\u00e4 aikana omaan tahtiin. HUOM! Kilpailijat, jotka kilpailevat sek\u00e4 L-SP:n mestaruuskilpailun H\/D11-12 tai H\/D13-14 sarjassa ett\u00e4 nuorten aluekilpailun vastaavassa H\/D12 tai &hellip; <a href=\"https:\/\/tume.fi\/suunnistajat\/kisat\/2018-nuorten-aluekilpailu\/\" class=\"more-link\">Continue reading <span class=\"screen-reader-text\">2018 V-S NUORTEN ALUEKILPAILU<\/span> <span class=\"meta-nav\">&rarr;<\/span><\/a><\/p>\n","protected":false},"author":6,"featured_media":0,"parent":20,"menu_order":0,"comment_status":"closed","ping_status":"closed","template":"","meta":{"_exactmetrics_skip_tracking":false,"_exactmetrics_sitenote_active":false,"_exactmetrics_sitenote_note":"","_exactmetrics_sitenote_category":0,"footnotes":""},"class_list":["post-1907","page","type-page","status-publish","hentry"],"_links":{"self":[{"href":"https:\/\/tume.fi\/suunnistajat\/wp-json\/wp\/v2\/pages\/1907","targetHints":{"allow":["GET"]}}],"collection":[{"href":"https:\/\/tume.fi\/suunnistajat\/wp-json\/wp\/v2\/pages"}],"about":[{"href":"https:\/\/tume.fi\/suunnistajat\/wp-json\/wp\/v2\/types\/page"}],"author":[{"embeddable":true,"href":"https:\/\/tume.fi\/suunnistajat\/wp-json\/wp\/v2\/users\/6"}],"replies":[{"embeddable":true,"href":"https:\/\/tume.fi\/suunnistajat\/wp-json\/wp\/v2\/comments?post=1907"}],"version-history":[{"count":13,"href":"https:\/\/tume.fi\/suunnistajat\/wp-json\/wp\/v2\/pages\/1907\/revisions"}],"predecessor-version":[{"id":1933,"href":"https:\/\/tume.fi\/suunnistajat\/wp-json\/wp\/v2\/pages\/1907\/revisions\/1933"}],"up":[{"embeddable":true,"href":"https:\/\/tume.fi\/suunnistajat\/wp-json\/wp\/v2\/pages\/20"}],"wp:attachment":[{"href":"https:\/\/tume.fi\/suunnistajat\/wp-json\/wp\/v2\/media?parent=1907"}],"curies":[{"name":"wp","href":"https:\/\/api.w.org\/{rel}","templated":true}]}}