{"id":20,"date":"2014-09-01T16:40:25","date_gmt":"2014-09-01T14:40:25","guid":{"rendered":"http:\/\/tume.fi\/suunnistajat2\/?page_id=20"},"modified":"2025-11-14T18:01:48","modified_gmt":"2025-11-14T16:01:48","slug":"kisat","status":"publish","type":"page","link":"https:\/\/tume.fi\/suunnistajat\/kisat\/","title":{"rendered":"Kilpailut"},"content":{"rendered":"<h2>2026<\/h2>\n<p><strong>5.11.2025 &#8211; 18.3.2026 <a href=\"https:\/\/street-o.fi\/turku\">TURKU STREET-O 2025-26<\/a><\/strong><\/p>\n<h2>2025<\/h2>\n<p>25. &#8211; 16.11.2025 <a href=\"https:\/\/tume.fi\/suunnistajat\/2025-36th-clubmatch\/\">36th CLUBMATCH OK V\u00f5ru &#8211; OK Meridi\u0101ns &#8211; TuMe<\/a><br \/>\n13. &#8211; 14.9.2025 <a href=\"https:\/\/www.tume.fi\/tume100\/\">TuMe100 tarkkuussuunnistus<\/a>, TempO ja PreO<br \/>\n13.9.2025 <a href=\"https:\/\/www.tume.fi\/tume100\/\">TuMe100 pikamatka<\/a>, mets\u00e4sprintti<br \/>\n13.9.2025 <a href=\"https:\/\/www.tume.fi\/tume100\/\">TuMe100 3-ottelu<\/a><br \/>\n17.7.2025 <a href=\"https:\/\/tume.fi\/suunnistajat\/kisat\/2025karhuleirisuunnistus\/\">100-vuotisjuhlakes\u00e4leirisuunnistus<\/a><br \/>\n1.1. &#8211; 19.3.2025 <a href=\"https:\/\/street-o.fi\/turku\">TURKU STREET-O 2025 kev\u00e4t<\/a><\/p>\n<h2>2024<\/h2>\n<p>30.10. &#8211; 18.12.2024 <a href=\"https:\/\/street-o.fi\/turku\">TURKU STREET-O 2024 syksy<\/a><br \/>\n8. &#8211; 12.5.2024 <a href=\"https:\/\/www.tume.fi\/etoc2024\/\">ETOC2024 Tarkkuussuunnistuksen Euroopan mestaruuskilpailut<\/a><br \/>\n1.4.2024 <a href=\"https:\/\/tume.fi\/etoc2024\/huhti2024\">Huhti-TempO &amp; Huhti-PreO<\/a><br \/>\n13.1.2024 <a href=\"https:\/\/tume.fi\/etoc2024\/tammi2024\">Tammi-TempO &amp; Tammi-Sprint<\/a><br \/>\n9.1. &#8211; 19.3.2024 <a href=\"https:\/\/street-o.fi\/turku\">TURKU STREET-O 2024 kev\u00e4t<\/a><\/p>\n<h2>2023<\/h2>\n<p>31.10. &#8211; 26.12.2023 <a href=\"https:\/\/street-o.fi\/turku\">TURKU STREET-O 2023 syksy<\/a><br \/>\n9. &#8211; 10.9.2023 <a href=\"https:\/\/www.tume.fi\/erc2023\/\">ERC2023 Rogainingin Euroopan mestaruuskilpailut<\/a><br \/>\n11.1. &#8211; 22.3.2023 <a href=\"https:\/\/street-o.fi\/turku\">TURKU STREET-O 2023 kev\u00e4t<\/a><\/p>\n<h2>2022<\/h2>\n<p>2.11. &#8211; 28.12.2022 <a href=\"https:\/\/street-o.fi\/turku\">TURKU STREET-O 2022 syksy<\/a><br \/>\n29. &#8211; 30.10.2022 <a href=\" https:\/\/tume.fi\/suunnistajat\/kisat\/2022clubmatch\/\">33th CLUBMATCH OK V\u00f5ru &#8211; OK Meridi\u0101ns &#8211; TuMe<\/a><br \/>\n8. &#8211; 9.10.2022 <a href=\"https:\/\/www.tume.fi\/etoc2024\/sm2022\">SM-tarkkuussuunnistus ja Nordic Match<\/a><br \/>\n16.1. &#8211; 13.4.2022 <a href=\"https:\/\/street-o.fi\/turku\">TURKU STREET-O Kev\u00e4tsarja<\/a><\/p>\n<h2>2021<\/h2>\n<p>6.9. &#8211; 29.12.2021 <a href=\"https:\/\/street-o.fi\/turku\">TURKU STREET-O Syyssarja<\/a><br \/>\n19.6.2021 <a href=\"https:\/\/www.tume.fi\/street-o\/index.php?p=2105\">Jukola Street-O Turku<\/a><br \/>\n1. &#8211; 31.5.2021 <a href=\"https:\/\/www.tume.fi\/street-o\/index.php?p=2105\">TURKU STREET-O Kev\u00e4tsarja<\/a><br \/>\n28.10.2020 \u2013 10.3.2021 <a href=\"http:\/\/www.tume.fi\/street-o\/?p=2021\">TURKU STREET-O<\/a><\/p>\n<h2>2020<\/h2>\n<p>17. \u2013 18.10.2020 <a href=\"http:\/\/www.tume.fi\/fintrailo2020\/\">FINTRAILO<\/a><br \/>\n9.9.2020 <a href=\"https:\/\/tume.fi\/suunnistajat\/9-9-2020-av-sprinttitreeni\/\">AV-SPRINTTITREENI<\/a><br \/>\n28.8. \u2013 25.9.2020 <a href=\"http:\/\/www.tume.fi\/street-o\/?p=2009\">TURKU STREET-O Syyssarja<\/a><br \/>\n30.10.2019 \u2013 11.3.2020 <a href=\"http:\/\/www.tume.fi\/street-o\/index.php?p=1920\">TURKU STREET-O<\/a><\/p>\n<h2>2019<\/h2>\n<p>29.12.2019 <a href=\"https:\/\/tume.fi\/suunnistajat\/kisat\/tarkkuussuunnistusta-ruissalossa-29-12-2019\/\">PREO-HARJOITUKSET<\/a><br \/>\n5.12.2019 <a href=\"https:\/\/tume.fi\/suunnistajat\/kisat\/5-12-2019-v-s-av-treeni-ja-yo-cup\/\">V-S AV-TREENI JA Y\u00d6-CUP<\/a><br \/>\n26.10.2019 <a href=\"http:\/\/www.tume.fi\/street-o\/lsp\/\">L-SP TARPOJAT STREET-O<\/a><br \/>\n27.8.2019 <a href=\"http:\/\/www.tume.fi\/street-o\/?p=1908\">AALTO-SPESIAALI STREET-O<\/a><br \/>\n24.-25.8.2019 <a href=\"http:\/\/sm2019.turkurogaining.fi\/\">SM-ROGAINING<\/a> Yl\u00e4neell\u00e4<br \/>\n30.6.2019 <a href=\"https:\/\/tume.fi\/suunnistajat\/kisat\/2019-suurmankio-suunnistus\/\">SUURM\u00c4NKI\u00d6-SUUNNISTUS<\/a><br \/>\n13.6.2019 <a href=\"http:\/\/www.tume.fi\/street-o\/runfest\/turku\/\">RUNFEST STREET-O<\/a><br \/>\n26.4. &#8211; 7.6.2019 <a href=\"http:\/\/www.tume.fi\/street-o\/?p=1905\">TURKU STREET-O Kev\u00e4tsarja<\/a><br \/>\n13.5.2019 <a href=\"http:\/\/tume.fi\/suunnistajat\/kisat\/2019-nuorten-aluekilpailu\/\">V-S NUORTEN ALUEKILPAILU<\/a><br \/>\n1.11.2018 &#8211; 13.3.2019 <a href=\"http:\/\/www.tume.fi\/street-o\/index.php?p=1819\">TURKU STREET-O<\/a><\/p>\n<h2>2018<\/h2>\n<p>29.12.2018 <a href=\"https:\/\/tume.fi\/suunnistajat\/kuntorastit-preo-ruissalossa-29-12-2018\/\">KUNTORASTIT PreO<\/a><br \/>\n13.12.2018 <a href=\"https:\/\/tume.fi\/suunnistajat\/kisat\/v-ss-yo-cup-13-12-2018\/\">V-S AV-treeni ja Y\u00f6-cup<\/a><br \/>\n14.11.2018 <a href=\"http:\/\/www.tume.fi\/rogaining\/?p=800\">TURKU ROGAINING NIGHTSPRINT<\/a><br \/>\n3.-4.11.2018 <a href=\" https:\/\/tume.fi\/suunnistajat\/kisat\/2018clubmatch\/\">30th CLUBMATCH OK V\u00f5ru &#8211; OK Meridi\u0101ns &#8211; TuMe<\/a><br \/>\n10.5.-8.6.2018 <a href=\"http:\/\/www.tume.fi\/street-o\/?p=1805\">TURKU STREET-O Kev\u00e4tsarja<\/a><br \/>\n21.5.2018 <a href=\"http:\/\/tume.fi\/suunnistajat\/kisat\/2018-nuorten-aluekilpailu\/\">V-S NUORTEN ALUEKILPAILU<\/a><br \/>\n21.5.2018 <a href=\"http:\/\/www.tume.fi\/suunn2018\/\">L-SP SUUNNISTUSMESTARUUSKILPAILUT<\/a><br \/>\n30.3.\u20132.4.2018 <a href=\"http:\/\/www.tume.fi\/fintrailo2018\/\">FINTRAILO<\/a><br \/>\n18.3.2018 <a href=\"http:\/\/www.tume.fi\/rogaining\/?p=701\">TURKU ROGAINING WINTERSPRINT<\/a><br \/>\n1.11.2017-21.3.2018 <a href=\"http:\/\/www.tume.fi\/street-o\/index.php?p=1718\">TURKU STREET-O<\/a><\/p>\n<h2>2017<\/h2>\n<p>25.11.2017 <a href=\"http:\/\/www.tume.fi\/suunnistajat\/kisat\/2017essonmuistokisa\/\">ESSON MUISTOKISA<\/a><br \/>\n1.11.2017 <a href=\"http:\/\/www.tume.fi\/rogaining\/tulosarkisto\">TURKU ROGAINING NIGHTSPRINT<\/a><br \/>\n10.9.2017 <a href=\"http:\/\/www.tume.fi\/suunnistajat\/kilpailut\/2017amsprintti\/\">V-S AM-SPRINTTI<\/a><br \/>\n29.5.2017 <a href=\"http:\/\/tume.fi\/suunnistajat\/kisat\/2017-nuorten-aluekilpailu\/\n\">V-S NUORTEN ALUEKILPAILU<\/a><br \/>\n5.3.2017 <a href=\"http:\/\/www.tume.fi\/rogaining\/tulosarkisto\">TURKU ROGAINING WINTERSPRINT<\/a><br \/>\n9.11.2016-22.3.2017 <a href=\"http:\/\/www.tume.fi\/street-o\/index.php?p=1617\">TURKU STREET-O<\/a><\/p>\n<h2>2016<\/h2>\n<p>2.11.2016 <a href=\"http:\/\/www.tume.fi\/rogaining\/tulosarkisto\">TURKU ROGAINING NIGHTSPRINT<\/a><br \/>\n14.5.2016 <a href=\"http:\/\/www.tume.fi\/suunnistajat\/kilpailut\/2016_AM_KM\/\">V-S AM-KESKIMATKA<\/a><br \/>\n13.03.2016 <a href=\"http:\/\/www.tume.fi\/rogaining\/tulosarkisto\">TURKU ROGAINING WINTERSPRINT<\/a><br \/>\n2.3.2016 <a href=\"http:\/\/tume.fi\/suunnistajat\/kisat\/2016-turku-street-o\/\">TURKU STREET-O 3\/2016<\/a><br \/>\n17.2.2016 <a href=\"http:\/\/tume.fi\/suunnistajat\/kisat\/2016-turku-street-o\/\">TURKU STREET-O 2\/2016<\/a><br \/>\n27.1.2016 <a href=\"http:\/\/tume.fi\/suunnistajat\/kisat\/2016-turku-street-o\/\">TURKU STREET-O 1\/2016<\/a><\/p>\n<h2>2015<\/h2>\n<p>14.-15.11.2015 <a href=\"http:\/\/tume.fi\/suunnistajat\/kisat\/2015-clubmatch\/\"> 27th CLUBMATCH &amp; seuranmestaruuskilpailu<\/a><br \/>\n29.10.2015 <a href=\"http:\/\/www.tume.fi\/rogaining\/tulosarkisto\">TURKU ROGAINING NIGHTSPRINT<\/a><br \/>\n15.05.2015 <a href=\"http:\/\/tume.fi\/suunnistajat\/2015-tupin-ja-stpun-sprinttiviesti\/\">TUPI:n ja STPU:n SPRINTTIVIESTI<\/a><br \/>\n29.03.2015 <a href=\"http:\/\/www.tume.fi\/rogaining\/tulosarkisto\">TURKU ROGAINING WINTERSPRINT<\/a><\/p>\n<h2>2014<\/h2>\n<p>29.11.2014 <a href=\"http:\/\/tume.fi\/suunnistajat\/kisat\/2014-club-championship\/\">CLUB CHAMPIONSHIP \u2013 seuranmestaruuskilpailu<\/a><br \/>\n26.08.2014 <a href=\"..\/kilpailut\/2014_AM_PARTIO\/index.html\">AM-PARTIO<\/a><\/p>\n<h2>2013<\/h2>\n<p>30.11.2013 <a href=\"http:\/\/tume.fi\/suunnistajat\/kisat\/2013-tume-50v-juhlakilpailu\/\">TuMe 50v SUUNNISTUSSEURAN JUHLAKILPAILU<\/a><\/p>\n<h2>2012<\/h2>\n<p>9.-11.11.2012 <a href=\"http:\/\/www.tume.fi\/suunnistajat\/kilpailut\/2012_CM\/\">24th CLUBMATCH<\/a><\/p>\n<h2>2011<\/h2>\n<p>15.9.2011 <a href=\"http:\/\/www.tume.fi\/suunn2011\/\">L-SP SUUNNISTUSMESTARUUSKILPAILUT<\/a><\/p>\n<h2>2010<\/h2>\n<p>12.10.2010 <a href=\"http:\/\/www.tume.fi\/yosuunn2010\/\">L-SP Y\u00d6SUUNNISTUSMESTARUUSKILPAILUT<\/a><\/p>\n<h2>2009<\/h2>\n<p>6.-8.11.2009 <a href=\"http:\/\/www.tume.fi\/suunnistajat\/kilpailut\/2009_CM\/\">21th CLUBMATCH<\/a><\/p>\n<h2>2006<\/h2>\n<p>17.-19.11.2006 <a href=\"http:\/\/www.tume.fi\/suunnistajat\/kilpailut\/2006_CM\/\">18th CLUBMATCH<\/a><br \/>\n16.09.2006 <a href=\"http:\/\/www.tume.fi\/sm2006\/\">SM KESKIMATKA<\/a><\/p>\n<h2>2004<\/h2>\n<p>14.5.2004 <a href=\"http:\/\/www.tume.fi\/suunnistajat\/kilpailut\/2004_AMPIKA\/\">V-S AM-PIKA<\/a><\/p>\n","protected":false},"excerpt":{"rendered":"<p>2026 5.11.2025 &#8211; 18.3.2026 TURKU STREET-O 2025-26 2025 25. &#8211; 16.11.2025 36th CLUBMATCH OK V\u00f5ru &#8211; OK Meridi\u0101ns &#8211; TuMe 13. &#8211; 14.9.2025 TuMe100 tarkkuussuunnistus, TempO ja PreO 13.9.2025 TuMe100 pikamatka, mets\u00e4sprintti 13.9.2025 TuMe100 3-ottelu 17.7.2025 100-vuotisjuhlakes\u00e4leirisuunnistus 1.1. &#8211; 19.3.2025 TURKU STREET-O 2025 kev\u00e4t 2024 30.10. &#8211; 18.12.2024 TURKU STREET-O 2024 syksy 8. &#8211; 12.5.2024 &hellip; <a href=\"https:\/\/tume.fi\/suunnistajat\/kisat\/\" class=\"more-link\">Continue reading <span class=\"screen-reader-text\">Kilpailut<\/span> <span class=\"meta-nav\">&rarr;<\/span><\/a><\/p>\n","protected":false},"author":6,"featured_media":0,"parent":0,"menu_order":3,"comment_status":"closed","ping_status":"closed","template":"","meta":{"_exactmetrics_skip_tracking":false,"_exactmetrics_sitenote_active":false,"_exactmetrics_sitenote_note":"","_exactmetrics_sitenote_category":0,"footnotes":""},"class_list":["post-20","page","type-page","status-publish","hentry"],"_links":{"self":[{"href":"https:\/\/tume.fi\/suunnistajat\/wp-json\/wp\/v2\/pages\/20","targetHints":{"allow":["GET"]}}],"collection":[{"href":"https:\/\/tume.fi\/suunnistajat\/wp-json\/wp\/v2\/pages"}],"about":[{"href":"https:\/\/tume.fi\/suunnistajat\/wp-json\/wp\/v2\/types\/page"}],"author":[{"embeddable":true,"href":"https:\/\/tume.fi\/suunnistajat\/wp-json\/wp\/v2\/users\/6"}],"replies":[{"embeddable":true,"href":"https:\/\/tume.fi\/suunnistajat\/wp-json\/wp\/v2\/comments?post=20"}],"version-history":[{"count":135,"href":"https:\/\/tume.fi\/suunnistajat\/wp-json\/wp\/v2\/pages\/20\/revisions"}],"predecessor-version":[{"id":2852,"href":"https:\/\/tume.fi\/suunnistajat\/wp-json\/wp\/v2\/pages\/20\/revisions\/2852"}],"wp:attachment":[{"href":"https:\/\/tume.fi\/suunnistajat\/wp-json\/wp\/v2\/media?parent=20"}],"curies":[{"name":"wp","href":"https:\/\/api.w.org\/{rel}","templated":true}]}}