{"id":2024,"date":"2018-12-10T12:06:18","date_gmt":"2018-12-10T10:06:18","guid":{"rendered":"https:\/\/tume.fi\/suunnistajat\/?page_id=2024"},"modified":"2018-12-14T00:12:03","modified_gmt":"2018-12-13T22:12:03","slug":"v-ss-yo-cup-13-12-2018","status":"publish","type":"page","link":"https:\/\/tume.fi\/suunnistajat\/kisat\/v-ss-yo-cup-13-12-2018\/","title":{"rendered":"13.12.2018 V-S AV-treeni ja Y\u00f6-cup"},"content":{"rendered":"\n<ul class=\"wp-block-list\"><li>13.12.2018 Kreivil\u00e4, Paattinen<\/li><li><strong>YHTEISL\u00c4HT\u00d6 klo 18:00!<\/strong><\/li><li><a href=\"https:\/\/varsinais-suomensuunnistus.fi\/category\/valmennus\/\">Y\u00f6-cup sivusto: Ilmoittautuminen, Harjoituskortti, GPS, Rerun<\/a><\/li><li>Keskus\/paikoitus: <a href=\"https:\/\/goo.gl\/maps\/CZenxV8iz6E2\">Paattistentie 545, Turku<\/a><\/li><li><a href=\"https:\/\/tume.fi\/suunnistajat\/wp-content\/uploads\/2018\/12\/lahtoon.png\">Opastus paikoituksesta l\u00e4ht\u00f6\u00f6n<\/a><\/li><li><a href=\"https:\/\/tume.fi\/suunnistajat\/wp-content\/uploads\/2018\/12\/Ohjeet.pdf\">Ohjeet<\/a><\/li><li><a href=\"https:\/\/tume.fi\/suunnistajat\/kilpailut\/2018_yocup\/20181213tulokset.html\">Tulokset<\/a><\/li><li><a href=\"https:\/\/tume.fi\/suunnistajat\/kilpailut\/2018_yocup\/20181213valiajat.html\">V\u00e4liajat<\/a><\/li><\/ul>\n\n\n\n<div class=\"wp-block-image\"><figure class=\"alignleft\"><a href=\"https:\/\/varsinais-suomensuunnistus.fi\/category\/valmennus\/\"><img loading=\"lazy\" decoding=\"async\" width=\"112\" height=\"83\" src=\"https:\/\/tume.fi\/suunnistajat\/wp-content\/uploads\/2016\/03\/vsslogo.png\" alt=\"V-SS\" class=\"wp-image-1119\"\/><\/a><\/figure><\/div>\n","protected":false},"excerpt":{"rendered":"<p>13.12.2018 Kreivil\u00e4, Paattinen YHTEISL\u00c4HT\u00d6 klo 18:00! Y\u00f6-cup sivusto: Ilmoittautuminen, Harjoituskortti, GPS, Rerun Keskus\/paikoitus: Paattistentie 545, Turku Opastus paikoituksesta l\u00e4ht\u00f6\u00f6n Ohjeet Tulokset V\u00e4liajat<\/p>\n","protected":false},"author":6,"featured_media":0,"parent":20,"menu_order":0,"comment_status":"closed","ping_status":"closed","template":"","meta":{"_exactmetrics_skip_tracking":false,"_exactmetrics_sitenote_active":false,"_exactmetrics_sitenote_note":"","_exactmetrics_sitenote_category":0,"footnotes":""},"class_list":["post-2024","page","type-page","status-publish","hentry"],"_links":{"self":[{"href":"https:\/\/tume.fi\/suunnistajat\/wp-json\/wp\/v2\/pages\/2024","targetHints":{"allow":["GET"]}}],"collection":[{"href":"https:\/\/tume.fi\/suunnistajat\/wp-json\/wp\/v2\/pages"}],"about":[{"href":"https:\/\/tume.fi\/suunnistajat\/wp-json\/wp\/v2\/types\/page"}],"author":[{"embeddable":true,"href":"https:\/\/tume.fi\/suunnistajat\/wp-json\/wp\/v2\/users\/6"}],"replies":[{"embeddable":true,"href":"https:\/\/tume.fi\/suunnistajat\/wp-json\/wp\/v2\/comments?post=2024"}],"version-history":[{"count":9,"href":"https:\/\/tume.fi\/suunnistajat\/wp-json\/wp\/v2\/pages\/2024\/revisions"}],"predecessor-version":[{"id":2049,"href":"https:\/\/tume.fi\/suunnistajat\/wp-json\/wp\/v2\/pages\/2024\/revisions\/2049"}],"up":[{"embeddable":true,"href":"https:\/\/tume.fi\/suunnistajat\/wp-json\/wp\/v2\/pages\/20"}],"wp:attachment":[{"href":"https:\/\/tume.fi\/suunnistajat\/wp-json\/wp\/v2\/media?parent=2024"}],"curies":[{"name":"wp","href":"https:\/\/api.w.org\/{rel}","templated":true}]}}