{"id":2190,"date":"2019-06-25T14:48:30","date_gmt":"2019-06-25T12:48:30","guid":{"rendered":"https:\/\/tume.fi\/suunnistajat\/?page_id=2190"},"modified":"2019-06-30T16:16:25","modified_gmt":"2019-06-30T14:16:25","slug":"2019-suurmankio-suunnistus","status":"publish","type":"page","link":"https:\/\/tume.fi\/suunnistajat\/kisat\/2019-suurmankio-suunnistus\/","title":{"rendered":"2019 Suurm\u00e4nki\u00f6-suunnistus"},"content":{"rendered":"\n<ul class=\"wp-block-list\"><li><strong>30.6.2019 <\/strong><a href=\"https:\/\/asiointi.maanmittauslaitos.fi\/karttapaikka\/?lang=fi&amp;share=customMarker&amp;n=6683292&amp;e=248420&amp;title=TuMe+K%C3%A4mpp%C3%A4&amp;desc=&amp;zoom=8&amp;layers=%5B%7B%22id%22%3A2%2C%22opacity%22%3A100%7D%5D\"><strong>Kemi\u00f6 Mjosund Sand\u00f6<\/strong><\/a><\/li><li><a href=\"https:\/\/tume.fi\/suunnistajat\/kilpailut\/2019suurmankio\/nettilomake\/\"><strong>Nettilomake vastausten sy\u00f6tt\u00f6\u00f6n<\/strong><\/a><\/li><li><a href=\"https:\/\/tume.fi\/suunnistajat\/kilpailut\/2019suurmankio\/tulokset1.php\"><strong>Online-tulokse<\/strong>t<\/a><\/li><li><a href=\"https:\/\/tume.fi\/suunnistajat\/kilpailut\/2019suurmankio\/kartta1.php\"><strong>Kartta+<\/strong><\/a><\/li><li><strong><a href=\"http:\/\/tume.fi\/suunnistajat\/kilpailut\/2019suurmankio\/rastimaaritteet1567342757.htm\">Kysymykset ja vastaukse<\/a>t<\/strong><\/li><\/ul>\n\n\n\n<div class=\"wp-block-image\"><figure class=\"aligncenter\"><a href=\"http:\/\/mets\u00e4nk\u00e4vij\u00e4t.fi\/\"><img loading=\"lazy\" decoding=\"async\" width=\"135\" height=\"160\" src=\"https:\/\/tume.fi\/suunnistajat\/wp-content\/uploads\/2019\/06\/metsankavijat.jpg\" alt=\"Suomen Mets\u00e4nk\u00e4vij\u00e4t\" class=\"wp-image-2193\"\/><\/a><figcaption><strong><a href=\"http:\/\/mets\u00e4nk\u00e4vij\u00e4t.fi\/\">Suomen Mets\u00e4nk\u00e4vij\u00e4t<\/a><\/strong><\/figcaption><\/figure><\/div>\n\n\n\n<p><\/p>\n","protected":false},"excerpt":{"rendered":"<p>30.6.2019 Kemi\u00f6 Mjosund Sand\u00f6 Nettilomake vastausten sy\u00f6tt\u00f6\u00f6n Online-tulokset Kartta+ Kysymykset ja vastaukset<\/p>\n","protected":false},"author":6,"featured_media":0,"parent":20,"menu_order":0,"comment_status":"closed","ping_status":"closed","template":"","meta":{"_exactmetrics_skip_tracking":false,"_exactmetrics_sitenote_active":false,"_exactmetrics_sitenote_note":"","_exactmetrics_sitenote_category":0,"footnotes":""},"class_list":["post-2190","page","type-page","status-publish","hentry"],"_links":{"self":[{"href":"https:\/\/tume.fi\/suunnistajat\/wp-json\/wp\/v2\/pages\/2190","targetHints":{"allow":["GET"]}}],"collection":[{"href":"https:\/\/tume.fi\/suunnistajat\/wp-json\/wp\/v2\/pages"}],"about":[{"href":"https:\/\/tume.fi\/suunnistajat\/wp-json\/wp\/v2\/types\/page"}],"author":[{"embeddable":true,"href":"https:\/\/tume.fi\/suunnistajat\/wp-json\/wp\/v2\/users\/6"}],"replies":[{"embeddable":true,"href":"https:\/\/tume.fi\/suunnistajat\/wp-json\/wp\/v2\/comments?post=2190"}],"version-history":[{"count":6,"href":"https:\/\/tume.fi\/suunnistajat\/wp-json\/wp\/v2\/pages\/2190\/revisions"}],"predecessor-version":[{"id":2211,"href":"https:\/\/tume.fi\/suunnistajat\/wp-json\/wp\/v2\/pages\/2190\/revisions\/2211"}],"up":[{"embeddable":true,"href":"https:\/\/tume.fi\/suunnistajat\/wp-json\/wp\/v2\/pages\/20"}],"wp:attachment":[{"href":"https:\/\/tume.fi\/suunnistajat\/wp-json\/wp\/v2\/media?parent=2190"}],"curies":[{"name":"wp","href":"https:\/\/api.w.org\/{rel}","templated":true}]}}