{"id":2253,"date":"2019-11-26T11:49:41","date_gmt":"2019-11-26T09:49:41","guid":{"rendered":"https:\/\/tume.fi\/suunnistajat\/?page_id=2253"},"modified":"2019-12-06T03:43:50","modified_gmt":"2019-12-06T01:43:50","slug":"5-12-2019-v-s-av-treeni-ja-yo-cup","status":"publish","type":"page","link":"https:\/\/tume.fi\/suunnistajat\/kisat\/5-12-2019-v-s-av-treeni-ja-yo-cup\/","title":{"rendered":"5.12.2019 V-S AV-treeni ja Y\u00f6-cup"},"content":{"rendered":"\n<ul class=\"wp-block-list\"><li>5.12.2019 Vetikko, Kuloinen, Raisio<\/li><li><strong> Ryhm\u00e4l\u00e4hd\u00f6t porrastetusti 18.00 alkaen.<\/strong> <\/li><li><a href=\"https:\/\/varsinais-suomensuunnistus.fi\/category\/valmennus\/\">Y\u00f6-cup sivusto: Ilmoittautuminen, ohjeet, GPS, Rerun<\/a><\/li><li>Keskus : <a href=\"https:\/\/opaskartta.turku.fi\/IMS\/?layers=Opaskartta&amp;cp=6708662,23456564&amp;z=1&amp;title=Kokoontuminen\">Kuloistentien p-paikka<\/a> (Keskuksessa ei parkkitilaa!)<\/li><li><a href=\"http:\/\/www.tume.fi\/suunnistajat\/kilpailut\/2019_yocup\/lahtoluettelo.pdf\">L\u00e4ht\u00f6luettelo<\/a> (pdf)<\/li><li><a href=\"https:\/\/www.tume.fi\/suunnistajat\/kilpailut\/2019_yocup\/tulokset.html\">Tulokset v\u00e4liajoilla<\/a><\/li><li><a href=\"https:\/\/www.tume.fi\/suunnistajat\/kilpailut\/2019_yocup\/tulokset2.html\"><strong>Tulokset v\u00e4liajoilla &#8211; Jokainen erikseen<\/strong><\/a><\/li><li><a href=\"https:\/\/www.tume.fi\/suunnistajat\/kilpailut\/2019_yocup\/pitka.pdf\">Kartat 3,0 km<\/a><\/li><li><a href=\"https:\/\/www.tume.fi\/suunnistajat\/kilpailut\/2019_yocup\/lyhyt.pdf\">Kartat 2,3 km<\/a><\/li><\/ul>\n\n\n\n<figure class=\"wp-block-image size-large\"><a href=\"https:\/\/varsinais-suomensuunnistus.fi\/category\/valmennus\/\"><img loading=\"lazy\" decoding=\"async\" width=\"112\" height=\"83\" src=\"https:\/\/tume.fi\/suunnistajat\/wp-content\/uploads\/2016\/03\/vsslogo.png\" alt=\"\" class=\"wp-image-1119\"\/><\/a><\/figure>\n\n\n\n<p><\/p>\n","protected":false},"excerpt":{"rendered":"<p>5.12.2019 Vetikko, Kuloinen, Raisio Ryhm\u00e4l\u00e4hd\u00f6t porrastetusti 18.00 alkaen. Y\u00f6-cup sivusto: Ilmoittautuminen, ohjeet, GPS, Rerun Keskus : Kuloistentien p-paikka (Keskuksessa ei parkkitilaa!) L\u00e4ht\u00f6luettelo (pdf) Tulokset v\u00e4liajoilla Tulokset v\u00e4liajoilla &#8211; Jokainen erikseen Kartat 3,0 km Kartat 2,3 km<\/p>\n","protected":false},"author":6,"featured_media":0,"parent":20,"menu_order":0,"comment_status":"closed","ping_status":"closed","template":"","meta":{"_exactmetrics_skip_tracking":false,"_exactmetrics_sitenote_active":false,"_exactmetrics_sitenote_note":"","_exactmetrics_sitenote_category":0,"footnotes":""},"class_list":["post-2253","page","type-page","status-publish","hentry"],"_links":{"self":[{"href":"https:\/\/tume.fi\/suunnistajat\/wp-json\/wp\/v2\/pages\/2253","targetHints":{"allow":["GET"]}}],"collection":[{"href":"https:\/\/tume.fi\/suunnistajat\/wp-json\/wp\/v2\/pages"}],"about":[{"href":"https:\/\/tume.fi\/suunnistajat\/wp-json\/wp\/v2\/types\/page"}],"author":[{"embeddable":true,"href":"https:\/\/tume.fi\/suunnistajat\/wp-json\/wp\/v2\/users\/6"}],"replies":[{"embeddable":true,"href":"https:\/\/tume.fi\/suunnistajat\/wp-json\/wp\/v2\/comments?post=2253"}],"version-history":[{"count":9,"href":"https:\/\/tume.fi\/suunnistajat\/wp-json\/wp\/v2\/pages\/2253\/revisions"}],"predecessor-version":[{"id":2274,"href":"https:\/\/tume.fi\/suunnistajat\/wp-json\/wp\/v2\/pages\/2253\/revisions\/2274"}],"up":[{"embeddable":true,"href":"https:\/\/tume.fi\/suunnistajat\/wp-json\/wp\/v2\/pages\/20"}],"wp:attachment":[{"href":"https:\/\/tume.fi\/suunnistajat\/wp-json\/wp\/v2\/media?parent=2253"}],"curies":[{"name":"wp","href":"https:\/\/api.w.org\/{rel}","templated":true}]}}