{"id":28,"date":"2014-10-13T05:02:44","date_gmt":"2014-10-13T03:02:44","guid":{"rendered":"http:\/\/tume.fi\/suunnistajat2\/?page_id=28"},"modified":"2025-01-15T12:31:20","modified_gmt":"2025-01-15T10:31:20","slug":"seura","status":"publish","type":"page","link":"https:\/\/tume.fi\/suunnistajat\/seura\/","title":{"rendered":"Seura"},"content":{"rendered":"<p><a href=\"http:\/\/tume.fi\/suunnistajat\/wp-content\/uploads\/2014\/12\/200px-Sume_merkki.jpg\"><img loading=\"lazy\" decoding=\"async\" class=\" alignright wp-image-42 size-full\" src=\"http:\/\/tume.fi\/suunnistajat\/wp-content\/uploads\/2014\/12\/200px-Sume_merkki-e1421646748483.jpg\" alt=\"200px-Sume_merkki.jpg\" width=\"150\" height=\"177\" \/><\/a><\/p>\n<p>Turkulainen suunnistusseura Turun Mets\u00e4nk\u00e4vij\u00e4t on osa samannimist\u00e4 partioyhteis\u00f6\u00e4.<\/p>\n<p>Alkujaan partiopoikien suunnistusharrastuksesta alkunsa saanut suunnistuseura on vuosien saatossa kasvanut merkitt\u00e4v\u00e4ksi tekij\u00e4ksi suomalaisessa miessuunnistuksessa. Jukolassa ja Tiomilassa on parhaimpana saavutuksena kummassakin kakkossija.<\/p>\n<p>Turun Mets\u00e4nk\u00e4vij\u00e4t on kansainv\u00e4linen seura. \u00a0T\u00e4ll\u00e4 hetkell\u00e4 edustusryhm\u00e4ss\u00e4 suunnistaa kymmenen eri maan juoksijoita. T\u00e4st\u00e4 huolimatta seuran juuret ovat syv\u00e4ll\u00e4 Turun seudulla, ja toiminta on kiinte\u00e4sti sidoksissa partiotoimintaan.<\/p>\n<p>Seuran tukikohta, eli\u00a0<em>kolo,<\/em> sijaitsee L\u00e4ntinenkatu 12:ssa, aivan Puolalanpuiston kupeessa. Leirikeskukset sijaitsevat Kemi\u00f6ss\u00e4 ja Yl\u00e4neell\u00e4, erinomaisten maastojen keskell\u00e4, ja noin tunnin ajomatkan p\u00e4\u00e4ss\u00e4 Turusta.<\/p>\n<p>Kooltaan seura on keskikokoa, aktiivista j\u00e4senist\u00f6\u00e4 on noin 80. Seura tarjoaa toimintaa nuorimmista partiolaisista aivan maailman ter\u00e4vimm\u00e4ss\u00e4 k\u00e4rjess\u00e4 oleville huippusuunnistajille.<\/p>\n<p><strong>Mik\u00e4li haluat liitty\u00e4 seuran j\u00e4seneksi, l\u00e4het\u00e4 s\u00e4hk\u00f6postia seuran puheenjohtajalle mikko.knuuti@tume.fi. Kerro viestiss\u00e4 v\u00e4hint\u00e4\u00e4n nimesi sek\u00e4 yhteys- ja osoitetietosi.<\/strong><\/p>\n<p>Tervetuloa mukaan!<\/p>\n","protected":false},"excerpt":{"rendered":"<p>Turkulainen suunnistusseura Turun Mets\u00e4nk\u00e4vij\u00e4t on osa samannimist\u00e4 partioyhteis\u00f6\u00e4. Alkujaan partiopoikien suunnistusharrastuksesta alkunsa saanut suunnistuseura on vuosien saatossa kasvanut merkitt\u00e4v\u00e4ksi tekij\u00e4ksi suomalaisessa miessuunnistuksessa. Jukolassa ja Tiomilassa on parhaimpana saavutuksena kummassakin kakkossija. Turun Mets\u00e4nk\u00e4vij\u00e4t on kansainv\u00e4linen seura. \u00a0T\u00e4ll\u00e4 hetkell\u00e4 edustusryhm\u00e4ss\u00e4 suunnistaa kymmenen eri maan juoksijoita. T\u00e4st\u00e4 huolimatta seuran juuret ovat syv\u00e4ll\u00e4 Turun seudulla, ja toiminta on kiinte\u00e4sti &hellip; <a href=\"https:\/\/tume.fi\/suunnistajat\/seura\/\" class=\"more-link\">Continue reading <span class=\"screen-reader-text\">Seura<\/span> <span class=\"meta-nav\">&rarr;<\/span><\/a><\/p>\n","protected":false},"author":2,"featured_media":0,"parent":0,"menu_order":1,"comment_status":"closed","ping_status":"closed","template":"","meta":{"_exactmetrics_skip_tracking":false,"_exactmetrics_sitenote_active":false,"_exactmetrics_sitenote_note":"","_exactmetrics_sitenote_category":0,"footnotes":""},"class_list":["post-28","page","type-page","status-publish","hentry"],"_links":{"self":[{"href":"https:\/\/tume.fi\/suunnistajat\/wp-json\/wp\/v2\/pages\/28","targetHints":{"allow":["GET"]}}],"collection":[{"href":"https:\/\/tume.fi\/suunnistajat\/wp-json\/wp\/v2\/pages"}],"about":[{"href":"https:\/\/tume.fi\/suunnistajat\/wp-json\/wp\/v2\/types\/page"}],"author":[{"embeddable":true,"href":"https:\/\/tume.fi\/suunnistajat\/wp-json\/wp\/v2\/users\/2"}],"replies":[{"embeddable":true,"href":"https:\/\/tume.fi\/suunnistajat\/wp-json\/wp\/v2\/comments?post=28"}],"version-history":[{"count":11,"href":"https:\/\/tume.fi\/suunnistajat\/wp-json\/wp\/v2\/pages\/28\/revisions"}],"predecessor-version":[{"id":2727,"href":"https:\/\/tume.fi\/suunnistajat\/wp-json\/wp\/v2\/pages\/28\/revisions\/2727"}],"wp:attachment":[{"href":"https:\/\/tume.fi\/suunnistajat\/wp-json\/wp\/v2\/media?parent=28"}],"curies":[{"name":"wp","href":"https:\/\/api.w.org\/{rel}","templated":true}]}}