{"id":741,"date":"2016-01-13T15:23:30","date_gmt":"2016-01-13T13:23:30","guid":{"rendered":"http:\/\/tume.fi\/suunnistajat\/?page_id=741"},"modified":"2018-05-01T12:40:30","modified_gmt":"2018-05-01T10:40:30","slug":"2016-turku-street-o","status":"publish","type":"page","link":"https:\/\/tume.fi\/suunnistajat\/kisat\/2016-turku-street-o\/","title":{"rendered":"2016 Turku Street-O"},"content":{"rendered":"<p>Turun Mets\u00e4nk\u00e4vij\u00e4t j\u00e4rjest\u00e4\u00e4 talven 2016 aikana kolme Street-O tapahtumaa Turun kaupunkialueella. 27.1., 17.2. ja 2.3. L\u00e4hd\u00f6t klo 18-19. Street-O on pistesuunnistus, jossa on 1 tunti aikaa kiert\u00e4\u00e4 maastossa olevia rasteja. Rasteja kaikkiaan 30 kpl, kiert\u00e4m\u00e4ll\u00e4 kaikki matkaa kertyy 12-15 km. Kaikkia ei tosiaankaan tarvitse ja harva ehtiik\u00e4\u00e4n tunnissa kiert\u00e4m\u00e4\u00e4n.<\/p>\n<p>Karttamaksu 5 euroa suoritetaan k\u00e4teisell\u00e4 tapahtumapaikalla. Ajanottoon k\u00e4ytet\u00e4\u00e4n emitti\u00e4 ja leimaukseen omaa kyn\u00e4\u00e4. Leimaus tapahtuu kirjaamalla kartan taakse ko. rastipisteest\u00e4 l\u00f6ytyv\u00e4 kadunnumero tai vastaava \u201dkoodi\u201d. Kartta s\u00e4\u00e4nkest\u00e4v\u00e4\u00e4 materiaalia eli karttakoteloa ei tarvita, jolloin leimauksenkin pystyy tekem\u00e4\u00e4n pys\u00e4htym\u00e4tt\u00e4.<\/p>\n<p>Rastit p\u00e4\u00e4osin katuvalojen loisteessa ja katujen varressa, joten synk\u00e4ss\u00e4 ja pime\u00e4ss\u00e4 mets\u00e4ss\u00e4 syv\u00e4ss\u00e4 lumessa ei tarvitse r\u00e4mpi\u00e4. Mukaan tarvitset lenkkivarustuksen, liukkaalla nastarit lienee paras jalkine, emit, <strong>VEDENKEST\u00c4V\u00c4 TUSSI<\/strong>, kartanlukuvalo, heijastin ja reipasta mielt\u00e4.<\/p>\n<p>Tervetuloa!<\/p>\n<p>Ilmoittautuminen ja ajankohtaista tapahtumasta l\u00f6ytyy facebookista <a href=\"https:\/\/www.facebook.com\/TuMeStreetO\/\">TuMe Street O<\/a>.<br \/>\nIlmoittautuminen mahdollista my\u00f6s s\u00e4hk\u00f6postilla <strong>&#8220;tumesuunnistus@gmail.com&#8221;<\/strong>.<\/p>\n<p>27.1.2016 TURKU STREET-O 1\/2016<\/p>\n<ul>\n<li><a href=\"https:\/\/www.facebook.com\/events\/453512088187276\/\">Ilmoittautuminen, aika ja paikka<\/a><\/li>\n<li><a href=\"http:\/\/tume.fi\/suunnistajat\/kisat\/2016-turku-street-o\/2016-turku-street-o-1-ohjeet\/\">Ohjeet: Sis\u00e4lt\u00e4\u00e4 mallikartan ja kilpailun &#8220;rastim\u00e4\u00e4ritteet&#8221;.<\/a>\n<ul>\n<li><strong>&#8220;Leimaamista&#8221; varten VEDENKEST\u00c4V\u00c4 TUSSI<\/strong><\/li>\n<\/ul>\n<\/li>\n<li><a href=\"http:\/\/www.tume.fi\/suunnistajat\/kilpailut\/2016_STREETO1\/tulokset.htm\">Tulokset<\/a><\/li>\n<li><a href=\"http:\/\/www.tume.fi\/suunnistajat\/kilpailut\/2016_STREETO1\/kartta.jpg\">Kartta<\/a><\/li>\n<li><a href=\"http:\/\/www.tume.fi\/suunnistajat\/kilpailut\/2016_STREETO1\/palkinto.jpg\">Muistopalkinnot tarjosi Frozen Carrot<\/a>\u00a0\u00a0\u00a0\u00a0<a href=\"http:\/\/www.frozencarrot.fi\">www.frozencarrot.fi<\/a><\/li>\n<\/ul>\n<p>17.2.2016 TURKU STREET-O 2\/2016<\/p>\n<ul>\n<li><a href=\"https:\/\/www.facebook.com\/events\/1532549553709966\/\">Ilmoittautuminen, aika ja paikka<\/a><\/li>\n<li><a href=\"http:\/\/kansalaisen.karttapaikka.fi\/linkki?scale=2000&amp;text=P-paikka&amp;srs=EPSG%3A3067&amp;y=6711408&amp;mode=rasta&amp;x=241836&amp;lang=fi\">P-paikka<\/a><\/li>\n<li><a href=\"http:\/\/kansalaisen.karttapaikka.fi\/linkki?scale=4000&amp;text=Keskus&amp;srs=EPSG%3A3067&amp;y=6711361&amp;mode=rasta&amp;x=241978&amp;lang=fi\">Kisakeskus<\/a><\/li>\n<li><a href=\"http:\/\/www.tume.fi\/suunnistajat\/kilpailut\/2016_STREETO2\/tulokset.htm\">Tulokset<\/a><\/li>\n<li><a href=\"http:\/\/www.tume.fi\/suunnistajat\/kilpailut\/2016_STREETO2\/kartta.jpg\">Kartta<\/a><\/li>\n<\/ul>\n<p>2.3.2016 TURKU STREET-O 3\/2016<\/p>\n<ul>\n<li><a href=\"https:\/\/www.facebook.com\/events\/470598596461956\/\">Ilmoittautuminen, aika ja paikka<\/a><\/li>\n<li><a href=\"http:\/\/tume.fi\/suunnistajat\/kisat\/2016-turku-street-o\/2-3-2016-turku-street-o-22016-ohjeet\/\">Ohjeet<\/a><\/li>\n<li><a href=\"http:\/\/www.tume.fi\/suunnistajat\/kilpailut\/2016_STREETO3\/tulokset.htm\">Tulokset<\/a><\/li>\n<li><a href=\"http:\/\/www.tume.fi\/suunnistajat\/kilpailut\/2016_STREETO3\/kartta.jpg\">Kartta<\/a><\/li>\n<\/ul>\n","protected":false},"excerpt":{"rendered":"<p>Turun Mets\u00e4nk\u00e4vij\u00e4t j\u00e4rjest\u00e4\u00e4 talven 2016 aikana kolme Street-O tapahtumaa Turun kaupunkialueella. 27.1., 17.2. ja 2.3. L\u00e4hd\u00f6t klo 18-19. Street-O on pistesuunnistus, jossa on 1 tunti aikaa kiert\u00e4\u00e4 maastossa olevia rasteja. Rasteja kaikkiaan 30 kpl, kiert\u00e4m\u00e4ll\u00e4 kaikki matkaa kertyy 12-15 km. Kaikkia ei tosiaankaan tarvitse ja harva ehtiik\u00e4\u00e4n tunnissa kiert\u00e4m\u00e4\u00e4n. Karttamaksu 5 euroa suoritetaan k\u00e4teisell\u00e4 tapahtumapaikalla. &hellip; <a href=\"https:\/\/tume.fi\/suunnistajat\/kisat\/2016-turku-street-o\/\" class=\"more-link\">Continue reading <span class=\"screen-reader-text\">2016 Turku Street-O<\/span> <span class=\"meta-nav\">&rarr;<\/span><\/a><\/p>\n","protected":false},"author":1,"featured_media":0,"parent":20,"menu_order":1,"comment_status":"closed","ping_status":"closed","template":"","meta":{"_exactmetrics_skip_tracking":false,"_exactmetrics_sitenote_active":false,"_exactmetrics_sitenote_note":"","_exactmetrics_sitenote_category":0,"footnotes":""},"class_list":["post-741","page","type-page","status-publish","hentry"],"_links":{"self":[{"href":"https:\/\/tume.fi\/suunnistajat\/wp-json\/wp\/v2\/pages\/741","targetHints":{"allow":["GET"]}}],"collection":[{"href":"https:\/\/tume.fi\/suunnistajat\/wp-json\/wp\/v2\/pages"}],"about":[{"href":"https:\/\/tume.fi\/suunnistajat\/wp-json\/wp\/v2\/types\/page"}],"author":[{"embeddable":true,"href":"https:\/\/tume.fi\/suunnistajat\/wp-json\/wp\/v2\/users\/1"}],"replies":[{"embeddable":true,"href":"https:\/\/tume.fi\/suunnistajat\/wp-json\/wp\/v2\/comments?post=741"}],"version-history":[{"count":31,"href":"https:\/\/tume.fi\/suunnistajat\/wp-json\/wp\/v2\/pages\/741\/revisions"}],"predecessor-version":[{"id":1896,"href":"https:\/\/tume.fi\/suunnistajat\/wp-json\/wp\/v2\/pages\/741\/revisions\/1896"}],"up":[{"embeddable":true,"href":"https:\/\/tume.fi\/suunnistajat\/wp-json\/wp\/v2\/pages\/20"}],"wp:attachment":[{"href":"https:\/\/tume.fi\/suunnistajat\/wp-json\/wp\/v2\/media?parent=741"}],"curies":[{"name":"wp","href":"https:\/\/api.w.org\/{rel}","templated":true}]}}