{"id":803,"date":"2016-01-14T15:25:27","date_gmt":"2016-01-14T13:25:27","guid":{"rendered":"http:\/\/tume.fi\/suunnistajat\/?page_id=803"},"modified":"2016-01-15T15:04:11","modified_gmt":"2016-01-15T13:04:11","slug":"2015-tupin-ja-stpun-sprinttiviesti","status":"publish","type":"page","link":"https:\/\/tume.fi\/suunnistajat\/kisat\/2015-tupin-ja-stpun-sprinttiviesti\/","title":{"rendered":"2015 TUPI:n ja STPU:n sprinttiviesti"},"content":{"rendered":"<ul>\n<li>15.05.2015 Suikkila<\/li>\n<li><a href=\"http:\/\/tume.fi\/suunnistajat\/kilpailut\/2015_TUPI\/tulokset.pdf\">Tulokset (pdf)<\/a><\/li>\n<li><a href=\"http:\/\/tume.fi\/suunnistajat\/kilpailut\/2015_TUPI\/valiajat.html\">V\u00e4liajat<\/a><\/li>\n<li><a href=\"http:\/\/tume.fi\/suunnistajat\/kilpailut\/2015_TUPI\/rastivalit.html\">Rastiv\u00e4lien ajat<\/a><\/li>\n<li><a href=\"http:\/\/tume.fi\/suunnistajat\/kilpailut\/2015_TUPI\/kuntotulokset.html\">Kuntosuunnistus tulokset<\/a><\/li>\n<li><a href=\"http:\/\/tume.fi\/suunnistajat\/kilpailut\/2015_TUPI\/kuntovaliajat.html\">Kuntosuunnistus v\u00e4liajat<\/a><\/li>\n<li><a href=\"http:\/\/tume.fi\/suunnistajat\/kilpailut\/2015_TUPI\/stpupisteet.pdf\">STPU ty\u00f6paikkapisteet (pdf)<\/a><\/li>\n<\/ul>\n","protected":false},"excerpt":{"rendered":"<p>15.05.2015 Suikkila Tulokset (pdf) V\u00e4liajat Rastiv\u00e4lien ajat Kuntosuunnistus tulokset Kuntosuunnistus v\u00e4liajat STPU ty\u00f6paikkapisteet (pdf)<\/p>\n","protected":false},"author":6,"featured_media":0,"parent":20,"menu_order":0,"comment_status":"closed","ping_status":"closed","template":"","meta":{"_exactmetrics_skip_tracking":false,"_exactmetrics_sitenote_active":false,"_exactmetrics_sitenote_note":"","_exactmetrics_sitenote_category":0,"footnotes":""},"class_list":["post-803","page","type-page","status-publish","hentry"],"_links":{"self":[{"href":"https:\/\/tume.fi\/suunnistajat\/wp-json\/wp\/v2\/pages\/803","targetHints":{"allow":["GET"]}}],"collection":[{"href":"https:\/\/tume.fi\/suunnistajat\/wp-json\/wp\/v2\/pages"}],"about":[{"href":"https:\/\/tume.fi\/suunnistajat\/wp-json\/wp\/v2\/types\/page"}],"author":[{"embeddable":true,"href":"https:\/\/tume.fi\/suunnistajat\/wp-json\/wp\/v2\/users\/6"}],"replies":[{"embeddable":true,"href":"https:\/\/tume.fi\/suunnistajat\/wp-json\/wp\/v2\/comments?post=803"}],"version-history":[{"count":3,"href":"https:\/\/tume.fi\/suunnistajat\/wp-json\/wp\/v2\/pages\/803\/revisions"}],"predecessor-version":[{"id":823,"href":"https:\/\/tume.fi\/suunnistajat\/wp-json\/wp\/v2\/pages\/803\/revisions\/823"}],"up":[{"embeddable":true,"href":"https:\/\/tume.fi\/suunnistajat\/wp-json\/wp\/v2\/pages\/20"}],"wp:attachment":[{"href":"https:\/\/tume.fi\/suunnistajat\/wp-json\/wp\/v2\/media?parent=803"}],"curies":[{"name":"wp","href":"https:\/\/api.w.org\/{rel}","templated":true}]}}