{"id":809,"date":"2016-01-14T15:36:01","date_gmt":"2016-01-14T13:36:01","guid":{"rendered":"http:\/\/tume.fi\/suunnistajat\/?page_id=809"},"modified":"2016-01-15T14:50:43","modified_gmt":"2016-01-15T12:50:43","slug":"2014-club-championship","status":"publish","type":"page","link":"https:\/\/tume.fi\/suunnistajat\/kisat\/2014-club-championship\/","title":{"rendered":"2014 Club Championship &#8211; seuranmestaruuskilpailu"},"content":{"rendered":"<ul>\n<li>29.11.2014 Sand\u00f6 Kemi\u00f6<\/li>\n<li>Ratamestari &#8211; Course Setter Hannu Arki<\/li>\n<li><A href=\"http:\/\/tume.fi\/suunnistajat\/kilpailut\/2014_TuMe\/tulokset.htm\">Tulokset &#8211; Results<\/A><\/li>\n<li><A href=\"http:\/\/tume.fi\/suunnistajat\/kilpailut\/2014_TuMe\/valiajat.htm\">V\u00e4liajat &#8211; Split Times<\/A><\/li>\n<li><A href=\"http:\/\/tume.fi\/suunnistajat\/kilpailut\/2014_TuMe\/kartta.jpg\">Kartta &#8211; Map <\/A><\/li>\n<\/ul>\n","protected":false},"excerpt":{"rendered":"<p>29.11.2014 Sand\u00f6 Kemi\u00f6 Ratamestari &#8211; Course Setter Hannu Arki Tulokset &#8211; Results V\u00e4liajat &#8211; Split Times Kartta &#8211; Map<\/p>\n","protected":false},"author":6,"featured_media":0,"parent":20,"menu_order":0,"comment_status":"closed","ping_status":"closed","template":"","meta":{"_exactmetrics_skip_tracking":false,"_exactmetrics_sitenote_active":false,"_exactmetrics_sitenote_note":"","_exactmetrics_sitenote_category":0,"footnotes":""},"class_list":["post-809","page","type-page","status-publish","hentry"],"_links":{"self":[{"href":"https:\/\/tume.fi\/suunnistajat\/wp-json\/wp\/v2\/pages\/809","targetHints":{"allow":["GET"]}}],"collection":[{"href":"https:\/\/tume.fi\/suunnistajat\/wp-json\/wp\/v2\/pages"}],"about":[{"href":"https:\/\/tume.fi\/suunnistajat\/wp-json\/wp\/v2\/types\/page"}],"author":[{"embeddable":true,"href":"https:\/\/tume.fi\/suunnistajat\/wp-json\/wp\/v2\/users\/6"}],"replies":[{"embeddable":true,"href":"https:\/\/tume.fi\/suunnistajat\/wp-json\/wp\/v2\/comments?post=809"}],"version-history":[{"count":1,"href":"https:\/\/tume.fi\/suunnistajat\/wp-json\/wp\/v2\/pages\/809\/revisions"}],"predecessor-version":[{"id":810,"href":"https:\/\/tume.fi\/suunnistajat\/wp-json\/wp\/v2\/pages\/809\/revisions\/810"}],"up":[{"embeddable":true,"href":"https:\/\/tume.fi\/suunnistajat\/wp-json\/wp\/v2\/pages\/20"}],"wp:attachment":[{"href":"https:\/\/tume.fi\/suunnistajat\/wp-json\/wp\/v2\/media?parent=809"}],"curies":[{"name":"wp","href":"https:\/\/api.w.org\/{rel}","templated":true}]}}