{"id":829,"date":"2016-01-22T18:29:44","date_gmt":"2016-01-22T16:29:44","guid":{"rendered":"http:\/\/tume.fi\/suunnistajat\/?page_id=829"},"modified":"2016-01-26T20:58:34","modified_gmt":"2016-01-26T18:58:34","slug":"2016-turku-street-o-1-ohjeet","status":"publish","type":"page","link":"https:\/\/tume.fi\/suunnistajat\/kisat\/2016-turku-street-o\/2016-turku-street-o-1-ohjeet\/","title":{"rendered":"27.1.2016 TURKU STREET-O 1\/2016 OHJEET"},"content":{"rendered":"<p>Kilpailuaika on 1 tunti. L\u00e4hd\u00f6t vapaasti klo 18:00 &#8211; 19:00, maali sulkeutuu klo 20:30. Aika alkaa l\u00e4ht\u00f6leimauksesta ja p\u00e4\u00e4ttyy maalileimaukseen, ajanottoon k\u00e4ytet\u00e4\u00e4n emiti\u00e4. Kartan saa l\u00e4ht\u00f6leimauksen j\u00e4lkeen.<\/p>\n<p>Kartalla on 30 rastia, jotka on pisteytetty seuraavasti: 11 &#8211; 16 = 10 pist, 21 &#8211; 26 = 20 pist, 31 &#8211; 36 = 30 pist, 41 -46 = 40 pist, 51 -56 = 50 pist. Ajanylityksest\u00e4 v\u00e4henee 1 piste\/alkava 3 sekuntia.<\/p>\n<p>Rastit on piirretty normaalein rastiympyr\u00f6in, jonka lis\u00e4ksi <strong>rastin keskell\u00e4 on punainen piste osoittamassa rastin tarkan sijainnin<\/strong>, esim. kummalla puolen katua rastipiste (esim talo) sijaitsee. Alla on mallipala kartasta muutamin rastimerkinn\u00f6in:<\/p>\n<figure style=\"width: 474px\" class=\"wp-caption alignleft\"><a href=\"http:\/\/www.tume.fi\/suunnistajat\/kilpailut\/2016_STREETO1\/malli.jpg\"><img loading=\"lazy\" decoding=\"async\" src=\"http:\/\/www.tume.fi\/suunnistajat\/kilpailut\/2016_STREETO1\/malli.jpg\" alt=\"Mallikartta\" width=\"474\" height=\"329\" \/><\/a><figcaption class=\"wp-caption-text\">KLIKKAA ISOMMAKSI!<\/figcaption><\/figure>\n<p>Kartan taustalla on &#8220;rastim\u00e4\u00e4ritteet&#8221; ja vastausruudukko. Esimerkki: &#8221; 31 Talon numero _____&#8221;, rastiympyr\u00e4n sis\u00e4ll\u00e4 oleva piste osoittaa talon, jonka numeron kilpailija kirjaa &#8220;leimaksi&#8221;. Vastaus voi olla 1-3 numeroa, kirjainta tai molempia yhdess\u00e4.<strong> P\u00e4\u00e4osalla rasteista siis ei ole rastilippua<\/strong>, vaan kilpailijan on oltava varma pisteest\u00e4. Joillakin rasteilla on rastilippu, t\u00e4ll\u00f6in m\u00e4\u00e4rite on &#8220;Rastilipussa oleva kirjain___&#8221;.\u00a0 Alla kilpailun &#8220;rastim\u00e4\u00e4ritteet&#8221; ja vastausruudukko:<\/p>\n<figure style=\"width: 470px\" class=\"wp-caption alignnone\"><a href=\"http:\/\/www.tume.fi\/suunnistajat\/kilpailut\/2016_STREETO1\/ruudukko.jpg\"><img loading=\"lazy\" decoding=\"async\" src=\"http:\/\/www.tume.fi\/suunnistajat\/kilpailut\/2016_STREETO1\/ruudukko.png\" alt=\"Vastausruudukko\" width=\"470\" height=\"331\" \/><\/a><figcaption class=\"wp-caption-text\">KLIKKAA ISOMMAKSI!<\/figcaption><\/figure>\n<p><strong>Tonttimaille meno on ehdottomasti kielletty, vaikka rastin osoittava piste olisi tonttimaan sis\u00e4ll\u00e4, n\u00e4kee vastauksen kadulta. Samoin alueen muutamat luistinradat rauhoitetaan luistelijoille.<\/strong><\/p>\n<p>Kartta on osa\u00a0 &#8220;Rogainingkarttaa&#8221; 1:10 000 k\u00e4yr\u00e4v\u00e4li 5 metri\u00e4, ensik\u00e4ytt\u00f6 Turku Rogaining Nightsprintiss\u00e4 10\/2015. Kartta on tulostettu s\u00e4\u00e4nkest\u00e4v\u00e4lle materiaalille.<\/p>\n<p>Alueen tiest\u00f6 on liikenteelt\u00e4\u00e4n varsin rauhallista, pl Vakka-Suomentie, jonka ylityksiss\u00e4 on noudatettava erityist\u00e4 varovaisuutta.<\/p>\n<p>Muistakaa heijastin, mieluiten liivi. Jalkinesuosituksena nastari ja\u00a0 kirjoittamiseen <strong>VEDENKEST\u00c4V\u00c4 TUSSI<\/strong>.<\/p>\n<p>TERVETULOA!<\/p>\n","protected":false},"excerpt":{"rendered":"<p>Kilpailuaika on 1 tunti. L\u00e4hd\u00f6t vapaasti klo 18:00 &#8211; 19:00, maali sulkeutuu klo 20:30. Aika alkaa l\u00e4ht\u00f6leimauksesta ja p\u00e4\u00e4ttyy maalileimaukseen, ajanottoon k\u00e4ytet\u00e4\u00e4n emiti\u00e4. Kartan saa l\u00e4ht\u00f6leimauksen j\u00e4lkeen. Kartalla on 30 rastia, jotka on pisteytetty seuraavasti: 11 &#8211; 16 = 10 pist, 21 &#8211; 26 = 20 pist, 31 &#8211; 36 = 30 pist, 41 -46 &hellip; <a href=\"https:\/\/tume.fi\/suunnistajat\/kisat\/2016-turku-street-o\/2016-turku-street-o-1-ohjeet\/\" class=\"more-link\">Continue reading <span class=\"screen-reader-text\">27.1.2016 TURKU STREET-O 1\/2016 OHJEET<\/span> <span class=\"meta-nav\">&rarr;<\/span><\/a><\/p>\n","protected":false},"author":6,"featured_media":0,"parent":741,"menu_order":0,"comment_status":"closed","ping_status":"closed","template":"","meta":{"_exactmetrics_skip_tracking":false,"_exactmetrics_sitenote_active":false,"_exactmetrics_sitenote_note":"","_exactmetrics_sitenote_category":0,"footnotes":""},"class_list":["post-829","page","type-page","status-publish","hentry"],"_links":{"self":[{"href":"https:\/\/tume.fi\/suunnistajat\/wp-json\/wp\/v2\/pages\/829","targetHints":{"allow":["GET"]}}],"collection":[{"href":"https:\/\/tume.fi\/suunnistajat\/wp-json\/wp\/v2\/pages"}],"about":[{"href":"https:\/\/tume.fi\/suunnistajat\/wp-json\/wp\/v2\/types\/page"}],"author":[{"embeddable":true,"href":"https:\/\/tume.fi\/suunnistajat\/wp-json\/wp\/v2\/users\/6"}],"replies":[{"embeddable":true,"href":"https:\/\/tume.fi\/suunnistajat\/wp-json\/wp\/v2\/comments?post=829"}],"version-history":[{"count":18,"href":"https:\/\/tume.fi\/suunnistajat\/wp-json\/wp\/v2\/pages\/829\/revisions"}],"predecessor-version":[{"id":853,"href":"https:\/\/tume.fi\/suunnistajat\/wp-json\/wp\/v2\/pages\/829\/revisions\/853"}],"up":[{"embeddable":true,"href":"https:\/\/tume.fi\/suunnistajat\/wp-json\/wp\/v2\/pages\/741"}],"wp:attachment":[{"href":"https:\/\/tume.fi\/suunnistajat\/wp-json\/wp\/v2\/media?parent=829"}],"curies":[{"name":"wp","href":"https:\/\/api.w.org\/{rel}","templated":true}]}}