{"id":866,"date":"2016-02-09T13:48:51","date_gmt":"2016-02-09T11:48:51","guid":{"rendered":"http:\/\/tume.fi\/suunnistajat\/?page_id=866"},"modified":"2016-03-01T16:37:41","modified_gmt":"2016-03-01T14:37:41","slug":"2-3-2016-turku-street-o-22016-ohjeet","status":"publish","type":"page","link":"https:\/\/tume.fi\/suunnistajat\/kisat\/2016-turku-street-o\/2-3-2016-turku-street-o-22016-ohjeet\/","title":{"rendered":"2.3.2016 TURKU STREET-O 3\/2016 OHJEET"},"content":{"rendered":"<p>Kilpailuaika on 1 tunti. L\u00e4hd\u00f6t vapaasti klo 18:00 \u2013 19:30, maali sulkeutuu klo 20:45. Aika alkaa l\u00e4ht\u00f6leimauksesta ja p\u00e4\u00e4ttyy maalileimaukseen, ajanottoon k\u00e4ytet\u00e4\u00e4n emiti\u00e4. Kartan saa l\u00e4ht\u00f6leimauksen j\u00e4lkeen. <strong>Huom!<\/strong> <em>Rata suunniteltu juostavaksi h\u00e4m\u00e4r\u00e4ss\u00e4\/pime\u00e4ss\u00e4, joten vaativuutta kaipaavien on syyt\u00e4 ajoittaa l\u00e4ht\u00f6ns\u00e4 18:30 j\u00e4lkeen.<\/em><\/p>\n<p>Kartalla on 30 rastia, jotka on pisteytetty seuraavasti: 11 &#8211; 16 = 10 pist, 21 \u2013 26 = 20 pist, 31 \u2013 36 = 30 pist, 41 -46 = 40 pist, 51 -56 = 50 pist. Ajanylityksest\u00e4 v\u00e4henee 1 piste\/alkava 3 sekuntia.<\/p>\n<p>Rastit on piirretty normaalein rastiympyr\u00f6in, jonka lis\u00e4ksi <strong>rastin keskell\u00e4 on punainen piste osoittamassa rastin tarkan sijainnin<\/strong>, esim. kummalla puolen katua rastipiste (esim talo) sijaitsee. Rastit, joilla on rastilippu on merkitty ympyr\u00e4ll\u00e4 ilman pistett\u00e4. Alla on mallipala kartasta muutamin rastimerkinn\u00f6in:<\/p>\n<p><img loading=\"lazy\" decoding=\"async\" class=\"alignnone\" src=\"http:\/\/tume.fi\/suunnistajat\/wp-content\/uploads\/2016\/02\/Malli_S3.png\" alt=\"\" width=\"475\" height=\"319\" \/><\/p>\n<p>Kartan taustalla on \u201drastim\u00e4\u00e4ritteet\u201d ja vastausruudukko. Esimerkki: \u201d\u00a024 Talon numero _____\u201d, rastiympyr\u00e4n sis\u00e4ll\u00e4 oleva piste osoittaa talon, jonka numeron kilpailija kirjaa \u201dleimaksi\u201d. Vastaus voi olla 1-3 numeroa, kirjainta tai molempia yhdess\u00e4.<strong> P\u00e4\u00e4osalla rasteista siis ei ole rastilippua<\/strong>, vaan kilpailijan on oltava varma pisteest\u00e4. Joillakin rasteilla on rastilippu, t\u00e4ll\u00f6in m\u00e4\u00e4rite on \u201dRastilipussa oleva kirjain___\u201d.\u00a0 Alla\u00a0malli \u201drastim\u00e4\u00e4ritteet\u201d ja vastausruudukko:<\/p>\n<p><img loading=\"lazy\" decoding=\"async\" class=\"aligncenter\" src=\"http:\/\/www.tume.fi\/suunnistajat\/kilpailut\/2016_STREETO1\/ruudukko.jpg\" alt=\"\" width=\"244\" height=\"348\" \/><\/p>\n<p><em><a href=\"http:\/\/www.tume.fi\/suunnistajat\/kilpailut\/2016_STREETO1\/ruudukko.jpg\">Klikkaa isommaksi!<\/a><\/em><\/p>\n<p><strong>Tonttimaille meno on ehdottomasti kielletty, vaikka rastin osoittava piste olisi tonttimaan sis\u00e4ll\u00e4, n\u00e4kee vastauksen kadulta. Samoin alueen muutamat luistinradat rauhoitetaan luistelijoille.<\/strong><\/p>\n<p>Kartan\u00a0mittakaava on\u00a01:10 000, k\u00e4yr\u00e4v\u00e4li 5 m. Kartta on tulostettu s\u00e4\u00e4nkest\u00e4v\u00e4lle materiaalille.<\/p>\n<p>Liikennett\u00e4 on taas syyt\u00e4 varoa. Varsinkin Markulantie on vilkas ja sen ylitt\u00e4minen ei ole sallittua, vaan k\u00e4ytett\u00e4v\u00e4 alikulkuja. Alikulut merkitty karttaan.<\/p>\n<p>Muistakaa heijastin, mieluiten liivi. Emit (muutama lainaemit l\u00f6ytyy). Jalkinesuosituksena nastari\u00a0ja\u00a0 kirjoittamiseen <strong>VEDENKEST\u00c4V\u00c4 TUSSI<\/strong>\u00a0sek\u00e4 valoa kartanlukuun\u00a0ja miksei juoksemiseenkin.<\/p>\n<p>TERVETULOA!<\/p>\n","protected":false},"excerpt":{"rendered":"<p>Kilpailuaika on 1 tunti. L\u00e4hd\u00f6t vapaasti klo 18:00 \u2013 19:30, maali sulkeutuu klo 20:45. Aika alkaa l\u00e4ht\u00f6leimauksesta ja p\u00e4\u00e4ttyy maalileimaukseen, ajanottoon k\u00e4ytet\u00e4\u00e4n emiti\u00e4. Kartan saa l\u00e4ht\u00f6leimauksen j\u00e4lkeen. Huom! Rata suunniteltu juostavaksi h\u00e4m\u00e4r\u00e4ss\u00e4\/pime\u00e4ss\u00e4, joten vaativuutta kaipaavien on syyt\u00e4 ajoittaa l\u00e4ht\u00f6ns\u00e4 18:30 j\u00e4lkeen. Kartalla on 30 rastia, jotka on pisteytetty seuraavasti: 11 &#8211; 16 = 10 pist, &hellip; <a href=\"https:\/\/tume.fi\/suunnistajat\/kisat\/2016-turku-street-o\/2-3-2016-turku-street-o-22016-ohjeet\/\" class=\"more-link\">Continue reading <span class=\"screen-reader-text\">2.3.2016 TURKU STREET-O 3\/2016 OHJEET<\/span> <span class=\"meta-nav\">&rarr;<\/span><\/a><\/p>\n","protected":false},"author":5,"featured_media":0,"parent":741,"menu_order":0,"comment_status":"closed","ping_status":"closed","template":"","meta":{"_exactmetrics_skip_tracking":false,"_exactmetrics_sitenote_active":false,"_exactmetrics_sitenote_note":"","_exactmetrics_sitenote_category":0,"footnotes":""},"class_list":["post-866","page","type-page","status-publish","hentry"],"_links":{"self":[{"href":"https:\/\/tume.fi\/suunnistajat\/wp-json\/wp\/v2\/pages\/866","targetHints":{"allow":["GET"]}}],"collection":[{"href":"https:\/\/tume.fi\/suunnistajat\/wp-json\/wp\/v2\/pages"}],"about":[{"href":"https:\/\/tume.fi\/suunnistajat\/wp-json\/wp\/v2\/types\/page"}],"author":[{"embeddable":true,"href":"https:\/\/tume.fi\/suunnistajat\/wp-json\/wp\/v2\/users\/5"}],"replies":[{"embeddable":true,"href":"https:\/\/tume.fi\/suunnistajat\/wp-json\/wp\/v2\/comments?post=866"}],"version-history":[{"count":11,"href":"https:\/\/tume.fi\/suunnistajat\/wp-json\/wp\/v2\/pages\/866\/revisions"}],"predecessor-version":[{"id":895,"href":"https:\/\/tume.fi\/suunnistajat\/wp-json\/wp\/v2\/pages\/866\/revisions\/895"}],"up":[{"embeddable":true,"href":"https:\/\/tume.fi\/suunnistajat\/wp-json\/wp\/v2\/pages\/741"}],"wp:attachment":[{"href":"https:\/\/tume.fi\/suunnistajat\/wp-json\/wp\/v2\/media?parent=866"}],"curies":[{"name":"wp","href":"https:\/\/api.w.org\/{rel}","templated":true}]}}