{"id":983,"date":"2016-03-27T18:00:46","date_gmt":"2016-03-27T16:00:46","guid":{"rendered":"http:\/\/tume.fi\/suunnistajat\/?page_id=983"},"modified":"2025-01-15T12:27:58","modified_gmt":"2025-01-15T10:27:58","slug":"kontakt","status":"publish","type":"page","link":"https:\/\/tume.fi\/suunnistajat\/pa-svenska\/kontakt\/","title":{"rendered":"Kontakt"},"content":{"rendered":"<p><!--\n\n\n<h4>Verksamhetsledare<\/h4>\n\n\n<strong><\/strong>\n\n--><\/p>\n<h4>Ordf\u00f6rande<\/h4>\n<div>\n<p><b>Mikko Knuuti<\/b><\/p>\n<p>mikko.knuuti(at)tume.fi<\/p>\n<p>+358 40 7782566<\/p>\n<\/div>\n<h4>Generalsekreterare f\u00f6r t\u00e4vlingar<\/h4>\n<div>\n<p><strong>Rauli Helkkula<\/strong><\/p>\n<p>Lautamiehenkatu 1 C 19, 21200 Raisio<\/p>\n<p>rauli.helkkula(at)tume.fi<\/p>\n<p>+358 40 5406438<\/p>\n<\/div>\n<h4>Manager av representativ grupp<\/h4>\n<div>\n<p><strong>Juha Suntila<\/strong><\/p>\n<p>juha.suntila(at)tume.fi<\/p>\n<p>+358 40 8357383<\/p>\n<h4>Coach<\/h4>\n<p>juha.taini(at)gmail.com<\/p>\n<\/div>\n<h4>Kartafr\u00e5gor<\/h4>\n<div>\n<p><strong>Juha Hiirsalmi<\/strong><\/p>\n<p>juha.hiirsalmi(at)tume.fi<\/p>\n<p>+358 40 5029906<\/p>\n<\/div>\n<h4>Web master<\/h4>\n<div>\n<p><strong>Petri Nurminen<\/strong><\/p>\n<p>petri.nurminen(at)tume.fi<\/p>\n<\/div>\n","protected":false},"excerpt":{"rendered":"<p>Ordf\u00f6rande Mikko Knuuti mikko.knuuti(at)tume.fi +358 40 7782566 Generalsekreterare f\u00f6r t\u00e4vlingar Rauli Helkkula Lautamiehenkatu 1 C 19, 21200 Raisio rauli.helkkula(at)tume.fi +358 40 5406438 Manager av representativ grupp Juha Suntila juha.suntila(at)tume.fi +358 40 8357383 Coach juha.taini(at)gmail.com Kartafr\u00e5gor Juha Hiirsalmi juha.hiirsalmi(at)tume.fi +358 40 5029906 Web master Petri Nurminen petri.nurminen(at)tume.fi<\/p>\n","protected":false},"author":2,"featured_media":0,"parent":1013,"menu_order":0,"comment_status":"closed","ping_status":"closed","template":"","meta":{"_exactmetrics_skip_tracking":false,"_exactmetrics_sitenote_active":false,"_exactmetrics_sitenote_note":"","_exactmetrics_sitenote_category":0,"footnotes":""},"class_list":["post-983","page","type-page","status-publish","hentry"],"_links":{"self":[{"href":"https:\/\/tume.fi\/suunnistajat\/wp-json\/wp\/v2\/pages\/983","targetHints":{"allow":["GET"]}}],"collection":[{"href":"https:\/\/tume.fi\/suunnistajat\/wp-json\/wp\/v2\/pages"}],"about":[{"href":"https:\/\/tume.fi\/suunnistajat\/wp-json\/wp\/v2\/types\/page"}],"author":[{"embeddable":true,"href":"https:\/\/tume.fi\/suunnistajat\/wp-json\/wp\/v2\/users\/2"}],"replies":[{"embeddable":true,"href":"https:\/\/tume.fi\/suunnistajat\/wp-json\/wp\/v2\/comments?post=983"}],"version-history":[{"count":17,"href":"https:\/\/tume.fi\/suunnistajat\/wp-json\/wp\/v2\/pages\/983\/revisions"}],"predecessor-version":[{"id":2725,"href":"https:\/\/tume.fi\/suunnistajat\/wp-json\/wp\/v2\/pages\/983\/revisions\/2725"}],"up":[{"embeddable":true,"href":"https:\/\/tume.fi\/suunnistajat\/wp-json\/wp\/v2\/pages\/1013"}],"wp:attachment":[{"href":"https:\/\/tume.fi\/suunnistajat\/wp-json\/wp\/v2\/media?parent=983"}],"curies":[{"name":"wp","href":"https:\/\/api.w.org\/{rel}","templated":true}]}}